{"id":8724,"date":"2011-04-01T23:02:28","date_gmt":"2011-04-02T03:02:28","guid":{"rendered":"https:\/\/referencement-pme.ca\/wordpress-seo\/"},"modified":"2025-08-05T16:49:01","modified_gmt":"2025-08-05T20:49:01","slug":"wordpress-seo","status":"publish","type":"page","link":"https:\/\/referencement-pme.ca\/en\/wordpress-seo\/","title":{"rendered":"WordPress SEO"},"content":{"rendered":"<blockquote class=\"alignleft\"><p>WordPress is the easiest web platform to manage and reference. This gives the SME business manager the ability to control his content and referencing. <\/p><\/blockquote>\n<p style=\"text-align: justify;\">Technology is constantly evolving, the birth of web 2 &#8211; which gives the Internet user the ability to interact on the site visited &#8211; has given a serious outburst to many &#8220;Frame&#8221; sites or to the first CMS whose coding was heavy and complex. <strong>In <\/strong>2011, WordPress is the most popular CMS (<strong>Content Management System<\/strong>) in the world: 10% of the world&#8217;s websites! It&#8217;s no coincidence, first and foremost a blogging platform, WordPress now meets the highest requirements in terms of functionality. Favored by its &#8220;<strong>Open Source<\/strong>&#8221; status whose community of enthusiasts is ever more inventive and generous, WorPress is now presented as the web within everyone&#8217;s reach. Well-coded templates are legion, <em>pluggins <\/em>(complementary programs with precise functions) are always more ingenious, while <strong>referencing <\/strong>is taken care of from the administrator interface. Finally<a title=\"WordPress recommended by Matt Cutts\" href=\"https:\/\/referencement-pme.ca\/en\/wordpress-seo\/wordpress-recommended-by-matt-cutts\/\"> WordPress is recommended by Matt Cutts<\/a> , former Google spokesperson for SEO, Matt uses it in preference to Blogger which belongs to Google&#8230;.    <\/p>\n<h2 style=\"text-align: justify;\">Creating your website with WordPress<\/h2>\n<p style=\"text-align: justify;\">As you become aware of your website&#8217;s SEO problems, you should consider the evolution of your website&#8217;s technology towards WordPress CMSs<\/p>\n<p style=\"text-align: justify;\">The CMS &#8211; Content Management System &#8211; The Content Management System will revolutionize the relationship that you and your visitors have with your website.<\/p>\n<ul class=\"list-4\">\n<li>Interaction on the one hand,<\/li>\n<li>Editing and adding content by yourself and<\/li>\n<li>SEO features.<\/li>\n<li>100% compatible smartphones<\/li>\n<li>Easy to link with a <a href=\"https:\/\/referencement-pme.ca\/en\/mobile-application-creation-design-development-montreal\/\">mobile app<\/a><\/li>\n<\/ul>\n<h2>Referencing a WordPress site<\/h2>\n<p style=\"text-align: justify;\">The site&#8217;s referencing goes through the few <em>pluggins<\/em> that the administrator chooses to install. The interface will then be presented as a series of fields\/boxes to be filled in, each managing a parameter\/criterion and the HTML code that goes with it. No more webmasters, no more geeks with big glasses, the owner of an SME SMI is in control of his site and its referencing.  <\/p>\n<div class=\"twf_jefais icon\">  I advise WP in the context of the <strong>creation of a new site<\/strong> and recommend the<strong> switch to WorPress<\/strong> in the presence of old websites with outdated technology and whose coding limits the referencing capabilities, my mandates cover the following points:  <\/div>\n<p><a href=\"http:\/\/referencement-pme.ca\/wp-content\/uploads\/2011\/04\/wordpress-seo.jpg\"><img loading=\"lazy\" decoding=\"async\" class=\"alignright size-medium wp-image-355\" title=\"wordpress-seo\" src=\"https:\/\/referencement-pme.ca\/wp-content\/uploads\/2011\/04\/wordpress-seo-300x162.jpg\" alt=\"WordPress Easy to reference\" width=\"192\" height=\"104\" srcset=\"https:\/\/referencement-pme.ca\/wp-content\/uploads\/2011\/04\/wordpress-seo-300x162.jpg 300w, https:\/\/referencement-pme.ca\/wp-content\/uploads\/2011\/04\/wordpress-seo.jpg 435w\" sizes=\"auto, (max-width: 192px) 100vw, 192px\" \/><\/a><\/p>\n<ul class=\"list-1\">\n<li>Switch to WordPress CMS.<\/li>\n<li>Installation and configuration<\/li>\n<li>Respect for the graphic charter and design of the original site.<\/li>\n<li>URL redirection &#8211; PR transmission guarantee.<\/li>\n<li>Upgrading SEO criteria<\/li>\n<li>Feature installation via <em>pluggins <\/em> <\/li>\n<li>Installing Custom Functions<\/li>\n<li>Huge community to solve any problems<\/li>\n<\/ul>\n<p>The advantages (+) of the wordpress site:<\/p>\n<ul class=\"list-7\">\n<li>Modification of the CSS to stick to the most absolute requirements.<\/li>\n<li>Source code changes and technical programming.<\/li>\n<li>Plugin Configurations<\/li>\n<li>Advanced Feature Specific Programming<\/li>\n<\/ul>\n<div class=\"twf_jefaispas icon\">What I don&#8217;t propose, refuse to do, and which is in no way my work ethic  <\/div>\n<ul class=\"list-3\">\n<li>Take advantage of the ease of installation of WP sites to build a swarm of satellite sites!<\/li>\n<\/ul>\n<h2>SEO plugins in WP<\/h2>\n<p>For sites that don&#8217;t use <a title=\"That's why I work with the Genesis framework for WP\" href=\"https:\/\/referencement-pme.ca\/en\/thats-why-i-work-with-the-genesis-framework-for-wp\/\">Genesis<\/a>, &#8220;All in on SEO&#8221; is a must (but Yoast is the most popular), the functions handled by the best SEO <em>plugins <\/em>include:  <\/p>\n<ul class=\"list-1\">\n<li>The meta title tag<\/li>\n<li>404 Error Handling<\/li>\n<li>Handling the &#8220;canonical&#8221; URL definition<\/li>\n<li>URL redirection<\/li>\n<li>Automated internal mesh management<\/li>\n<li>Accessing the Robots txt file in the interface<\/li>\n<li>Update the <a href=\"https:\/\/referencement-pme.ca\/sitemap.xml\">sitemap <\/a>and auto ping to search engines.<\/li>\n<li>Keyword Competitor Assessment Module (Basic)<\/li>\n<li>Meta Keyword Tag<\/li>\n<li>Meta description tag<\/li>\n<li>The transition of the blog to dofollow<\/li>\n<li>&#8220;Non autoping&#8221;<\/li>\n<\/ul>\n<p>I can go on and on with the most technical&#8230;<\/p>\n<h2>Partnership with SEW \/ WordPress website<\/h2>\n<p style=\"text-align: justify;\">R\u00e9f\u00e9rencement PME, <a href=\"https:\/\/referencement-pme.ca\/#agence-seo\">SEO web agency<\/a> in Montreal enriches its services by providing in-depth expertise in the <a href=\"https:\/\/referencement-pme.ca\/en\/setting-up-wordpress-for-seo\/\">configuration of WordPress templates<\/a>. Its coding expertise meets the demands of the most demanding. CSS retouching (files that manage the design of the basic template), computer coding of specific functions that will give your site unique features, reinforced anti-hacking security, display speed&#8230;  <\/p>\n<h2 style=\"text-align: justify;\">Partnership with Trigramme<\/h2>\n<p>Here again, for the sake of efficiency and speed of <a title=\"Google-and-WordPress-SEO\" href=\"https:\/\/referencement-pme.ca\/en\/google-and-wordpress-seo\/\">referencing<\/a> execution, Google and I work together on major files where our skills are complementary. Dual expertise, strategy confrontation and increased efficiency. Two SEOs with indisputable results &#8211; see our <em>sidebars.<\/em>  <\/p>\n<div class=\"twf_info icon\">Are you thinking of launching a new website for your SME? Do you want to know if the transition to WordPress of your site would be beneficial to your SEO? Call me <strong>438 875 0503<\/strong> or write a request for a quote using the <a href=\"https:\/\/referencement-pme.ca\/en\/contact-sme-seo-montreal-quebec\/\">contact form<\/a>  <\/div>\n<p>Kristof, member of <a title=\"Doyouseo, the association of Quebec SEOs\" href=\"https:\/\/referencement-pme.ca\/en\/doyouseo-the-association-of-quebec-seos\/\">the Quebec SEO Association, Doyouseo <\/a> <\/p>\n","protected":false},"excerpt":{"rendered":"<p>WordPress is the easiest web platform to manage and reference. This gives the SME business manager the ability to control his content and referencing. Technology is constantly evolving, the birth of web 2 &#8211; which gives the Internet user the ability to interact on the site visited &#8211; has given a serious outburst to many &#8230;<\/p>\n","protected":false},"author":2,"featured_media":0,"parent":0,"menu_order":0,"comment_status":"closed","ping_status":"open","template":"","meta":{"_lmt_disableupdate":"","_lmt_disable":"","_genesis_hide_title":false,"_genesis_hide_breadcrumbs":false,"_genesis_hide_singular_image":false,"_genesis_hide_footer_widgets":false,"_genesis_custom_body_class":"","_genesis_custom_post_class":"","_genesis_layout":"","footnotes":""},"class_list":{"0":"post-8724","1":"page","2":"type-page","3":"status-publish","5":"entry","6":"has-post-thumbnail"},"yoast_head":"<!-- This site is optimized with the Yoast SEO plugin v27.5 - https:\/\/yoast.com\/product\/yoast-seo-wordpress\/ -->\n<title>WordPress SEO - SEO SEO agency, Web copywriting, backlinking<\/title>\n<meta name=\"description\" content=\"Technology is constantly evolving, the birth of web 2 - which gives the Internet user the ability to interact on the site visited - has given a serious\" \/>\n<meta name=\"robots\" content=\"index, follow, max-snippet:-1, max-image-preview:large, max-video-preview:-1\" \/>\n<link rel=\"canonical\" href=\"https:\/\/referencement-pme.ca\/en\/wordpress-seo\/\" \/>\n<meta property=\"og:locale\" content=\"en_US\" \/>\n<meta property=\"og:type\" content=\"article\" \/>\n<meta property=\"og:title\" content=\"WordPress SEO - SEO SEO agency, Web copywriting, backlinking\" \/>\n<meta property=\"og:description\" content=\"Technology is constantly evolving, the birth of web 2 - which gives the Internet user the ability to interact on the site visited - has given a serious\" \/>\n<meta property=\"og:url\" content=\"https:\/\/referencement-pme.ca\/en\/wordpress-seo\/\" \/>\n<meta property=\"og:site_name\" content=\"SEO SEO agency, Web copywriting, backlinking\" \/>\n<meta property=\"article:modified_time\" content=\"2025-08-05T20:49:01+00:00\" \/>\n<meta property=\"og:image\" content=\"http:\/\/referencement-pme.ca\/wp-content\/uploads\/2011\/04\/wordpress-seo-300x162.jpg\" \/>\n<meta name=\"twitter:card\" content=\"summary_large_image\" \/>\n<meta name=\"twitter:label1\" content=\"Est. reading time\" \/>\n\t<meta name=\"twitter:data1\" content=\"4 minutes\" \/>\n<script type=\"application\/ld+json\" class=\"yoast-schema-graph\">{\"@context\":\"https:\\\/\\\/schema.org\",\"@graph\":[{\"@type\":\"WebPage\",\"@id\":\"https:\\\/\\\/referencement-pme.ca\\\/en\\\/wordpress-seo\\\/\",\"url\":\"https:\\\/\\\/referencement-pme.ca\\\/en\\\/wordpress-seo\\\/\",\"name\":\"WordPress SEO - SEO SEO agency, Web copywriting, backlinking\",\"isPartOf\":{\"@id\":\"https:\\\/\\\/referencement-pme.ca\\\/en\\\/#website\"},\"primaryImageOfPage\":{\"@id\":\"https:\\\/\\\/referencement-pme.ca\\\/en\\\/wordpress-seo\\\/#primaryimage\"},\"image\":{\"@id\":\"https:\\\/\\\/referencement-pme.ca\\\/en\\\/wordpress-seo\\\/#primaryimage\"},\"thumbnailUrl\":\"http:\\\/\\\/referencement-pme.ca\\\/wp-content\\\/uploads\\\/2011\\\/04\\\/wordpress-seo-300x162.jpg\",\"datePublished\":\"2011-04-02T03:02:28+00:00\",\"dateModified\":\"2025-08-05T20:49:01+00:00\",\"description\":\"Technology is constantly evolving, the birth of web 2 - which gives the Internet user the ability to interact on the site visited - has given a serious\",\"breadcrumb\":{\"@id\":\"https:\\\/\\\/referencement-pme.ca\\\/en\\\/wordpress-seo\\\/#breadcrumb\"},\"inLanguage\":\"en-US\",\"potentialAction\":[{\"@type\":\"ReadAction\",\"target\":[\"https:\\\/\\\/referencement-pme.ca\\\/en\\\/wordpress-seo\\\/\"]}]},{\"@type\":\"ImageObject\",\"inLanguage\":\"en-US\",\"@id\":\"https:\\\/\\\/referencement-pme.ca\\\/en\\\/wordpress-seo\\\/#primaryimage\",\"url\":\"http:\\\/\\\/referencement-pme.ca\\\/wp-content\\\/uploads\\\/2011\\\/04\\\/wordpress-seo-300x162.jpg\",\"contentUrl\":\"http:\\\/\\\/referencement-pme.ca\\\/wp-content\\\/uploads\\\/2011\\\/04\\\/wordpress-seo-300x162.jpg\"},{\"@type\":\"BreadcrumbList\",\"@id\":\"https:\\\/\\\/referencement-pme.ca\\\/en\\\/wordpress-seo\\\/#breadcrumb\",\"itemListElement\":[{\"@type\":\"ListItem\",\"position\":1,\"name\":\"Reception\",\"item\":\"https:\\\/\\\/referencement-pme.ca\\\/en\\\/\"},{\"@type\":\"ListItem\",\"position\":2,\"name\":\"WordPress SEO\"}]},{\"@type\":\"WebSite\",\"@id\":\"https:\\\/\\\/referencement-pme.ca\\\/en\\\/#website\",\"url\":\"https:\\\/\\\/referencement-pme.ca\\\/en\\\/\",\"name\":\"Agence de r\u00e9f\u00e9rencement Web SEO naturel, R\u00e9daction web, backlinking\",\"description\":\"SEO and Web Writing, your readability is your visibility\",\"publisher\":{\"@id\":\"https:\\\/\\\/referencement-pme.ca\\\/en\\\/#organization\"},\"alternateName\":\"Agence de r\u00e9f\u00e9rencement Web SEO naturel, R\u00e9daction web, backlinking\",\"potentialAction\":[{\"@type\":\"SearchAction\",\"target\":{\"@type\":\"EntryPoint\",\"urlTemplate\":\"https:\\\/\\\/referencement-pme.ca\\\/en\\\/?s={search_term_string}\"},\"query-input\":{\"@type\":\"PropertyValueSpecification\",\"valueRequired\":true,\"valueName\":\"search_term_string\"}}],\"inLanguage\":\"en-US\"},{\"@type\":\"Organization\",\"@id\":\"https:\\\/\\\/referencement-pme.ca\\\/en\\\/#organization\",\"name\":\"SEO SEO agency, Web copywriting, backlinking\",\"alternateName\":\"SEO SEO agency, Web copywriting, backlinking\",\"url\":\"https:\\\/\\\/referencement-pme.ca\\\/en\\\/\",\"logo\":{\"@type\":\"ImageObject\",\"inLanguage\":\"en-US\",\"@id\":\"https:\\\/\\\/referencement-pme.ca\\\/en\\\/#\\\/schema\\\/logo\\\/image\\\/\",\"url\":\"https:\\\/\\\/referencement-pme.ca\\\/wp-content\\\/uploads\\\/2015\\\/08\\\/logo-pme-ref.jpg\",\"contentUrl\":\"https:\\\/\\\/referencement-pme.ca\\\/wp-content\\\/uploads\\\/2015\\\/08\\\/logo-pme-ref.jpg\",\"width\":250,\"height\":75,\"caption\":\"SEO SEO agency, Web copywriting, backlinking\"},\"image\":{\"@id\":\"https:\\\/\\\/referencement-pme.ca\\\/en\\\/#\\\/schema\\\/logo\\\/image\\\/\"}}]}<\/script>\n<!-- \/ Yoast SEO plugin. -->","yoast_head_json":{"title":"WordPress SEO - SEO SEO agency, Web copywriting, backlinking","description":"Technology is constantly evolving, the birth of web 2 - which gives the Internet user the ability to interact on the site visited - has given a serious","robots":{"index":"index","follow":"follow","max-snippet":"max-snippet:-1","max-image-preview":"max-image-preview:large","max-video-preview":"max-video-preview:-1"},"canonical":"https:\/\/referencement-pme.ca\/en\/wordpress-seo\/","og_locale":"en_US","og_type":"article","og_title":"WordPress SEO - SEO SEO agency, Web copywriting, backlinking","og_description":"Technology is constantly evolving, the birth of web 2 - which gives the Internet user the ability to interact on the site visited - has given a serious","og_url":"https:\/\/referencement-pme.ca\/en\/wordpress-seo\/","og_site_name":"SEO SEO agency, Web copywriting, backlinking","article_modified_time":"2025-08-05T20:49:01+00:00","og_image":[{"url":"http:\/\/referencement-pme.ca\/wp-content\/uploads\/2011\/04\/wordpress-seo-300x162.jpg","type":"","width":"","height":""}],"twitter_card":"summary_large_image","twitter_misc":{"Est. reading time":"4 minutes"},"schema":{"@context":"https:\/\/schema.org","@graph":[{"@type":"WebPage","@id":"https:\/\/referencement-pme.ca\/en\/wordpress-seo\/","url":"https:\/\/referencement-pme.ca\/en\/wordpress-seo\/","name":"WordPress SEO - SEO SEO agency, Web copywriting, backlinking","isPartOf":{"@id":"https:\/\/referencement-pme.ca\/en\/#website"},"primaryImageOfPage":{"@id":"https:\/\/referencement-pme.ca\/en\/wordpress-seo\/#primaryimage"},"image":{"@id":"https:\/\/referencement-pme.ca\/en\/wordpress-seo\/#primaryimage"},"thumbnailUrl":"http:\/\/referencement-pme.ca\/wp-content\/uploads\/2011\/04\/wordpress-seo-300x162.jpg","datePublished":"2011-04-02T03:02:28+00:00","dateModified":"2025-08-05T20:49:01+00:00","description":"Technology is constantly evolving, the birth of web 2 - which gives the Internet user the ability to interact on the site visited - has given a serious","breadcrumb":{"@id":"https:\/\/referencement-pme.ca\/en\/wordpress-seo\/#breadcrumb"},"inLanguage":"en-US","potentialAction":[{"@type":"ReadAction","target":["https:\/\/referencement-pme.ca\/en\/wordpress-seo\/"]}]},{"@type":"ImageObject","inLanguage":"en-US","@id":"https:\/\/referencement-pme.ca\/en\/wordpress-seo\/#primaryimage","url":"http:\/\/referencement-pme.ca\/wp-content\/uploads\/2011\/04\/wordpress-seo-300x162.jpg","contentUrl":"http:\/\/referencement-pme.ca\/wp-content\/uploads\/2011\/04\/wordpress-seo-300x162.jpg"},{"@type":"BreadcrumbList","@id":"https:\/\/referencement-pme.ca\/en\/wordpress-seo\/#breadcrumb","itemListElement":[{"@type":"ListItem","position":1,"name":"Reception","item":"https:\/\/referencement-pme.ca\/en\/"},{"@type":"ListItem","position":2,"name":"WordPress SEO"}]},{"@type":"WebSite","@id":"https:\/\/referencement-pme.ca\/en\/#website","url":"https:\/\/referencement-pme.ca\/en\/","name":"Agence de r\u00e9f\u00e9rencement Web SEO naturel, R\u00e9daction web, backlinking","description":"SEO and Web Writing, your readability is your visibility","publisher":{"@id":"https:\/\/referencement-pme.ca\/en\/#organization"},"alternateName":"Agence de r\u00e9f\u00e9rencement Web SEO naturel, R\u00e9daction web, backlinking","potentialAction":[{"@type":"SearchAction","target":{"@type":"EntryPoint","urlTemplate":"https:\/\/referencement-pme.ca\/en\/?s={search_term_string}"},"query-input":{"@type":"PropertyValueSpecification","valueRequired":true,"valueName":"search_term_string"}}],"inLanguage":"en-US"},{"@type":"Organization","@id":"https:\/\/referencement-pme.ca\/en\/#organization","name":"SEO SEO agency, Web copywriting, backlinking","alternateName":"SEO SEO agency, Web copywriting, backlinking","url":"https:\/\/referencement-pme.ca\/en\/","logo":{"@type":"ImageObject","inLanguage":"en-US","@id":"https:\/\/referencement-pme.ca\/en\/#\/schema\/logo\/image\/","url":"https:\/\/referencement-pme.ca\/wp-content\/uploads\/2015\/08\/logo-pme-ref.jpg","contentUrl":"https:\/\/referencement-pme.ca\/wp-content\/uploads\/2015\/08\/logo-pme-ref.jpg","width":250,"height":75,"caption":"SEO SEO agency, Web copywriting, backlinking"},"image":{"@id":"https:\/\/referencement-pme.ca\/en\/#\/schema\/logo\/image\/"}}]}},"_links":{"self":[{"href":"https:\/\/referencement-pme.ca\/en\/wp-json\/wp\/v2\/pages\/8724","targetHints":{"allow":["GET"]}}],"collection":[{"href":"https:\/\/referencement-pme.ca\/en\/wp-json\/wp\/v2\/pages"}],"about":[{"href":"https:\/\/referencement-pme.ca\/en\/wp-json\/wp\/v2\/types\/page"}],"author":[{"embeddable":true,"href":"https:\/\/referencement-pme.ca\/en\/wp-json\/wp\/v2\/users\/2"}],"replies":[{"embeddable":true,"href":"https:\/\/referencement-pme.ca\/en\/wp-json\/wp\/v2\/comments?post=8724"}],"version-history":[{"count":0,"href":"https:\/\/referencement-pme.ca\/en\/wp-json\/wp\/v2\/pages\/8724\/revisions"}],"wp:attachment":[{"href":"https:\/\/referencement-pme.ca\/en\/wp-json\/wp\/v2\/media?parent=8724"}],"curies":[{"name":"wp","href":"https:\/\/api.w.org\/{rel}","templated":true}]}}