{"id":8722,"date":"2011-06-23T06:56:49","date_gmt":"2011-06-23T10:56:49","guid":{"rendered":"https:\/\/referencement-pme.ca\/wordpress-recommended-by-matt-cutts\/"},"modified":"2025-08-05T16:49:01","modified_gmt":"2025-08-05T20:49:01","slug":"wordpress-recommended-by-matt-cutts","status":"publish","type":"page","link":"https:\/\/referencement-pme.ca\/en\/wordpress-seo\/wordpress-recommended-by-matt-cutts\/","title":{"rendered":"WordPress recommended by Matt Cutts"},"content":{"rendered":"<p>Charisma, humor, <strong>Matt Cutts<\/strong> &#8216; appearances are always tasty moments. It is true that its presentation has changed little in the last 4 years. It is also true that at each of his conferences he would prefer to address SEO beginners rather than the crowd of specialists eager for new information that usually flock to them.  <\/p>\n<p>Finally, although he is recognized for a crazy talent in mastering the artistic vagueness on the communication of certain information, certain points, he retains a strong power of attraction, not to say seduction.<\/p>\n<p>He is participating here in the 2009 San Francisco conference-forum (free translation of <strong>WordCamp<\/strong>) by providing strong support to the <strong>WordPress<\/strong> platform. This 46mn video is of course in English, I summarize the essentials&#8230; <\/p>\n<p><iframe loading=\"lazy\" title=\"Matt Cutts from Google on WordPress &amp; SEO\" width=\"500\" height=\"281\" src=\"https:\/\/www.youtube.com\/embed\/3P-m2cBCJSk?feature=oembed\" frameborder=\"0\" allow=\"accelerometer; autoplay; clipboard-write; encrypted-media; gyroscope; picture-in-picture; web-share\" referrerpolicy=\"strict-origin-when-cross-origin\" allowfullscreen><\/iframe><\/p>\n<h2>WordPress: SEO-ready and ideal<\/h2>\n<ul>\n<li>It&#8217;s a great choice because all <a title=\"SEO Montreal\" href=\"https:\/\/referencement-pme.ca\/en\/seo-and-seo-training-montreal\/\">SEO <\/a>tasks are simplified, &#8220;its&#8221; mechanics save a lot of time.<\/li>\n<\/ul>\n<h3>Plug-ins ready to be activated with one click,<\/h3>\n<ul>In particular, it recommends:<\/p>\n<li><em>Akismet<\/em> (anti-spam)<\/li>\n<li><em>Coockies for comments<\/em> ( antispam)<\/li>\n<li><em>Enforce preference<\/em> (automatic redirection)<\/li>\n<li><em>Feedburner<\/em> (Flux compatibility)<\/li>\n<li><em>Wp Super cache<\/em> (acceleration loading time)<\/li>\n<\/ul>\n<h3>Three internal functions for less hassle:<\/h3>\n<ul>\n<li>Automatic platform updates<\/li>\n<li>The primary directory is protected<\/li>\n<li>Canonical identification is systematic<\/li>\n<\/ul>\n<p><strong>Advice on use and ergonomics<\/strong><\/p>\n<ul>\n<li>Rewrite your URLs so that they are readable, include a keyword and preferably use hyphens as separators.<\/li>\n<li>Use the right keywords in your categories<\/li>\n<li>Take advantage of the &#8220;article on the same theme&#8221; section, if a user has read your article, he will have an immediate incentive to read another of your posts.<\/li>\n<\/ul>\n<p><strong>WordPress-specific security tip<\/strong><\/p>\n<ul>\n<li>Limit access to your \/wp-admin to your IPs using the .htaccess<\/li>\n<li>Install Bullet Proof<\/li>\n<li>Change your pass often, don&#8217;t keep &#8220;admin&#8221;<\/li>\n<li>Install a Locker<\/li>\n<\/ul>\n<p><strong>Use Google webmaster tool and Google Analytics<\/strong><\/p>\n<ul>\n<li>To check and fix your dead links<\/li>\n<li>Select the domain to be retained (www. or without W)<\/li>\n<li>Analyze your load times and optimize them<\/li>\n<li>Know that they are your most read pages and possibly update them if they convey outdated information&#8230; (content update).<\/li>\n<li>Analyze the bounce rate and remedy it with content that is relevant to the visitor&#8217;s search\/page keyword.<\/li>\n<\/ul>\n<p><strong>Other general tips:<\/strong><\/p>\n<ul>\n<li>Don&#8217;t be obsessive <em><a title=\"Web visibility and inbound links\" href=\"https:\/\/referencement-pme.ca\/en\/backlinks-and-inbound-links\/\">Backlink <\/a><\/em><\/li>\n<li>The quality of your content will bring you the relevance that will bring you the links you dream of.<\/li>\n<li>Write regularly<\/li>\n<li>Make videos, Internet users love it<\/li>\n<li>Make bulleted lists, it&#8217;s easier to read and it airs out the text<\/li>\n<\/ul>\n<h3>A section is also dedicated to Page Rank<\/h3>\n<p>The calculation of Page Rank is reduced to a simple and mathematical graph<\/p>\n<p>Finally, Matt advises against falling into these colorful advertising offers that tell you that you will earn $100000 per month by using Google&#8217;s services&#8230; But I hope you already knew&#8230;<\/p>\n<h3>To conclude in two words:<\/h3>\n<p>There&#8217;s nothing revolutionary in it, basics and common sense, but it&#8217;s already not so bad!<br \/>\nWe will also regret the fact that the framing of the video does not allow us to enjoy all the situations&#8230; But huh, we just had to be there&#8230; <a href=\"http:\/\/referencement-pme.ca\/wp-content\/uploads\/2011\/06\/Wordpress-%C3%A9lu-meilleurs-CMS.png\"><img loading=\"lazy\" decoding=\"async\" class=\"aligncenter size-full wp-image-921\" title=\"Wordpress voted best CMS\" src=\"https:\/\/referencement-pme.ca\/wp-content\/uploads\/2011\/06\/Wordpress-%C3%A9lu-meilleurs-CMS.png\" alt=\"Wordpress best CMS\" width=\"300\" height=\"244\"\/><\/a><\/p>\n","protected":false},"excerpt":{"rendered":"<p>Charisma, humor, Matt Cutts &#8216; appearances are always tasty moments. It is true that its presentation has changed little in the last 4 years. It is also true that at each of his conferences he would prefer to address SEO beginners rather than the crowd of specialists eager for new information that usually flock to &#8230;<\/p>\n","protected":false},"author":2,"featured_media":0,"parent":8724,"menu_order":0,"comment_status":"closed","ping_status":"open","template":"","meta":{"_lmt_disableupdate":"","_lmt_disable":"","_genesis_hide_title":false,"_genesis_hide_breadcrumbs":false,"_genesis_hide_singular_image":false,"_genesis_hide_footer_widgets":false,"_genesis_custom_body_class":"","_genesis_custom_post_class":"","_genesis_layout":"","footnotes":""},"class_list":{"0":"post-8722","1":"page","2":"type-page","3":"status-publish","5":"entry","6":"has-post-thumbnail"},"yoast_head":"<!-- This site is optimized with the Yoast SEO plugin v27.5 - https:\/\/yoast.com\/product\/yoast-seo-wordpress\/ -->\n<title>Wordpress recommended by Matt Cutts - SEO SEO agency, Web copywriting, backlinking<\/title>\n<meta name=\"description\" content=\"Charisma, humor, Matt Cutts &#039; appearances are always tasty moments. It is true that its presentation has changed little in the last 4 years. It is also\" \/>\n<meta name=\"robots\" content=\"index, follow, max-snippet:-1, max-image-preview:large, max-video-preview:-1\" \/>\n<link rel=\"canonical\" href=\"https:\/\/referencement-pme.ca\/en\/wordpress-seo\/wordpress-recommended-by-matt-cutts\/\" \/>\n<meta property=\"og:locale\" content=\"en_US\" \/>\n<meta property=\"og:type\" content=\"article\" \/>\n<meta property=\"og:title\" content=\"Wordpress recommended by Matt Cutts - SEO SEO agency, Web copywriting, backlinking\" \/>\n<meta property=\"og:description\" content=\"Charisma, humor, Matt Cutts &#039; appearances are always tasty moments. It is true that its presentation has changed little in the last 4 years. It is also\" \/>\n<meta property=\"og:url\" content=\"https:\/\/referencement-pme.ca\/en\/wordpress-seo\/wordpress-recommended-by-matt-cutts\/\" \/>\n<meta property=\"og:site_name\" content=\"SEO SEO agency, Web copywriting, backlinking\" \/>\n<meta property=\"article:modified_time\" content=\"2025-08-05T20:49:01+00:00\" \/>\n<meta property=\"og:image\" content=\"http:\/\/referencement-pme.ca\/wp-content\/uploads\/2011\/06\/Wordpress-%C3%A9lu-meilleurs-CMS.png\" \/>\n<meta name=\"twitter:card\" content=\"summary_large_image\" \/>\n<meta name=\"twitter:label1\" content=\"Est. reading time\" \/>\n\t<meta name=\"twitter:data1\" content=\"2 minutes\" \/>\n<script type=\"application\/ld+json\" class=\"yoast-schema-graph\">{\"@context\":\"https:\\\/\\\/schema.org\",\"@graph\":[{\"@type\":\"WebPage\",\"@id\":\"https:\\\/\\\/referencement-pme.ca\\\/en\\\/wordpress-seo\\\/wordpress-recommended-by-matt-cutts\\\/\",\"url\":\"https:\\\/\\\/referencement-pme.ca\\\/en\\\/wordpress-seo\\\/wordpress-recommended-by-matt-cutts\\\/\",\"name\":\"Wordpress recommended by Matt Cutts - SEO SEO agency, Web copywriting, backlinking\",\"isPartOf\":{\"@id\":\"https:\\\/\\\/referencement-pme.ca\\\/en\\\/#website\"},\"primaryImageOfPage\":{\"@id\":\"https:\\\/\\\/referencement-pme.ca\\\/en\\\/wordpress-seo\\\/wordpress-recommended-by-matt-cutts\\\/#primaryimage\"},\"image\":{\"@id\":\"https:\\\/\\\/referencement-pme.ca\\\/en\\\/wordpress-seo\\\/wordpress-recommended-by-matt-cutts\\\/#primaryimage\"},\"thumbnailUrl\":\"http:\\\/\\\/referencement-pme.ca\\\/wp-content\\\/uploads\\\/2011\\\/06\\\/Wordpress-%C3%A9lu-meilleurs-CMS.png\",\"datePublished\":\"2011-06-23T10:56:49+00:00\",\"dateModified\":\"2025-08-05T20:49:01+00:00\",\"description\":\"Charisma, humor, Matt Cutts ' appearances are always tasty moments. It is true that its presentation has changed little in the last 4 years. It is also\",\"breadcrumb\":{\"@id\":\"https:\\\/\\\/referencement-pme.ca\\\/en\\\/wordpress-seo\\\/wordpress-recommended-by-matt-cutts\\\/#breadcrumb\"},\"inLanguage\":\"en-US\",\"potentialAction\":[{\"@type\":\"ReadAction\",\"target\":[\"https:\\\/\\\/referencement-pme.ca\\\/en\\\/wordpress-seo\\\/wordpress-recommended-by-matt-cutts\\\/\"]}]},{\"@type\":\"ImageObject\",\"inLanguage\":\"en-US\",\"@id\":\"https:\\\/\\\/referencement-pme.ca\\\/en\\\/wordpress-seo\\\/wordpress-recommended-by-matt-cutts\\\/#primaryimage\",\"url\":\"http:\\\/\\\/referencement-pme.ca\\\/wp-content\\\/uploads\\\/2011\\\/06\\\/Wordpress-%C3%A9lu-meilleurs-CMS.png\",\"contentUrl\":\"http:\\\/\\\/referencement-pme.ca\\\/wp-content\\\/uploads\\\/2011\\\/06\\\/Wordpress-%C3%A9lu-meilleurs-CMS.png\"},{\"@type\":\"BreadcrumbList\",\"@id\":\"https:\\\/\\\/referencement-pme.ca\\\/en\\\/wordpress-seo\\\/wordpress-recommended-by-matt-cutts\\\/#breadcrumb\",\"itemListElement\":[{\"@type\":\"ListItem\",\"position\":1,\"name\":\"Reception\",\"item\":\"https:\\\/\\\/referencement-pme.ca\\\/en\\\/\"},{\"@type\":\"ListItem\",\"position\":2,\"name\":\"WordPress SEO\",\"item\":\"https:\\\/\\\/referencement-pme.ca\\\/en\\\/wordpress-referencement-facile\\\/\"},{\"@type\":\"ListItem\",\"position\":3,\"name\":\"WordPress recommended by Matt Cutts\"}]},{\"@type\":\"WebSite\",\"@id\":\"https:\\\/\\\/referencement-pme.ca\\\/en\\\/#website\",\"url\":\"https:\\\/\\\/referencement-pme.ca\\\/en\\\/\",\"name\":\"Agence de r\u00e9f\u00e9rencement Web SEO naturel, R\u00e9daction web, backlinking\",\"description\":\"SEO and Web Writing, your readability is your visibility\",\"publisher\":{\"@id\":\"https:\\\/\\\/referencement-pme.ca\\\/en\\\/#organization\"},\"alternateName\":\"Agence de r\u00e9f\u00e9rencement Web SEO naturel, R\u00e9daction web, backlinking\",\"potentialAction\":[{\"@type\":\"SearchAction\",\"target\":{\"@type\":\"EntryPoint\",\"urlTemplate\":\"https:\\\/\\\/referencement-pme.ca\\\/en\\\/?s={search_term_string}\"},\"query-input\":{\"@type\":\"PropertyValueSpecification\",\"valueRequired\":true,\"valueName\":\"search_term_string\"}}],\"inLanguage\":\"en-US\"},{\"@type\":\"Organization\",\"@id\":\"https:\\\/\\\/referencement-pme.ca\\\/en\\\/#organization\",\"name\":\"SEO SEO agency, Web copywriting, backlinking\",\"alternateName\":\"SEO SEO agency, Web copywriting, backlinking\",\"url\":\"https:\\\/\\\/referencement-pme.ca\\\/en\\\/\",\"logo\":{\"@type\":\"ImageObject\",\"inLanguage\":\"en-US\",\"@id\":\"https:\\\/\\\/referencement-pme.ca\\\/en\\\/#\\\/schema\\\/logo\\\/image\\\/\",\"url\":\"https:\\\/\\\/referencement-pme.ca\\\/wp-content\\\/uploads\\\/2015\\\/08\\\/logo-pme-ref.jpg\",\"contentUrl\":\"https:\\\/\\\/referencement-pme.ca\\\/wp-content\\\/uploads\\\/2015\\\/08\\\/logo-pme-ref.jpg\",\"width\":250,\"height\":75,\"caption\":\"SEO SEO agency, Web copywriting, backlinking\"},\"image\":{\"@id\":\"https:\\\/\\\/referencement-pme.ca\\\/en\\\/#\\\/schema\\\/logo\\\/image\\\/\"}}]}<\/script>\n<!-- \/ Yoast SEO plugin. -->","yoast_head_json":{"title":"Wordpress recommended by Matt Cutts - SEO SEO agency, Web copywriting, backlinking","description":"Charisma, humor, Matt Cutts ' appearances are always tasty moments. It is true that its presentation has changed little in the last 4 years. It is also","robots":{"index":"index","follow":"follow","max-snippet":"max-snippet:-1","max-image-preview":"max-image-preview:large","max-video-preview":"max-video-preview:-1"},"canonical":"https:\/\/referencement-pme.ca\/en\/wordpress-seo\/wordpress-recommended-by-matt-cutts\/","og_locale":"en_US","og_type":"article","og_title":"Wordpress recommended by Matt Cutts - SEO SEO agency, Web copywriting, backlinking","og_description":"Charisma, humor, Matt Cutts ' appearances are always tasty moments. It is true that its presentation has changed little in the last 4 years. It is also","og_url":"https:\/\/referencement-pme.ca\/en\/wordpress-seo\/wordpress-recommended-by-matt-cutts\/","og_site_name":"SEO SEO agency, Web copywriting, backlinking","article_modified_time":"2025-08-05T20:49:01+00:00","og_image":[{"url":"http:\/\/referencement-pme.ca\/wp-content\/uploads\/2011\/06\/Wordpress-%C3%A9lu-meilleurs-CMS.png","type":"","width":"","height":""}],"twitter_card":"summary_large_image","twitter_misc":{"Est. reading time":"2 minutes"},"schema":{"@context":"https:\/\/schema.org","@graph":[{"@type":"WebPage","@id":"https:\/\/referencement-pme.ca\/en\/wordpress-seo\/wordpress-recommended-by-matt-cutts\/","url":"https:\/\/referencement-pme.ca\/en\/wordpress-seo\/wordpress-recommended-by-matt-cutts\/","name":"Wordpress recommended by Matt Cutts - SEO SEO agency, Web copywriting, backlinking","isPartOf":{"@id":"https:\/\/referencement-pme.ca\/en\/#website"},"primaryImageOfPage":{"@id":"https:\/\/referencement-pme.ca\/en\/wordpress-seo\/wordpress-recommended-by-matt-cutts\/#primaryimage"},"image":{"@id":"https:\/\/referencement-pme.ca\/en\/wordpress-seo\/wordpress-recommended-by-matt-cutts\/#primaryimage"},"thumbnailUrl":"http:\/\/referencement-pme.ca\/wp-content\/uploads\/2011\/06\/Wordpress-%C3%A9lu-meilleurs-CMS.png","datePublished":"2011-06-23T10:56:49+00:00","dateModified":"2025-08-05T20:49:01+00:00","description":"Charisma, humor, Matt Cutts ' appearances are always tasty moments. It is true that its presentation has changed little in the last 4 years. It is also","breadcrumb":{"@id":"https:\/\/referencement-pme.ca\/en\/wordpress-seo\/wordpress-recommended-by-matt-cutts\/#breadcrumb"},"inLanguage":"en-US","potentialAction":[{"@type":"ReadAction","target":["https:\/\/referencement-pme.ca\/en\/wordpress-seo\/wordpress-recommended-by-matt-cutts\/"]}]},{"@type":"ImageObject","inLanguage":"en-US","@id":"https:\/\/referencement-pme.ca\/en\/wordpress-seo\/wordpress-recommended-by-matt-cutts\/#primaryimage","url":"http:\/\/referencement-pme.ca\/wp-content\/uploads\/2011\/06\/Wordpress-%C3%A9lu-meilleurs-CMS.png","contentUrl":"http:\/\/referencement-pme.ca\/wp-content\/uploads\/2011\/06\/Wordpress-%C3%A9lu-meilleurs-CMS.png"},{"@type":"BreadcrumbList","@id":"https:\/\/referencement-pme.ca\/en\/wordpress-seo\/wordpress-recommended-by-matt-cutts\/#breadcrumb","itemListElement":[{"@type":"ListItem","position":1,"name":"Reception","item":"https:\/\/referencement-pme.ca\/en\/"},{"@type":"ListItem","position":2,"name":"WordPress SEO","item":"https:\/\/referencement-pme.ca\/en\/wordpress-referencement-facile\/"},{"@type":"ListItem","position":3,"name":"WordPress recommended by Matt Cutts"}]},{"@type":"WebSite","@id":"https:\/\/referencement-pme.ca\/en\/#website","url":"https:\/\/referencement-pme.ca\/en\/","name":"Agence de r\u00e9f\u00e9rencement Web SEO naturel, R\u00e9daction web, backlinking","description":"SEO and Web Writing, your readability is your visibility","publisher":{"@id":"https:\/\/referencement-pme.ca\/en\/#organization"},"alternateName":"Agence de r\u00e9f\u00e9rencement Web SEO naturel, R\u00e9daction web, backlinking","potentialAction":[{"@type":"SearchAction","target":{"@type":"EntryPoint","urlTemplate":"https:\/\/referencement-pme.ca\/en\/?s={search_term_string}"},"query-input":{"@type":"PropertyValueSpecification","valueRequired":true,"valueName":"search_term_string"}}],"inLanguage":"en-US"},{"@type":"Organization","@id":"https:\/\/referencement-pme.ca\/en\/#organization","name":"SEO SEO agency, Web copywriting, backlinking","alternateName":"SEO SEO agency, Web copywriting, backlinking","url":"https:\/\/referencement-pme.ca\/en\/","logo":{"@type":"ImageObject","inLanguage":"en-US","@id":"https:\/\/referencement-pme.ca\/en\/#\/schema\/logo\/image\/","url":"https:\/\/referencement-pme.ca\/wp-content\/uploads\/2015\/08\/logo-pme-ref.jpg","contentUrl":"https:\/\/referencement-pme.ca\/wp-content\/uploads\/2015\/08\/logo-pme-ref.jpg","width":250,"height":75,"caption":"SEO SEO agency, Web copywriting, backlinking"},"image":{"@id":"https:\/\/referencement-pme.ca\/en\/#\/schema\/logo\/image\/"}}]}},"_links":{"self":[{"href":"https:\/\/referencement-pme.ca\/en\/wp-json\/wp\/v2\/pages\/8722","targetHints":{"allow":["GET"]}}],"collection":[{"href":"https:\/\/referencement-pme.ca\/en\/wp-json\/wp\/v2\/pages"}],"about":[{"href":"https:\/\/referencement-pme.ca\/en\/wp-json\/wp\/v2\/types\/page"}],"author":[{"embeddable":true,"href":"https:\/\/referencement-pme.ca\/en\/wp-json\/wp\/v2\/users\/2"}],"replies":[{"embeddable":true,"href":"https:\/\/referencement-pme.ca\/en\/wp-json\/wp\/v2\/comments?post=8722"}],"version-history":[{"count":1,"href":"https:\/\/referencement-pme.ca\/en\/wp-json\/wp\/v2\/pages\/8722\/revisions"}],"predecessor-version":[{"id":8725,"href":"https:\/\/referencement-pme.ca\/en\/wp-json\/wp\/v2\/pages\/8722\/revisions\/8725"}],"up":[{"embeddable":true,"href":"https:\/\/referencement-pme.ca\/en\/wp-json\/wp\/v2\/pages\/8724"}],"wp:attachment":[{"href":"https:\/\/referencement-pme.ca\/en\/wp-json\/wp\/v2\/media?parent=8722"}],"curies":[{"name":"wp","href":"https:\/\/api.w.org\/{rel}","templated":true}]}}