{"id":8721,"date":"2011-05-15T10:05:11","date_gmt":"2011-05-15T14:05:11","guid":{"rendered":"https:\/\/referencement-pme.ca\/web-writing-content-optimized-for-natural-referencing\/the-web-writer-writes-seo-optimized-articles-and-you\/"},"modified":"2025-10-09T15:20:54","modified_gmt":"2025-10-09T19:20:54","slug":"the-web-writer-writes-seo-optimized-articles-and-you","status":"publish","type":"page","link":"https:\/\/referencement-pme.ca\/en\/web-writing-content-optimized-for-natural-referencing\/the-web-writer-writes-seo-optimized-articles-and-you\/","title":{"rendered":"The web writer writes SEO-optimized articles and you?"},"content":{"rendered":"<blockquote class=\"alignleft\">\n<p style=\"text-align: justify;\">The web editor writes for the Internet user, considering Google as his first reader and critic.<\/p>\n<\/blockquote>\n<p style=\"text-align: justify;\">The <a title=\"SEO, web writing, Montreal\" href=\"https:\/\/referencement-pme.ca\/en\/\">web writer<\/a> does not only write articles so that information can be disseminated on the internet, he composes his text by making sure to optimize the page so that search engines clearly identify the theme of the article and understand what it says.<\/p>\n<p style=\"text-align: justify;\">The writer must naturally be relevant to the subject at hand so that the reactions aroused, those of readers who could write comments (thank you) or point links to the article cited to recommend it (thank you again), increase its popularity, its reputation and, in the long term, its Page Rank as well as that of the site as a whole. Then: <\/p>\n<p><img loading=\"lazy\" decoding=\"async\" class=\"alignright size-thumbnail wp-image-700\" src=\"https:\/\/referencement-pme.ca\/wp-content\/uploads\/2011\/05\/redacteur-web-150x150.jpg\" alt=\"SEO Skill Web Writer\" width=\"150\" height=\"150\" srcset=\"https:\/\/referencement-pme.ca\/wp-content\/uploads\/2011\/05\/redacteur-web-150x150.jpg 150w, https:\/\/referencement-pme.ca\/wp-content\/uploads\/2011\/05\/redacteur-web-300x300.jpg 300w, https:\/\/referencement-pme.ca\/wp-content\/uploads\/2011\/05\/redacteur-web.jpg 347w\" sizes=\"auto, (max-width: 150px) 100vw, 150px\" \/><\/p>\n<ul class=\"list-9\">\n<li>What is an optimized page?<\/li>\n<li>What are the strengths of the web writer?<\/li>\n<li>How strong is <a title=\"Web content writing, architecture and cost\" href=\"https:\/\/referencement-pme.ca\/en\/web-content-writing-architecture-and-costs\/\">text content<\/a> ?<\/li>\n<li>Do we write for the Internet user or for Google?<\/li>\n<li><a title=\"Web content writing, architecture and cost\" href=\"https:\/\/referencement-pme.ca\/en\/web-content-writing-architecture-and-costs\/\">Is a professional copywriter expensive<\/a>?<\/li>\n<\/ul>\n<h2>What is an optimized page?<\/h2>\n<div>\n<ul class=\"list-1\">\n<li style=\"text-align: justify;\">It is a page that will meet the goals of its publication: to be read, to make people react, to provoke, to make them smile, to inform, to arouse a desire perhaps a sale, to attract the reader to something else&#8230; another page.<\/li>\n<li style=\"text-align: justify;\">It is a text written in an effective language: rich and varied vocabulary while offering easy and simple reading. The tone is persuasive, the references are indisputable and cited (with possibly external links pointing to them). <\/li>\n<li style=\"text-align: justify;\">It is also an article with a journalistic feel <a title=\"Structure of a web text\" href=\"https:\/\/referencement-pme.ca\/en\/writing-a-text-for-the-web-and-structuring-it-seo\/\">in its structure<\/a>: The essential message is delivered at the very beginning of the <em>post<\/em>, it is the chap\u00f4. Then come the paragraphs with catchy titles, the argument, the development and finally an open conclusion on promises, on a sequel. <\/li>\n<li style=\"text-align: justify;\">The page is technically SEO optimized: sculpted URL, chiseled H1 title, calculated meta tags, Alt-tagged images, anchors of internal and external links placed on keywords. All these elements are finely worked around the keyword, itself strategically chosen for its feasibility&#8230; <\/li>\n<li style=\"text-align: justify;\">And, icing on the cake, if the final web page is pleasing to the eye, namely: airy presentation, distinct paragraphs, rigorous punctuation, spaces in place and no spelling mistakes, you can only seduce your reader.<\/li>\n<\/ul>\n<\/div>\n<h2 style=\"text-align: justify;\">The strengths of the web writer are:<\/h2>\n<div style=\"text-align: justify;\">To know different writing techniques including <strong>web writing <\/strong>and to understand the internet as a whole. It shows at the same time: <\/div>\n<ul class=\"list-4\">\n<li style=\"text-align: justify;\"><strong>Journalistic <\/strong>qualities: proven writing skills, rich vocabulary, effective research of solid sources and references, ability to adapt to the editorial line of the site for which he writes.<\/li>\n<li style=\"text-align: justify;\">A certain marketing approach<em>, <\/em>a sense of formula close to that of advertisers, ability to convince, to surprise.<\/li>\n<li style=\"text-align: justify;\">A solid training in <a title=\"SEO Montreal\" href=\"https:\/\/referencement-pme.ca\/en\/seo-and-seo-training-montreal\/\">natural referencing<\/a>, he technically optimizes the page, carries out keyword research that combines relevance and feasibility of positioning.<\/li>\n<li style=\"text-align: justify;\">I will not forget to mention the psychological approach that must also be developed in order to make the client accept the often necessary modification of his texts. These are often written from the heart and outside <strong>of any SEO optimization references.<\/strong> <\/li>\n<li style=\"text-align: justify;\">The ability to ensure a <a href=\"https:\/\/referencement-pme.ca\/en\/content-marketing-think-useful-and-engaging\/\">content marketing strategy<\/a><\/li>\n<\/ul>\n<h2>Content is king again!<\/h2>\n<div>\n<p style=\"text-align: justify;\">Read and reread: <em>content is king<\/em>, this has never been more true since <strong>Google <\/strong>(2009) assimilated the <strong>meaning of the texts<\/strong> it indexes instead of &#8220;only&#8221; recognizing words one after the other, a feeling reinforced with the <a title=\"Panda Update: Does Your Site Have Rich Content?\" href=\"https:\/\/referencement-pme.ca\/en\/panda-update-does-your-site-have-rich-content\/\">Panda correction<\/a> of February 2011 tending to favor quality content.<\/p>\n<ul class=\"list-7\">\n<li style=\"text-align: justify;\">&#8220;Google semantic web search&#8221; is almost here, the writing of a page, a blog article, a catalog of products or services on the internet can no longer ignore it.<\/li>\n<li style=\"text-align: justify;\">We talk about lexical field and web semantics, which means that a clear code and a rich language will replace the notion of keyword density, which is increasingly outdated, the importance being given to the places where <em>the keywords <\/em>appear on the page rather than to their number.<\/li>\n<\/ul>\n<p>&nbsp;<\/p>\n<\/div>\n<h2>Do we write for the Internet user or for Google?<\/h2>\n<p style=\"text-align: justify;\">The answer is not complicated, the <a title=\"Web writing, a skill integrated into SEO\" href=\"https:\/\/referencement-pme.ca\/en\/web-writing-content-optimized-for-natural-referencing\/\">web writer <\/a>writes first for the Internet user he wants to retain (possibly turn into a customer) while taking into account the criteria imposed by Google and its colleagues Yahoo and Bing. Often supposed to be simple, the exercise is more complex than it seems and the conditions of the perfect page, the web \/ SEO optimized article are rarely reached (full article to come) <\/p>\n<h2>How much does it cost to write an optimized paper?<\/h2>\n<p>A certain price!<\/p>\n<p style=\"text-align: justify;\">Before answering this question, we need to ask ourselves the real questions:<\/p>\n<ul>\n<li>What does a 5-word slogan cost that sells?<\/li>\n<li>What does an advertorial in a national newspaper cost?<\/li>\n<li>What is the promotional value of an article that will be read, <em>tweeted<\/em>, <em>retweeted <\/em>because it catches the eye?<\/li>\n<li>What is the traffic that a seller page will generate worth?<\/li>\n<\/ul>\n<p style=\"text-align: justify;\">Depending on the objectives of your web presence, the conversion rate will be measured in phone calls, forms filled out or sales made, <em>Google analytics<\/em> and a good filtering of the origin of your turnover will then answer this question.<\/p>\n<p style=\"text-align: justify;\">Web writing rates depend on the time spent on documentation, keyword research, and actual writing. These prices are often degressive (in the case of a series of articles remaining in the same theme). The time spent researching keywords is reflected as much in the invoice as in the final text&#8230;  <\/p>\n<p style=\"text-align: justify;\">It is the same for websites and SEO writers as it is for daily newspapers and journalists: there are &#8220;24 heures&#8221; and &#8220;Le Devoir&#8221;, there is &#8220;M\u00e9tro&#8221; and &#8220;Le Monde&#8221;, choose your style. Between the Stakhanovists of Madagascar who produce content (we don&#8217;t say content optimized for the web) at two cents in a French that is too often wavering (Be careful, there are good ones! I don&#8217;t want to insult the Malagasy), students who write perfectly but have never heard of an SEO tag and content production companies\/sites that leave you only crumbs of your talent while broadcasting your prose at a high price, the war is tough for those who are looking for the text that positions itself because it has all the qualities for it. <\/p>\n<h2>My little editor&#8217;s ad&#8230;<\/h2>\n<h3>Web writing services<\/h3>\n<p style=\"text-align: justify;\">My posts are delivered in Word, .text, .html or directly to your WordPress blog. My papers are naturally optimized, I write in addition to the text: the preferred URL, the Title tag, the <em>description<\/em> tag, the H1 title and paragraph up to H3.<br \/>\nI don&#8217;t duplicate (guaranteed by a <em>copyscape<\/em> test), I don&#8217;t outsource. My translations are also optimized for the web with a language-specific keyword study &#8211; See the complete list of services offered on the &#8220;<a title=\"SEO, web writing, Montreal\" href=\"https:\/\/referencement-pme.ca\/en\/\">web writing<\/a>&#8221; page and the <a href=\"https:\/\/referencement-pme.ca\/en\/seo-rates-for-your-website\/\">SME SEO base rates<\/a> page <\/p>\n<p style=\"text-align: justify;\">A quote? <strong><br \/>\n  <a href=\"tel:4388750503\">438 875-0503<\/a><br \/>\n<\/strong> or <a href=\"https:\/\/referencement-pme.ca\/en\/contact-sme-seo-montreal-quebec\/\">use the contact form<\/a>.<\/p>\n<h4>Other articles in the category &#8220;web writing&#8221;<\/h4>\n<ul>\n<li><a title=\"The web writer writes SEO-optimized articles and you?\" href=\"https:\/\/referencement-pme.ca\/en\/web-writing-content-optimized-for-natural-referencing\/the-web-writer-writes-seo-optimized-articles-and-you\/\">The web writer optimizes his pages for SEO and you?<\/a><\/li>\n<li><a title=\"Panda Update: Does Your Site Have Rich Content?\" href=\"https:\/\/referencement-pme.ca\/en\/panda-update-does-your-site-have-rich-content\/\">Does your site have rich content?<\/a><\/li>\n<li><a title=\"Google Panda Guide: Your site in compliance\" href=\"https:\/\/referencement-pme.ca\/en\/google-panda-guide-your-site-in-compliance\/\">Google&#8217;s short guide to compliance with the Panda update<\/a><\/li>\n<li>How <a href=\"https:\/\/referencement-pme.ca\/en\/writing-a-text-for-the-web-and-structuring-it-seo\/\">to structure a text for the web<\/a><\/li>\n<li><a href=\"https:\/\/referencement-pme.ca\/en\/web-content-writing-architecture-and-costs\/\">Writing web content and site structure<\/a><\/li>\n<li><a href=\"https:\/\/referencement-pme.ca\/en\/web-writing-content-optimized-for-natural-referencing\/web-content-provider-in-montreal\/\">Content Provider<\/a><\/li>\n<\/ul>\n<p><a title=\"Montreal Referencing call now\" href=\"https:\/\/referencement-pme.ca\/en\/\">Kristof: SEO Montreal<\/a><\/p>\n","protected":false},"excerpt":{"rendered":"<p>The web editor writes for the Internet user, considering Google as his first reader and critic. The web writer does not only write articles so that information can be disseminated on the internet, he composes his text by making sure to optimize the page so that search engines clearly identify the theme of the article &#8230;<\/p>\n","protected":false},"author":2,"featured_media":0,"parent":8679,"menu_order":0,"comment_status":"closed","ping_status":"open","template":"","meta":{"_lmt_disableupdate":"","_lmt_disable":"","_genesis_hide_title":false,"_genesis_hide_breadcrumbs":false,"_genesis_hide_singular_image":false,"_genesis_hide_footer_widgets":false,"_genesis_custom_body_class":"","_genesis_custom_post_class":"","_genesis_layout":"sidebar-content","footnotes":""},"class_list":{"0":"post-8721","1":"page","2":"type-page","3":"status-publish","5":"entry","6":"has-post-thumbnail"},"yoast_head":"<!-- This site is optimized with the Yoast SEO plugin v27.5 - https:\/\/yoast.com\/product\/yoast-seo-wordpress\/ -->\n<title>The web writer writes SEO-optimized articles and you? - SEO SEO agency, Web copywriting, backlinking<\/title>\n<meta name=\"description\" content=\"The web writer does not only write articles so that information can be disseminated on the internet, he composes his text by making sure to optimize the\" \/>\n<meta name=\"robots\" content=\"index, follow, max-snippet:-1, max-image-preview:large, max-video-preview:-1\" \/>\n<link rel=\"canonical\" href=\"https:\/\/referencement-pme.ca\/en\/web-writing-content-optimized-for-natural-referencing\/the-web-writer-writes-seo-optimized-articles-and-you\/\" \/>\n<meta property=\"og:locale\" content=\"en_US\" \/>\n<meta property=\"og:type\" content=\"article\" \/>\n<meta property=\"og:title\" content=\"The web writer writes SEO-optimized articles and you? - SEO SEO agency, Web copywriting, backlinking\" \/>\n<meta property=\"og:description\" content=\"The web writer does not only write articles so that information can be disseminated on the internet, he composes his text by making sure to optimize the\" \/>\n<meta property=\"og:url\" content=\"https:\/\/referencement-pme.ca\/en\/web-writing-content-optimized-for-natural-referencing\/the-web-writer-writes-seo-optimized-articles-and-you\/\" \/>\n<meta property=\"og:site_name\" content=\"SEO SEO agency, Web copywriting, backlinking\" \/>\n<meta property=\"article:modified_time\" content=\"2025-10-09T19:20:54+00:00\" \/>\n<meta property=\"og:image\" content=\"http:\/\/referencement-pme.ca\/wp-content\/uploads\/2011\/05\/redacteur-web-150x150.jpg\" \/>\n<meta name=\"twitter:card\" content=\"summary_large_image\" \/>\n<meta name=\"twitter:label1\" content=\"Est. reading time\" \/>\n\t<meta name=\"twitter:data1\" content=\"6 minutes\" \/>\n<script type=\"application\/ld+json\" class=\"yoast-schema-graph\">{\"@context\":\"https:\\\/\\\/schema.org\",\"@graph\":[{\"@type\":\"WebPage\",\"@id\":\"https:\\\/\\\/referencement-pme.ca\\\/en\\\/web-writing-content-optimized-for-natural-referencing\\\/the-web-writer-writes-seo-optimized-articles-and-you\\\/\",\"url\":\"https:\\\/\\\/referencement-pme.ca\\\/en\\\/web-writing-content-optimized-for-natural-referencing\\\/the-web-writer-writes-seo-optimized-articles-and-you\\\/\",\"name\":\"The web writer writes SEO-optimized articles and you? - SEO SEO agency, Web copywriting, backlinking\",\"isPartOf\":{\"@id\":\"https:\\\/\\\/referencement-pme.ca\\\/en\\\/#website\"},\"primaryImageOfPage\":{\"@id\":\"https:\\\/\\\/referencement-pme.ca\\\/en\\\/web-writing-content-optimized-for-natural-referencing\\\/the-web-writer-writes-seo-optimized-articles-and-you\\\/#primaryimage\"},\"image\":{\"@id\":\"https:\\\/\\\/referencement-pme.ca\\\/en\\\/web-writing-content-optimized-for-natural-referencing\\\/the-web-writer-writes-seo-optimized-articles-and-you\\\/#primaryimage\"},\"thumbnailUrl\":\"http:\\\/\\\/referencement-pme.ca\\\/wp-content\\\/uploads\\\/2011\\\/05\\\/redacteur-web-150x150.jpg\",\"datePublished\":\"2011-05-15T14:05:11+00:00\",\"dateModified\":\"2025-10-09T19:20:54+00:00\",\"description\":\"The web writer does not only write articles so that information can be disseminated on the internet, he composes his text by making sure to optimize the\",\"breadcrumb\":{\"@id\":\"https:\\\/\\\/referencement-pme.ca\\\/en\\\/web-writing-content-optimized-for-natural-referencing\\\/the-web-writer-writes-seo-optimized-articles-and-you\\\/#breadcrumb\"},\"inLanguage\":\"en-US\",\"potentialAction\":[{\"@type\":\"ReadAction\",\"target\":[\"https:\\\/\\\/referencement-pme.ca\\\/en\\\/web-writing-content-optimized-for-natural-referencing\\\/the-web-writer-writes-seo-optimized-articles-and-you\\\/\"]}]},{\"@type\":\"ImageObject\",\"inLanguage\":\"en-US\",\"@id\":\"https:\\\/\\\/referencement-pme.ca\\\/en\\\/web-writing-content-optimized-for-natural-referencing\\\/the-web-writer-writes-seo-optimized-articles-and-you\\\/#primaryimage\",\"url\":\"http:\\\/\\\/referencement-pme.ca\\\/wp-content\\\/uploads\\\/2011\\\/05\\\/redacteur-web-150x150.jpg\",\"contentUrl\":\"http:\\\/\\\/referencement-pme.ca\\\/wp-content\\\/uploads\\\/2011\\\/05\\\/redacteur-web-150x150.jpg\"},{\"@type\":\"BreadcrumbList\",\"@id\":\"https:\\\/\\\/referencement-pme.ca\\\/en\\\/web-writing-content-optimized-for-natural-referencing\\\/the-web-writer-writes-seo-optimized-articles-and-you\\\/#breadcrumb\",\"itemListElement\":[{\"@type\":\"ListItem\",\"position\":1,\"name\":\"Reception\",\"item\":\"https:\\\/\\\/referencement-pme.ca\\\/en\\\/\"},{\"@type\":\"ListItem\",\"position\":2,\"name\":\"Web writing, content optimized for natural referencing\",\"item\":\"https:\\\/\\\/referencement-pme.ca\\\/en\\\/web-writing-content-optimized-for-natural-referencing\\\/\"},{\"@type\":\"ListItem\",\"position\":3,\"name\":\"The web writer writes SEO-optimized articles and you?\"}]},{\"@type\":\"WebSite\",\"@id\":\"https:\\\/\\\/referencement-pme.ca\\\/en\\\/#website\",\"url\":\"https:\\\/\\\/referencement-pme.ca\\\/en\\\/\",\"name\":\"Agence de r\u00e9f\u00e9rencement Web SEO naturel, R\u00e9daction web, backlinking\",\"description\":\"SEO and Web Writing, your readability is your visibility\",\"publisher\":{\"@id\":\"https:\\\/\\\/referencement-pme.ca\\\/en\\\/#organization\"},\"alternateName\":\"Agence de r\u00e9f\u00e9rencement Web SEO naturel, R\u00e9daction web, backlinking\",\"potentialAction\":[{\"@type\":\"SearchAction\",\"target\":{\"@type\":\"EntryPoint\",\"urlTemplate\":\"https:\\\/\\\/referencement-pme.ca\\\/en\\\/?s={search_term_string}\"},\"query-input\":{\"@type\":\"PropertyValueSpecification\",\"valueRequired\":true,\"valueName\":\"search_term_string\"}}],\"inLanguage\":\"en-US\"},{\"@type\":\"Organization\",\"@id\":\"https:\\\/\\\/referencement-pme.ca\\\/en\\\/#organization\",\"name\":\"SEO SEO agency, Web copywriting, backlinking\",\"alternateName\":\"SEO SEO agency, Web copywriting, backlinking\",\"url\":\"https:\\\/\\\/referencement-pme.ca\\\/en\\\/\",\"logo\":{\"@type\":\"ImageObject\",\"inLanguage\":\"en-US\",\"@id\":\"https:\\\/\\\/referencement-pme.ca\\\/en\\\/#\\\/schema\\\/logo\\\/image\\\/\",\"url\":\"https:\\\/\\\/referencement-pme.ca\\\/wp-content\\\/uploads\\\/2015\\\/08\\\/logo-pme-ref.jpg\",\"contentUrl\":\"https:\\\/\\\/referencement-pme.ca\\\/wp-content\\\/uploads\\\/2015\\\/08\\\/logo-pme-ref.jpg\",\"width\":250,\"height\":75,\"caption\":\"SEO SEO agency, Web copywriting, backlinking\"},\"image\":{\"@id\":\"https:\\\/\\\/referencement-pme.ca\\\/en\\\/#\\\/schema\\\/logo\\\/image\\\/\"}}]}<\/script>\n<!-- \/ Yoast SEO plugin. -->","yoast_head_json":{"title":"The web writer writes SEO-optimized articles and you? - SEO SEO agency, Web copywriting, backlinking","description":"The web writer does not only write articles so that information can be disseminated on the internet, he composes his text by making sure to optimize the","robots":{"index":"index","follow":"follow","max-snippet":"max-snippet:-1","max-image-preview":"max-image-preview:large","max-video-preview":"max-video-preview:-1"},"canonical":"https:\/\/referencement-pme.ca\/en\/web-writing-content-optimized-for-natural-referencing\/the-web-writer-writes-seo-optimized-articles-and-you\/","og_locale":"en_US","og_type":"article","og_title":"The web writer writes SEO-optimized articles and you? - SEO SEO agency, Web copywriting, backlinking","og_description":"The web writer does not only write articles so that information can be disseminated on the internet, he composes his text by making sure to optimize the","og_url":"https:\/\/referencement-pme.ca\/en\/web-writing-content-optimized-for-natural-referencing\/the-web-writer-writes-seo-optimized-articles-and-you\/","og_site_name":"SEO SEO agency, Web copywriting, backlinking","article_modified_time":"2025-10-09T19:20:54+00:00","og_image":[{"url":"http:\/\/referencement-pme.ca\/wp-content\/uploads\/2011\/05\/redacteur-web-150x150.jpg","type":"","width":"","height":""}],"twitter_card":"summary_large_image","twitter_misc":{"Est. reading time":"6 minutes"},"schema":{"@context":"https:\/\/schema.org","@graph":[{"@type":"WebPage","@id":"https:\/\/referencement-pme.ca\/en\/web-writing-content-optimized-for-natural-referencing\/the-web-writer-writes-seo-optimized-articles-and-you\/","url":"https:\/\/referencement-pme.ca\/en\/web-writing-content-optimized-for-natural-referencing\/the-web-writer-writes-seo-optimized-articles-and-you\/","name":"The web writer writes SEO-optimized articles and you? - SEO SEO agency, Web copywriting, backlinking","isPartOf":{"@id":"https:\/\/referencement-pme.ca\/en\/#website"},"primaryImageOfPage":{"@id":"https:\/\/referencement-pme.ca\/en\/web-writing-content-optimized-for-natural-referencing\/the-web-writer-writes-seo-optimized-articles-and-you\/#primaryimage"},"image":{"@id":"https:\/\/referencement-pme.ca\/en\/web-writing-content-optimized-for-natural-referencing\/the-web-writer-writes-seo-optimized-articles-and-you\/#primaryimage"},"thumbnailUrl":"http:\/\/referencement-pme.ca\/wp-content\/uploads\/2011\/05\/redacteur-web-150x150.jpg","datePublished":"2011-05-15T14:05:11+00:00","dateModified":"2025-10-09T19:20:54+00:00","description":"The web writer does not only write articles so that information can be disseminated on the internet, he composes his text by making sure to optimize the","breadcrumb":{"@id":"https:\/\/referencement-pme.ca\/en\/web-writing-content-optimized-for-natural-referencing\/the-web-writer-writes-seo-optimized-articles-and-you\/#breadcrumb"},"inLanguage":"en-US","potentialAction":[{"@type":"ReadAction","target":["https:\/\/referencement-pme.ca\/en\/web-writing-content-optimized-for-natural-referencing\/the-web-writer-writes-seo-optimized-articles-and-you\/"]}]},{"@type":"ImageObject","inLanguage":"en-US","@id":"https:\/\/referencement-pme.ca\/en\/web-writing-content-optimized-for-natural-referencing\/the-web-writer-writes-seo-optimized-articles-and-you\/#primaryimage","url":"http:\/\/referencement-pme.ca\/wp-content\/uploads\/2011\/05\/redacteur-web-150x150.jpg","contentUrl":"http:\/\/referencement-pme.ca\/wp-content\/uploads\/2011\/05\/redacteur-web-150x150.jpg"},{"@type":"BreadcrumbList","@id":"https:\/\/referencement-pme.ca\/en\/web-writing-content-optimized-for-natural-referencing\/the-web-writer-writes-seo-optimized-articles-and-you\/#breadcrumb","itemListElement":[{"@type":"ListItem","position":1,"name":"Reception","item":"https:\/\/referencement-pme.ca\/en\/"},{"@type":"ListItem","position":2,"name":"Web writing, content optimized for natural referencing","item":"https:\/\/referencement-pme.ca\/en\/web-writing-content-optimized-for-natural-referencing\/"},{"@type":"ListItem","position":3,"name":"The web writer writes SEO-optimized articles and you?"}]},{"@type":"WebSite","@id":"https:\/\/referencement-pme.ca\/en\/#website","url":"https:\/\/referencement-pme.ca\/en\/","name":"Agence de r\u00e9f\u00e9rencement Web SEO naturel, R\u00e9daction web, backlinking","description":"SEO and Web Writing, your readability is your visibility","publisher":{"@id":"https:\/\/referencement-pme.ca\/en\/#organization"},"alternateName":"Agence de r\u00e9f\u00e9rencement Web SEO naturel, R\u00e9daction web, backlinking","potentialAction":[{"@type":"SearchAction","target":{"@type":"EntryPoint","urlTemplate":"https:\/\/referencement-pme.ca\/en\/?s={search_term_string}"},"query-input":{"@type":"PropertyValueSpecification","valueRequired":true,"valueName":"search_term_string"}}],"inLanguage":"en-US"},{"@type":"Organization","@id":"https:\/\/referencement-pme.ca\/en\/#organization","name":"SEO SEO agency, Web copywriting, backlinking","alternateName":"SEO SEO agency, Web copywriting, backlinking","url":"https:\/\/referencement-pme.ca\/en\/","logo":{"@type":"ImageObject","inLanguage":"en-US","@id":"https:\/\/referencement-pme.ca\/en\/#\/schema\/logo\/image\/","url":"https:\/\/referencement-pme.ca\/wp-content\/uploads\/2015\/08\/logo-pme-ref.jpg","contentUrl":"https:\/\/referencement-pme.ca\/wp-content\/uploads\/2015\/08\/logo-pme-ref.jpg","width":250,"height":75,"caption":"SEO SEO agency, Web copywriting, backlinking"},"image":{"@id":"https:\/\/referencement-pme.ca\/en\/#\/schema\/logo\/image\/"}}]}},"_links":{"self":[{"href":"https:\/\/referencement-pme.ca\/en\/wp-json\/wp\/v2\/pages\/8721","targetHints":{"allow":["GET"]}}],"collection":[{"href":"https:\/\/referencement-pme.ca\/en\/wp-json\/wp\/v2\/pages"}],"about":[{"href":"https:\/\/referencement-pme.ca\/en\/wp-json\/wp\/v2\/types\/page"}],"author":[{"embeddable":true,"href":"https:\/\/referencement-pme.ca\/en\/wp-json\/wp\/v2\/users\/2"}],"replies":[{"embeddable":true,"href":"https:\/\/referencement-pme.ca\/en\/wp-json\/wp\/v2\/comments?post=8721"}],"version-history":[{"count":1,"href":"https:\/\/referencement-pme.ca\/en\/wp-json\/wp\/v2\/pages\/8721\/revisions"}],"predecessor-version":[{"id":8768,"href":"https:\/\/referencement-pme.ca\/en\/wp-json\/wp\/v2\/pages\/8721\/revisions\/8768"}],"up":[{"embeddable":true,"href":"https:\/\/referencement-pme.ca\/en\/wp-json\/wp\/v2\/pages\/8679"}],"wp:attachment":[{"href":"https:\/\/referencement-pme.ca\/en\/wp-json\/wp\/v2\/media?parent=8721"}],"curies":[{"name":"wp","href":"https:\/\/api.w.org\/{rel}","templated":true}]}}