{"id":8698,"date":"2014-08-29T09:36:43","date_gmt":"2014-08-29T13:36:43","guid":{"rendered":"https:\/\/referencement-pme.ca\/repairing-your-computer-well-take-care-of-it\/"},"modified":"2025-08-05T16:46:25","modified_gmt":"2025-08-05T20:46:25","slug":"repairing-your-computer-well-take-care-of-it","status":"publish","type":"page","link":"https:\/\/referencement-pme.ca\/en\/repairing-your-computer-well-take-care-of-it\/","title":{"rendered":"Repairing your computer? We&#8217;ll take care of it!"},"content":{"rendered":"<h2>My guest of the month: A craftsman in computer troubleshooting<\/h2>\n<p>A <strong>PC repairman<\/strong>, master in OS maintenance (operating systems as well as windows), virus exterminator and fine home network configurator.<\/p>\n<p>Trained &#8220;the old-fashioned way&#8221;, <a title=\"emica\" href=\"http:\/\/emica.csdm.ca\/programmes\/soutien-informatique\/\">EMICA<\/a> , for a long time a member of a gang of techno enthusiasts at a large <em>computer <\/em>manufacturer, his &#8220;customer&#8221; training was refined through his job at Jarry Informatique &#8211; a very professional shop that has been operating since 2000 and which has built its reputation on the rigor and efficiency of Karine, the boss of the lab, and her geeky employees.<\/p>\n<p><strong>As a specialist in motherboards, Windows and routers combined<\/strong>. It dismantles a tower or <em>a laptop<\/em>, repairs an iPad or a tower in no time at all, sweeps <em>malware away<\/em> with the back of its mouse and imposes its law on printers when it comes to networking them. <\/p>\n<p>Let&#8217;s take a closer look.<\/p>\n<h2>Remove computer viruses and worms<\/h2>\n<p>Eliminating viruses, malware, adware or scareware, spyware and other Trojans, starts with a careful scan of the hard drive of the infected machine<strong> with the antivirus in place<\/strong>.<\/p>\n<p>If inspection of files (both &#8220;system&#8221; and computer) reveals the presence of virus infections, they should be permanently deleted rather than quarantined.<br \/>\nWhile this solution is effective in the vast majority of cases, there may be times when it is necessary to go further in the analysis by running a deeper <em>scan<\/em> and testing more specialized and powerful programs to remove stubborn viruses.<\/p>\n<p>In short, a matter for specialists.<\/p>\n<h2>Computer troubleshooting<\/h2>\n<p>It also happens that a complete reinstallation of the machine is necessary, in which case we speak of a one-day intervention rather than 2 to 3 hours for a classic disinfection when &#8220;everything is fine&#8221;<\/p>\n<ul>\n<li>Do you have any doubts?<\/li>\n<li>your machine is slow,<\/li>\n<li>Windows open uncontrollably?<\/li>\n<li>A search engine is imposed on the one you usually use?<\/li>\n<\/ul>\n<p>Your machine is probably infected!<\/p>\n<h2>PC Diagnostics and Repairs<\/h2>\n<p>When your computer does not work normally, it shows symptoms like any other sick person.<\/p>\n<p>Like a &#8220;PC doctor&#8221;, the <strong>computer repairman<\/strong> inspects the machine, identifies the ailments that slow it down, cause it to crash or cause the reactions that annoy you, and make you waste time trying to identify the causes.<\/p>\n<h3>For example, your PC starts too slowly?<\/h3>\n<p>There are many causes. Cluttered registry, too many programs launch at startup, malware, viruses, CPU fatigue, etc. Do you know that it&#8217;s best to restart your machine every day?  <\/p>\n<p>Once the PC has been cleaned and optimized, it&#8217;s the peace of mind and pleasure of a high-performance PC<\/p>\n<ul>\n<li>Does your computer stop on its own?<\/li>\n<li>It no longer starts<\/li>\n<li>He no longer leaves the day before<\/li>\n<li>Do you have to restart it over and over again?<\/li>\n<\/ul>\n<h3>What to do if your computer shows a black screen?&#8230; Like what<\/h3>\n<ul>\n<li>Will you&#8230; browse <a href=\"http:\/\/forum.telecharger.01net.com\/\">the forums dedicated to the PC<\/a><\/li>\n<li>Are you going to call your brother-in-law who knows a little about it?<\/li>\n<li>Are you going to tinker with the few great classics, such as abruptly unplugging the pc, removing the battery, pressing the start button for a minute to try a <em><strong>Hard reset<\/strong><\/em><\/li>\n<li>Are you going to send your laptop against the wall?<\/li>\n<\/ul>\n<p>Read these tips specific to black screen failure<\/p>\n<h2>Successfully install software <em><\/em><\/h2>\n<p>Everything is done today to make the installation of computer programs as simple as possible for the user.<\/p>\n<p>Nevertheless<\/p>\n<ul>\n<li>You have just acquired the DVD of an encyclopedia <strong>with DRM misinterpreted by your antivirus<\/strong>,<\/li>\n<li>You have just launched the installation of a software that is supposed to integrate into the <strong>Microsoft Office<\/strong> suite and&#8230; it doesn&#8217;t fit in&#8230;<\/li>\n<\/ul>\n<p>There are so many OSes in circulation (not counting their updates) that it is also very easy to run into software\/OS compatibility issues. Your antivirus can also <\/p>\n<ul>\n<li>Do you even know if your system is 32 bit or 64bit? or 128?<br \/>\nIf you install in English, are you making the right choices?<br \/>\nYou tell yourself the default options are the best&#8230; Are you sure you&#8217;re right?<\/li>\n<\/ul>\n<p>Does the program you install come directly from the publisher? Otherwise, beware of installing perverse scripts in addition to the program&#8230; <\/p>\n<h2>Router Configuration<\/h2>\n<h3>Install the driver on each machine<\/h3>\n<p>Install and configure your router and connect all your wireless home computing to the internet<\/p>\n<ul>\n<li>Cisco or Dlink? ,<\/li>\n<li>Family network or hyper terminal?<\/li>\n<li>Are your computers all under the same operating system?<\/li>\n<\/ul>\n<p>There is no reason to be pessimistic, the Microsoft Windows installer is rather well done, but at the slightest hiccup, you will perceive that the vocabulary used is not familiar and that adapting is not easy&#8230; After all, you don&#8217;t install a router every day.<\/p>\n<p>On-site or remote support could save you a lot of time and annoyance.<\/p>\n<p>A router is a signal distributor, it allows the sharing of the internet connection between several PCs, wired or wireless printers and any other device that works with the WIFI signal.<\/p>\n<p>Beyond the fact that there are many models of routers and that their configuration is sometimes complex. We must also consider the speed at which technology is advancing in the field of wireless signal transmission. <\/p>\n<div id=\"attachment_3655\" style=\"width: 610px\" class=\"wp-caption aligncenter\"><img loading=\"lazy\" decoding=\"async\" aria-describedby=\"caption-attachment-3655\" class=\"wp-image-3655 size-full\" src=\"https:\/\/referencement-pme.ca\/wp-content\/uploads\/2014\/08\/demonter-laptop.jpg\" alt=\"How to disassemble a laptop\" width=\"600\" height=\"308\" srcset=\"https:\/\/referencement-pme.ca\/wp-content\/uploads\/2014\/08\/demonter-laptop.jpg 600w, https:\/\/referencement-pme.ca\/wp-content\/uploads\/2014\/08\/demonter-laptop-300x154.jpg 300w\" sizes=\"auto, (max-width: 600px) 100vw, 600px\" \/><\/p>\n<p id=\"caption-attachment-3655\" class=\"wp-caption-text\">Laptop troubleshooting, rigor, method, order.<\/p>\n<\/div>\n<p>Here we leave the field of computer repair to enter that <strong>of PC and laptop configuration<\/strong>.<\/p>\n<h2>Hardware Installation and Configuration<\/h2>\n<p>Adding RAM, a second drive, a blueRay drive in your tower?<\/p>\n<p>Here again, pitfalls can put off a beginner. <span style=\"color: #252525;\">Different types of <\/span><b style=\"color: #252525;\">RAM<\/b> memory <span style=\"color: #252525;\">are used in computers and laptops: <\/span> <\/p>\n<ul>\n<li>DIP<span style=\"color: #252525;\">, <\/span> <\/li>\n<li>SIP<span style=\"color: #252525;\">, <\/span> <\/li>\n<li><span style=\"color: #252525;\"> 30-pin <\/span> SIMM, <\/li>\n<li><span style=\"color: #252525;\">72-pin <\/span> SIMM, <\/li>\n<li>DIMM<span style=\"color: #252525;\">, <\/span> <\/li>\n<li>RIMM<\/li>\n<\/ul>\n<p>Access to the motherboard is not always easy, you have to wear gloves, have the right screwdrivers for some laptop models. Delicacy and safety of the gesture are required because the pins are both fragile but strongly clipped to their slot. <\/p>\n<h2>Installing a Wi-Fi printer and networking it<\/h2>\n<div id=\"attachment_3672\" style=\"width: 303px\" class=\"wp-caption alignright\"><img loading=\"lazy\" decoding=\"async\" aria-describedby=\"caption-attachment-3672\" class=\"wp-image-3672 size-full\" src=\"https:\/\/referencement-pme.ca\/wp-content\/uploads\/2014\/08\/docteur-pc-ok.jpg\" alt=\"Doctor Computer Repair\" width=\"293\" height=\"585\" srcset=\"https:\/\/referencement-pme.ca\/wp-content\/uploads\/2014\/08\/docteur-pc-ok.jpg 293w, https:\/\/referencement-pme.ca\/wp-content\/uploads\/2014\/08\/docteur-pc-ok-150x300.jpg 150w\" sizes=\"auto, (max-width: 293px) 100vw, 293px\" \/><\/p>\n<p id=\"caption-attachment-3672\" class=\"wp-caption-text\">To the rescue of your PC<\/p>\n<\/div>\n<p>It is because of updates and anti-virus barriers that installing a printer can be difficult in certain situations.<br \/>\nDon&#8217;t have the installation cd-rom?<\/p>\n<p>As a fine connoisseur of the web, you take care of finding the appropriate driver or software of the printer on the internet and install it cleanly, that is to say without having malware imposed on you that will modify the home page or being given a &#8220;do-it-all bar&#8221;&#8230; except what you want.<\/p>\n<p>When it starts, the printer is functional on all computers in the house, whether they are connected with a USB cable or on Wifi<\/p>\n<p>And if it is equipped with an APP to print remotely from an Iphone &#8230; It works too!<\/p>\n<h2>Data backup<\/h2>\n<p>Backing up your files and folders is a challenge today.<\/p>\n<p>Everyone fears the <strong>fatal crash of Windows<\/strong> because the risk is to lose work (files, documents, emails), memories (photos, videos, etc.) and precious personal documents&#8230; bank codes, access codes, scans of official papers&#8230;<\/p>\n<p>Implementing automated backup solutions locally (external hard drive) or on the <em>cloud<\/em> is common sense.<\/p>\n<p>Backing up computer data is the assurance of not losing your data<\/p>\n<h2><strong>Home Computer Training  <\/strong><\/h2>\n<p>IT is so vast today! Learning the basics is a must for anyone who wants to keep peace of mind.<br \/>\nNo, you&#8217;re not too old! &#8230; and you are perfectly capable <\/p>\n<ul>\n<li>use a computer<\/li>\n<li>Communicate with Skype<\/li>\n<li>Scan a document<\/li>\n<li>to find &#8220;lost&#8221; files<\/li>\n<li>print in photo quality<\/li>\n<li>To make your camera, smart phone and your gadgets communicate via Blutooth<\/li>\n<\/ul>\n<p>I invite you to make an appointment via (contact form) for the specific learning you are missing.<\/p>\n<p>During the trainings you will have as many explanations as there is time to practice,<\/p>\n<h2>Enterprise delivery, maintenance and internal network configuration<\/h2>\n<p>My interventions are fast and very affordable, I charge rates that vary according to the type of service from $20 to $30\/hour.<\/p>\n<p><strong>Guaranteed work 90 days. ***<\/strong><\/p>\n<p>&nbsp;<\/p>\n","protected":false},"excerpt":{"rendered":"<p>My guest of the month: A craftsman in computer troubleshooting A PC repairman, master in OS maintenance (operating systems as well as windows), virus exterminator and fine home network configurator. Trained &#8220;the old-fashioned way&#8221;, EMICA , for a long time a member of a gang of techno enthusiasts at a large computer manufacturer, his &#8220;customer&#8221; &#8230;<\/p>\n","protected":false},"author":2,"featured_media":8090,"parent":0,"menu_order":0,"comment_status":"open","ping_status":"open","template":"","meta":{"_lmt_disableupdate":"","_lmt_disable":"","_genesis_hide_title":false,"_genesis_hide_breadcrumbs":false,"_genesis_hide_singular_image":false,"_genesis_hide_footer_widgets":false,"_genesis_custom_body_class":"","_genesis_custom_post_class":"","_genesis_layout":"","footnotes":""},"class_list":{"0":"post-8698","1":"page","2":"type-page","3":"status-publish","4":"has-post-thumbnail","6":"entry"},"yoast_head":"<!-- This site is optimized with the Yoast SEO plugin v27.5 - https:\/\/yoast.com\/product\/yoast-seo-wordpress\/ -->\n<title>Repairing your computer? We&#039;ll take care of it! - SEO SEO agency, Web copywriting, backlinking<\/title>\n<meta name=\"description\" content=\"My guest of the month: A craftsman in computer troubleshooting A PC repairman, master in OS maintenance (operating systems as well as windows), virus\" \/>\n<meta name=\"robots\" content=\"index, follow, max-snippet:-1, max-image-preview:large, max-video-preview:-1\" \/>\n<link rel=\"canonical\" href=\"https:\/\/referencement-pme.ca\/en\/repairing-your-computer-well-take-care-of-it\/\" \/>\n<meta property=\"og:locale\" content=\"en_US\" \/>\n<meta property=\"og:type\" content=\"article\" \/>\n<meta property=\"og:title\" content=\"Repairing your computer? We&#039;ll take care of it! - SEO SEO agency, Web copywriting, backlinking\" \/>\n<meta property=\"og:description\" content=\"My guest of the month: A craftsman in computer troubleshooting A PC repairman, master in OS maintenance (operating systems as well as windows), virus\" \/>\n<meta property=\"og:url\" content=\"https:\/\/referencement-pme.ca\/en\/repairing-your-computer-well-take-care-of-it\/\" \/>\n<meta property=\"og:site_name\" content=\"SEO SEO agency, Web copywriting, backlinking\" \/>\n<meta property=\"article:modified_time\" content=\"2025-08-05T20:46:25+00:00\" \/>\n<meta property=\"og:image\" content=\"https:\/\/referencement-pme.ca\/wp-content\/uploads\/2014\/08\/demonter-laptop.jpg\" \/>\n\t<meta property=\"og:image:width\" content=\"600\" \/>\n\t<meta property=\"og:image:height\" content=\"308\" \/>\n\t<meta property=\"og:image:type\" content=\"image\/jpeg\" \/>\n<meta name=\"twitter:card\" content=\"summary_large_image\" \/>\n<meta name=\"twitter:label1\" content=\"Est. reading time\" \/>\n\t<meta name=\"twitter:data1\" content=\"6 minutes\" \/>\n<script type=\"application\/ld+json\" class=\"yoast-schema-graph\">{\"@context\":\"https:\\\/\\\/schema.org\",\"@graph\":[{\"@type\":\"WebPage\",\"@id\":\"https:\\\/\\\/referencement-pme.ca\\\/en\\\/repairing-your-computer-well-take-care-of-it\\\/\",\"url\":\"https:\\\/\\\/referencement-pme.ca\\\/en\\\/repairing-your-computer-well-take-care-of-it\\\/\",\"name\":\"Repairing your computer? We'll take care of it! - SEO SEO agency, Web copywriting, backlinking\",\"isPartOf\":{\"@id\":\"https:\\\/\\\/referencement-pme.ca\\\/en\\\/#website\"},\"primaryImageOfPage\":{\"@id\":\"https:\\\/\\\/referencement-pme.ca\\\/en\\\/repairing-your-computer-well-take-care-of-it\\\/#primaryimage\"},\"image\":{\"@id\":\"https:\\\/\\\/referencement-pme.ca\\\/en\\\/repairing-your-computer-well-take-care-of-it\\\/#primaryimage\"},\"thumbnailUrl\":\"https:\\\/\\\/referencement-pme.ca\\\/wp-content\\\/uploads\\\/2014\\\/08\\\/demonter-laptop.jpg\",\"datePublished\":\"2014-08-29T13:36:43+00:00\",\"dateModified\":\"2025-08-05T20:46:25+00:00\",\"description\":\"My guest of the month: A craftsman in computer troubleshooting A PC repairman, master in OS maintenance (operating systems as well as windows), virus\",\"breadcrumb\":{\"@id\":\"https:\\\/\\\/referencement-pme.ca\\\/en\\\/repairing-your-computer-well-take-care-of-it\\\/#breadcrumb\"},\"inLanguage\":\"en-US\",\"potentialAction\":[{\"@type\":\"ReadAction\",\"target\":[\"https:\\\/\\\/referencement-pme.ca\\\/en\\\/repairing-your-computer-well-take-care-of-it\\\/\"]}]},{\"@type\":\"ImageObject\",\"inLanguage\":\"en-US\",\"@id\":\"https:\\\/\\\/referencement-pme.ca\\\/en\\\/repairing-your-computer-well-take-care-of-it\\\/#primaryimage\",\"url\":\"https:\\\/\\\/referencement-pme.ca\\\/wp-content\\\/uploads\\\/2014\\\/08\\\/demonter-laptop.jpg\",\"contentUrl\":\"https:\\\/\\\/referencement-pme.ca\\\/wp-content\\\/uploads\\\/2014\\\/08\\\/demonter-laptop.jpg\",\"width\":600,\"height\":308,\"caption\":\"comment demonter un laptop\"},{\"@type\":\"BreadcrumbList\",\"@id\":\"https:\\\/\\\/referencement-pme.ca\\\/en\\\/repairing-your-computer-well-take-care-of-it\\\/#breadcrumb\",\"itemListElement\":[{\"@type\":\"ListItem\",\"position\":1,\"name\":\"Reception\",\"item\":\"https:\\\/\\\/referencement-pme.ca\\\/en\\\/\"},{\"@type\":\"ListItem\",\"position\":2,\"name\":\"Repairing your computer? We&rsquo;ll take care of it!\"}]},{\"@type\":\"WebSite\",\"@id\":\"https:\\\/\\\/referencement-pme.ca\\\/en\\\/#website\",\"url\":\"https:\\\/\\\/referencement-pme.ca\\\/en\\\/\",\"name\":\"Agence de r\u00e9f\u00e9rencement Web SEO naturel, R\u00e9daction web, backlinking\",\"description\":\"SEO and Web Writing, your readability is your visibility\",\"publisher\":{\"@id\":\"https:\\\/\\\/referencement-pme.ca\\\/en\\\/#organization\"},\"alternateName\":\"Agence de r\u00e9f\u00e9rencement Web SEO naturel, R\u00e9daction web, backlinking\",\"potentialAction\":[{\"@type\":\"SearchAction\",\"target\":{\"@type\":\"EntryPoint\",\"urlTemplate\":\"https:\\\/\\\/referencement-pme.ca\\\/en\\\/?s={search_term_string}\"},\"query-input\":{\"@type\":\"PropertyValueSpecification\",\"valueRequired\":true,\"valueName\":\"search_term_string\"}}],\"inLanguage\":\"en-US\"},{\"@type\":\"Organization\",\"@id\":\"https:\\\/\\\/referencement-pme.ca\\\/en\\\/#organization\",\"name\":\"SEO SEO agency, Web copywriting, backlinking\",\"alternateName\":\"SEO SEO agency, Web copywriting, backlinking\",\"url\":\"https:\\\/\\\/referencement-pme.ca\\\/en\\\/\",\"logo\":{\"@type\":\"ImageObject\",\"inLanguage\":\"en-US\",\"@id\":\"https:\\\/\\\/referencement-pme.ca\\\/en\\\/#\\\/schema\\\/logo\\\/image\\\/\",\"url\":\"https:\\\/\\\/referencement-pme.ca\\\/wp-content\\\/uploads\\\/2015\\\/08\\\/logo-pme-ref.jpg\",\"contentUrl\":\"https:\\\/\\\/referencement-pme.ca\\\/wp-content\\\/uploads\\\/2015\\\/08\\\/logo-pme-ref.jpg\",\"width\":250,\"height\":75,\"caption\":\"SEO SEO agency, Web copywriting, backlinking\"},\"image\":{\"@id\":\"https:\\\/\\\/referencement-pme.ca\\\/en\\\/#\\\/schema\\\/logo\\\/image\\\/\"}}]}<\/script>\n<!-- \/ Yoast SEO plugin. -->","yoast_head_json":{"title":"Repairing your computer? We'll take care of it! - SEO SEO agency, Web copywriting, backlinking","description":"My guest of the month: A craftsman in computer troubleshooting A PC repairman, master in OS maintenance (operating systems as well as windows), virus","robots":{"index":"index","follow":"follow","max-snippet":"max-snippet:-1","max-image-preview":"max-image-preview:large","max-video-preview":"max-video-preview:-1"},"canonical":"https:\/\/referencement-pme.ca\/en\/repairing-your-computer-well-take-care-of-it\/","og_locale":"en_US","og_type":"article","og_title":"Repairing your computer? We'll take care of it! - SEO SEO agency, Web copywriting, backlinking","og_description":"My guest of the month: A craftsman in computer troubleshooting A PC repairman, master in OS maintenance (operating systems as well as windows), virus","og_url":"https:\/\/referencement-pme.ca\/en\/repairing-your-computer-well-take-care-of-it\/","og_site_name":"SEO SEO agency, Web copywriting, backlinking","article_modified_time":"2025-08-05T20:46:25+00:00","og_image":[{"width":600,"height":308,"url":"https:\/\/referencement-pme.ca\/wp-content\/uploads\/2014\/08\/demonter-laptop.jpg","type":"image\/jpeg"}],"twitter_card":"summary_large_image","twitter_misc":{"Est. reading time":"6 minutes"},"schema":{"@context":"https:\/\/schema.org","@graph":[{"@type":"WebPage","@id":"https:\/\/referencement-pme.ca\/en\/repairing-your-computer-well-take-care-of-it\/","url":"https:\/\/referencement-pme.ca\/en\/repairing-your-computer-well-take-care-of-it\/","name":"Repairing your computer? We'll take care of it! - SEO SEO agency, Web copywriting, backlinking","isPartOf":{"@id":"https:\/\/referencement-pme.ca\/en\/#website"},"primaryImageOfPage":{"@id":"https:\/\/referencement-pme.ca\/en\/repairing-your-computer-well-take-care-of-it\/#primaryimage"},"image":{"@id":"https:\/\/referencement-pme.ca\/en\/repairing-your-computer-well-take-care-of-it\/#primaryimage"},"thumbnailUrl":"https:\/\/referencement-pme.ca\/wp-content\/uploads\/2014\/08\/demonter-laptop.jpg","datePublished":"2014-08-29T13:36:43+00:00","dateModified":"2025-08-05T20:46:25+00:00","description":"My guest of the month: A craftsman in computer troubleshooting A PC repairman, master in OS maintenance (operating systems as well as windows), virus","breadcrumb":{"@id":"https:\/\/referencement-pme.ca\/en\/repairing-your-computer-well-take-care-of-it\/#breadcrumb"},"inLanguage":"en-US","potentialAction":[{"@type":"ReadAction","target":["https:\/\/referencement-pme.ca\/en\/repairing-your-computer-well-take-care-of-it\/"]}]},{"@type":"ImageObject","inLanguage":"en-US","@id":"https:\/\/referencement-pme.ca\/en\/repairing-your-computer-well-take-care-of-it\/#primaryimage","url":"https:\/\/referencement-pme.ca\/wp-content\/uploads\/2014\/08\/demonter-laptop.jpg","contentUrl":"https:\/\/referencement-pme.ca\/wp-content\/uploads\/2014\/08\/demonter-laptop.jpg","width":600,"height":308,"caption":"comment demonter un laptop"},{"@type":"BreadcrumbList","@id":"https:\/\/referencement-pme.ca\/en\/repairing-your-computer-well-take-care-of-it\/#breadcrumb","itemListElement":[{"@type":"ListItem","position":1,"name":"Reception","item":"https:\/\/referencement-pme.ca\/en\/"},{"@type":"ListItem","position":2,"name":"Repairing your computer? We&rsquo;ll take care of it!"}]},{"@type":"WebSite","@id":"https:\/\/referencement-pme.ca\/en\/#website","url":"https:\/\/referencement-pme.ca\/en\/","name":"Agence de r\u00e9f\u00e9rencement Web SEO naturel, R\u00e9daction web, backlinking","description":"SEO and Web Writing, your readability is your visibility","publisher":{"@id":"https:\/\/referencement-pme.ca\/en\/#organization"},"alternateName":"Agence de r\u00e9f\u00e9rencement Web SEO naturel, R\u00e9daction web, backlinking","potentialAction":[{"@type":"SearchAction","target":{"@type":"EntryPoint","urlTemplate":"https:\/\/referencement-pme.ca\/en\/?s={search_term_string}"},"query-input":{"@type":"PropertyValueSpecification","valueRequired":true,"valueName":"search_term_string"}}],"inLanguage":"en-US"},{"@type":"Organization","@id":"https:\/\/referencement-pme.ca\/en\/#organization","name":"SEO SEO agency, Web copywriting, backlinking","alternateName":"SEO SEO agency, Web copywriting, backlinking","url":"https:\/\/referencement-pme.ca\/en\/","logo":{"@type":"ImageObject","inLanguage":"en-US","@id":"https:\/\/referencement-pme.ca\/en\/#\/schema\/logo\/image\/","url":"https:\/\/referencement-pme.ca\/wp-content\/uploads\/2015\/08\/logo-pme-ref.jpg","contentUrl":"https:\/\/referencement-pme.ca\/wp-content\/uploads\/2015\/08\/logo-pme-ref.jpg","width":250,"height":75,"caption":"SEO SEO agency, Web copywriting, backlinking"},"image":{"@id":"https:\/\/referencement-pme.ca\/en\/#\/schema\/logo\/image\/"}}]}},"_links":{"self":[{"href":"https:\/\/referencement-pme.ca\/en\/wp-json\/wp\/v2\/pages\/8698","targetHints":{"allow":["GET"]}}],"collection":[{"href":"https:\/\/referencement-pme.ca\/en\/wp-json\/wp\/v2\/pages"}],"about":[{"href":"https:\/\/referencement-pme.ca\/en\/wp-json\/wp\/v2\/types\/page"}],"author":[{"embeddable":true,"href":"https:\/\/referencement-pme.ca\/en\/wp-json\/wp\/v2\/users\/2"}],"replies":[{"embeddable":true,"href":"https:\/\/referencement-pme.ca\/en\/wp-json\/wp\/v2\/comments?post=8698"}],"version-history":[{"count":0,"href":"https:\/\/referencement-pme.ca\/en\/wp-json\/wp\/v2\/pages\/8698\/revisions"}],"wp:featuredmedia":[{"embeddable":true,"href":"https:\/\/referencement-pme.ca\/en\/wp-json\/wp\/v2\/media\/8090"}],"wp:attachment":[{"href":"https:\/\/referencement-pme.ca\/en\/wp-json\/wp\/v2\/media?parent=8698"}],"curies":[{"name":"wp","href":"https:\/\/api.w.org\/{rel}","templated":true}]}}