{"id":8694,"date":"2011-10-16T21:18:21","date_gmt":"2011-10-17T01:18:21","guid":{"rendered":"https:\/\/referencement-pme.ca\/website-creation-under-wordpress\/"},"modified":"2025-08-05T16:46:22","modified_gmt":"2025-08-05T20:46:22","slug":"website-creation-under-wordpress","status":"publish","type":"page","link":"https:\/\/referencement-pme.ca\/en\/website-creation-under-wordpress\/","title":{"rendered":"Website creation under WordPress"},"content":{"rendered":"<blockquote class=\"alignleft\"><p>The web has changed, it has become democratized, millions of people browse every day on a constantly growing number of sites<\/p><\/blockquote>\n<p> Businesses, self-employed workers, associations, artists, academics, administrative services, governments, but also school classes, teen blogs or family sites&#8230; Since website management has become almost as easy as writing a letter in a word processor, everyone is thinking about <a href=\"https:\/\/blackcatseo.ca\/conception-web\/\"><strong>creating their own website<\/strong><\/a> . The same is not true for <a href=\"https:\/\/referencement-pme.ca\/en\/mobile-application-creation-design-development-montreal\/\">mobile app development<\/a> <\/p>\n<h2>Creating your website with WordPress: 12 good reasons<\/h2>\n<p>There are a very large number of CMSs (see <a href=\"http:\/\/fr.wikipedia.org\/wiki\/Liste_de_syst%C3%A8mes_de_gestion_de_contenu\" target=\"_blank\" rel=\"noopener\">the impressive list of CMSs <\/a> on Wikipedia) and even if I recognize some of them as having great qualities (let&#8217;s mention <a title=\"Contao\" href=\"http:\/\/fr.wikipedia.org\/wiki\/Contao\">Contao<\/a> for example), for my clients I often develop under WordPress: Why?:    <\/p>\n<ul class=\"list-1\">\n<li>It is the most widespread in the world<\/li>\n<li>Bye bye webmaster, you manage the site yourself<\/li>\n<li>It offers the largest number of models on the market<\/li>\n<li>It is the easiest to use for neophytes, it is the most intuitive<\/li>\n<li>Its model cost is modest, from 00 to 45 dollars<img loading=\"lazy\" decoding=\"async\" class=\"alignright size-medium wp-image-1738\" title=\"wordpress-site-creation2\" src=\"https:\/\/referencement-pme.ca\/wp-content\/uploads\/2011\/10\/creation-site-wordpress2-300x225.jpg\" alt=\"WordPress Website Creation\" width=\"300\" height=\"225\" srcset=\"https:\/\/referencement-pme.ca\/wp-content\/uploads\/2011\/10\/creation-site-wordpress2-300x225.jpg 300w, https:\/\/referencement-pme.ca\/wp-content\/uploads\/2011\/10\/creation-site-wordpress2.jpg 500w\" sizes=\"auto, (max-width: 300px) 100vw, 300px\" \/><\/li>\n<li>It has a larger number of functions that can be added together (plugins &#8211; most often in two clicks)<\/li>\n<li>It has many drag-and-drop functions<\/li>\n<li>It is the most &#8220;updated&#8221;, the most constantly evolving<\/li>\n<li>It has the largest community to get help<\/li>\n<li>It&#8217;s SEO-ready once set up<\/li>\n<li>It is secure against spam.<\/li>\n<li>It is <a title=\"WordPress recommended by Matt Cutts\" href=\"https:\/\/referencement-pme.ca\/wordpress-referencement-facile\/wordpress-recommande-par-matt-cutts\/\">very popular with Google<\/a><\/li>\n<li>A large number of developers are ready to program your needs in advanced functions.<\/li>\n<\/ul>\n<h2>Your WordPress website on a daily basis<\/h2>\n<p>As soon as it is delivered and 3 hours of training in the administrator interface (included in my installation contract) you become the master of the ship. Gone is the webmaster who was a guru.     You can add a service to a page,<\/p>\n<ul class=\"list-7\">\n<li style=\"text-align: justify;\">a product with its photo,<\/li>\n<li style=\"text-align: justify;\">videos,<\/li>\n<li style=\"text-align: justify;\">an audio file,<\/li>\n<li style=\"text-align: justify;\">create a new page,<\/li>\n<li style=\"text-align: justify;\">Report it on Facebook,<\/li>\n<li style=\"text-align: justify;\">or Tweeter or Linkedin, etc<\/li>\n<\/ul>\n<h3><span class=\"Apple-style-span\" style=\"font-size: 13px; font-weight: normal;\">Want to edit a page to present text in two columns? or three? <\/span><\/h3>\n<h3>Easy with shortcodes<\/h3>\n<ul style=\"text-align: justify;\">\n<li>Your <em>sidebar<\/em> is on the right, but on this page you want it on the left, or you don&#8217;t?<\/li>\n<\/ul>\n<p style=\"text-align: justify;\">A choice to be made from a drop-down list!<\/p>\n<ul style=\"text-align: justify;\">\n<li>You want to open comments to Internet users or close them to them&#8230;<\/li>\n<\/ul>\n<p style=\"text-align: justify;\">A simple checkbox!<\/p>\n<p>The logic of this &#8220;software&#8221;, of this platform is such that it becomes exciting to enrich your site yourself.<\/p>\n<h2>A cheap website<\/h2>\n<p>Assuming you don&#8217;t want to mess up the entire CSS of your chosen template and stick to your old site&#8217;s branding or the selected template, it&#8217;s possible to install your site set up and SEO-ready as little as $500.<\/p>\n<h3>My website creation contract includes:<\/h3>\n<p><a href=\"http:\/\/referencement-pme.ca\/wp-content\/uploads\/2011\/10\/contrat-creation-site-web.jpg\"><img loading=\"lazy\" decoding=\"async\" class=\"alignright wp-image-1740 size-medium\" title=\"contract-creation-website-\" src=\"https:\/\/referencement-pme.ca\/wp-content\/uploads\/2011\/10\/contrat-creation-site-web-199x300.jpg\" alt=\"\" width=\"199\" height=\"300\" srcset=\"https:\/\/referencement-pme.ca\/wp-content\/uploads\/2011\/10\/contrat-creation-site-web-199x300.jpg 199w, https:\/\/referencement-pme.ca\/wp-content\/uploads\/2011\/10\/contrat-creation-site-web.jpg 564w\" sizes=\"auto, (max-width: 199px) 100vw, 199px\" \/><\/a><\/p>\n<ul class=\"list-4\">\n<li>Installing WordPress on your server<\/li>\n<li>Installing your template<\/li>\n<li>Inserting Your Banner<\/li>\n<li>Insertion of the company logo<\/li>\n<li>Installation of plugins guaranteeing SEO<\/li>\n<li>Configure the site&#8217;s options according to your desires<\/li>\n<li>Sidebar configuration according to your needs<\/li>\n<li>Social media connections<\/li>\n<li>To install the blog or not<\/li>\n<li>Transfer of existing pages (price according to the number of pages)<\/li>\n<li>Platform training (3h)<\/li>\n<\/ul>\n<p> Consult the<a href=\"https:\/\/referencement-pme.ca\/en\/seo-rates-for-your-website\/\"> list of prices<\/a> including <a title=\"SEO Montreal\" href=\"https:\/\/referencement-pme.ca\/en\/seo-and-seo-training-montreal\/\">SEO<\/a><a href=\"https:\/\/blackcatseo.ca\/\"> services  <\/a><\/p>\n","protected":false},"excerpt":{"rendered":"<p>The web has changed, it has become democratized, millions of people browse every day on a constantly growing number of sites Businesses, self-employed workers, associations, artists, academics, administrative services, governments, but also school classes, teen blogs or family sites&#8230; Since website management has become almost as easy as writing a letter in a word processor, &#8230;<\/p>\n","protected":false},"author":2,"featured_media":0,"parent":0,"menu_order":0,"comment_status":"closed","ping_status":"closed","template":"","meta":{"_lmt_disableupdate":"","_lmt_disable":"","_genesis_hide_title":false,"_genesis_hide_breadcrumbs":false,"_genesis_hide_singular_image":false,"_genesis_hide_footer_widgets":false,"_genesis_custom_body_class":"","_genesis_custom_post_class":"","_genesis_layout":"","footnotes":""},"class_list":{"0":"post-8694","1":"page","2":"type-page","3":"status-publish","5":"entry","6":"has-post-thumbnail"},"yoast_head":"<!-- This site is optimized with the Yoast SEO plugin v27.5 - https:\/\/yoast.com\/product\/yoast-seo-wordpress\/ -->\n<title>Website creation under WordPress - SEO SEO agency, Web copywriting, backlinking<\/title>\n<meta name=\"description\" content=\"Businesses, self-employed workers, associations, artists, academics, administrative services, governments, but also school classes, teen blogs or family\" \/>\n<meta name=\"robots\" content=\"index, follow, max-snippet:-1, max-image-preview:large, max-video-preview:-1\" \/>\n<link rel=\"canonical\" href=\"https:\/\/referencement-pme.ca\/en\/website-creation-under-wordpress\/\" \/>\n<meta property=\"og:locale\" content=\"en_US\" \/>\n<meta property=\"og:type\" content=\"article\" \/>\n<meta property=\"og:title\" content=\"Website creation under WordPress - SEO SEO agency, Web copywriting, backlinking\" \/>\n<meta property=\"og:description\" content=\"Businesses, self-employed workers, associations, artists, academics, administrative services, governments, but also school classes, teen blogs or family\" \/>\n<meta property=\"og:url\" content=\"https:\/\/referencement-pme.ca\/en\/website-creation-under-wordpress\/\" \/>\n<meta property=\"og:site_name\" content=\"SEO SEO agency, Web copywriting, backlinking\" \/>\n<meta property=\"article:modified_time\" content=\"2025-08-05T20:46:22+00:00\" \/>\n<meta property=\"og:image\" content=\"http:\/\/referencement-pme.ca\/wp-content\/uploads\/2011\/10\/creation-site-wordpress2-300x225.jpg\" \/>\n<meta name=\"twitter:card\" content=\"summary_large_image\" \/>\n<meta name=\"twitter:label1\" content=\"Est. reading time\" \/>\n\t<meta name=\"twitter:data1\" content=\"3 minutes\" \/>\n<script type=\"application\/ld+json\" class=\"yoast-schema-graph\">{\"@context\":\"https:\\\/\\\/schema.org\",\"@graph\":[{\"@type\":\"WebPage\",\"@id\":\"https:\\\/\\\/referencement-pme.ca\\\/en\\\/website-creation-under-wordpress\\\/\",\"url\":\"https:\\\/\\\/referencement-pme.ca\\\/en\\\/website-creation-under-wordpress\\\/\",\"name\":\"Website creation under WordPress - SEO SEO agency, Web copywriting, backlinking\",\"isPartOf\":{\"@id\":\"https:\\\/\\\/referencement-pme.ca\\\/en\\\/#website\"},\"primaryImageOfPage\":{\"@id\":\"https:\\\/\\\/referencement-pme.ca\\\/en\\\/website-creation-under-wordpress\\\/#primaryimage\"},\"image\":{\"@id\":\"https:\\\/\\\/referencement-pme.ca\\\/en\\\/website-creation-under-wordpress\\\/#primaryimage\"},\"thumbnailUrl\":\"http:\\\/\\\/referencement-pme.ca\\\/wp-content\\\/uploads\\\/2011\\\/10\\\/creation-site-wordpress2-300x225.jpg\",\"datePublished\":\"2011-10-17T01:18:21+00:00\",\"dateModified\":\"2025-08-05T20:46:22+00:00\",\"description\":\"Businesses, self-employed workers, associations, artists, academics, administrative services, governments, but also school classes, teen blogs or family\",\"breadcrumb\":{\"@id\":\"https:\\\/\\\/referencement-pme.ca\\\/en\\\/website-creation-under-wordpress\\\/#breadcrumb\"},\"inLanguage\":\"en-US\",\"potentialAction\":[{\"@type\":\"ReadAction\",\"target\":[\"https:\\\/\\\/referencement-pme.ca\\\/en\\\/website-creation-under-wordpress\\\/\"]}]},{\"@type\":\"ImageObject\",\"inLanguage\":\"en-US\",\"@id\":\"https:\\\/\\\/referencement-pme.ca\\\/en\\\/website-creation-under-wordpress\\\/#primaryimage\",\"url\":\"http:\\\/\\\/referencement-pme.ca\\\/wp-content\\\/uploads\\\/2011\\\/10\\\/creation-site-wordpress2-300x225.jpg\",\"contentUrl\":\"http:\\\/\\\/referencement-pme.ca\\\/wp-content\\\/uploads\\\/2011\\\/10\\\/creation-site-wordpress2-300x225.jpg\"},{\"@type\":\"BreadcrumbList\",\"@id\":\"https:\\\/\\\/referencement-pme.ca\\\/en\\\/website-creation-under-wordpress\\\/#breadcrumb\",\"itemListElement\":[{\"@type\":\"ListItem\",\"position\":1,\"name\":\"Reception\",\"item\":\"https:\\\/\\\/referencement-pme.ca\\\/en\\\/\"},{\"@type\":\"ListItem\",\"position\":2,\"name\":\"Website creation under WordPress\"}]},{\"@type\":\"WebSite\",\"@id\":\"https:\\\/\\\/referencement-pme.ca\\\/en\\\/#website\",\"url\":\"https:\\\/\\\/referencement-pme.ca\\\/en\\\/\",\"name\":\"Agence de r\u00e9f\u00e9rencement Web SEO naturel, R\u00e9daction web, backlinking\",\"description\":\"SEO and Web Writing, your readability is your visibility\",\"publisher\":{\"@id\":\"https:\\\/\\\/referencement-pme.ca\\\/en\\\/#organization\"},\"alternateName\":\"Agence de r\u00e9f\u00e9rencement Web SEO naturel, R\u00e9daction web, backlinking\",\"potentialAction\":[{\"@type\":\"SearchAction\",\"target\":{\"@type\":\"EntryPoint\",\"urlTemplate\":\"https:\\\/\\\/referencement-pme.ca\\\/en\\\/?s={search_term_string}\"},\"query-input\":{\"@type\":\"PropertyValueSpecification\",\"valueRequired\":true,\"valueName\":\"search_term_string\"}}],\"inLanguage\":\"en-US\"},{\"@type\":\"Organization\",\"@id\":\"https:\\\/\\\/referencement-pme.ca\\\/en\\\/#organization\",\"name\":\"SEO SEO agency, Web copywriting, backlinking\",\"alternateName\":\"SEO SEO agency, Web copywriting, backlinking\",\"url\":\"https:\\\/\\\/referencement-pme.ca\\\/en\\\/\",\"logo\":{\"@type\":\"ImageObject\",\"inLanguage\":\"en-US\",\"@id\":\"https:\\\/\\\/referencement-pme.ca\\\/en\\\/#\\\/schema\\\/logo\\\/image\\\/\",\"url\":\"https:\\\/\\\/referencement-pme.ca\\\/wp-content\\\/uploads\\\/2015\\\/08\\\/logo-pme-ref.jpg\",\"contentUrl\":\"https:\\\/\\\/referencement-pme.ca\\\/wp-content\\\/uploads\\\/2015\\\/08\\\/logo-pme-ref.jpg\",\"width\":250,\"height\":75,\"caption\":\"SEO SEO agency, Web copywriting, backlinking\"},\"image\":{\"@id\":\"https:\\\/\\\/referencement-pme.ca\\\/en\\\/#\\\/schema\\\/logo\\\/image\\\/\"}}]}<\/script>\n<!-- \/ Yoast SEO plugin. -->","yoast_head_json":{"title":"Website creation under WordPress - SEO SEO agency, Web copywriting, backlinking","description":"Businesses, self-employed workers, associations, artists, academics, administrative services, governments, but also school classes, teen blogs or family","robots":{"index":"index","follow":"follow","max-snippet":"max-snippet:-1","max-image-preview":"max-image-preview:large","max-video-preview":"max-video-preview:-1"},"canonical":"https:\/\/referencement-pme.ca\/en\/website-creation-under-wordpress\/","og_locale":"en_US","og_type":"article","og_title":"Website creation under WordPress - SEO SEO agency, Web copywriting, backlinking","og_description":"Businesses, self-employed workers, associations, artists, academics, administrative services, governments, but also school classes, teen blogs or family","og_url":"https:\/\/referencement-pme.ca\/en\/website-creation-under-wordpress\/","og_site_name":"SEO SEO agency, Web copywriting, backlinking","article_modified_time":"2025-08-05T20:46:22+00:00","og_image":[{"url":"http:\/\/referencement-pme.ca\/wp-content\/uploads\/2011\/10\/creation-site-wordpress2-300x225.jpg","type":"","width":"","height":""}],"twitter_card":"summary_large_image","twitter_misc":{"Est. reading time":"3 minutes"},"schema":{"@context":"https:\/\/schema.org","@graph":[{"@type":"WebPage","@id":"https:\/\/referencement-pme.ca\/en\/website-creation-under-wordpress\/","url":"https:\/\/referencement-pme.ca\/en\/website-creation-under-wordpress\/","name":"Website creation under WordPress - SEO SEO agency, Web copywriting, backlinking","isPartOf":{"@id":"https:\/\/referencement-pme.ca\/en\/#website"},"primaryImageOfPage":{"@id":"https:\/\/referencement-pme.ca\/en\/website-creation-under-wordpress\/#primaryimage"},"image":{"@id":"https:\/\/referencement-pme.ca\/en\/website-creation-under-wordpress\/#primaryimage"},"thumbnailUrl":"http:\/\/referencement-pme.ca\/wp-content\/uploads\/2011\/10\/creation-site-wordpress2-300x225.jpg","datePublished":"2011-10-17T01:18:21+00:00","dateModified":"2025-08-05T20:46:22+00:00","description":"Businesses, self-employed workers, associations, artists, academics, administrative services, governments, but also school classes, teen blogs or family","breadcrumb":{"@id":"https:\/\/referencement-pme.ca\/en\/website-creation-under-wordpress\/#breadcrumb"},"inLanguage":"en-US","potentialAction":[{"@type":"ReadAction","target":["https:\/\/referencement-pme.ca\/en\/website-creation-under-wordpress\/"]}]},{"@type":"ImageObject","inLanguage":"en-US","@id":"https:\/\/referencement-pme.ca\/en\/website-creation-under-wordpress\/#primaryimage","url":"http:\/\/referencement-pme.ca\/wp-content\/uploads\/2011\/10\/creation-site-wordpress2-300x225.jpg","contentUrl":"http:\/\/referencement-pme.ca\/wp-content\/uploads\/2011\/10\/creation-site-wordpress2-300x225.jpg"},{"@type":"BreadcrumbList","@id":"https:\/\/referencement-pme.ca\/en\/website-creation-under-wordpress\/#breadcrumb","itemListElement":[{"@type":"ListItem","position":1,"name":"Reception","item":"https:\/\/referencement-pme.ca\/en\/"},{"@type":"ListItem","position":2,"name":"Website creation under WordPress"}]},{"@type":"WebSite","@id":"https:\/\/referencement-pme.ca\/en\/#website","url":"https:\/\/referencement-pme.ca\/en\/","name":"Agence de r\u00e9f\u00e9rencement Web SEO naturel, R\u00e9daction web, backlinking","description":"SEO and Web Writing, your readability is your visibility","publisher":{"@id":"https:\/\/referencement-pme.ca\/en\/#organization"},"alternateName":"Agence de r\u00e9f\u00e9rencement Web SEO naturel, R\u00e9daction web, backlinking","potentialAction":[{"@type":"SearchAction","target":{"@type":"EntryPoint","urlTemplate":"https:\/\/referencement-pme.ca\/en\/?s={search_term_string}"},"query-input":{"@type":"PropertyValueSpecification","valueRequired":true,"valueName":"search_term_string"}}],"inLanguage":"en-US"},{"@type":"Organization","@id":"https:\/\/referencement-pme.ca\/en\/#organization","name":"SEO SEO agency, Web copywriting, backlinking","alternateName":"SEO SEO agency, Web copywriting, backlinking","url":"https:\/\/referencement-pme.ca\/en\/","logo":{"@type":"ImageObject","inLanguage":"en-US","@id":"https:\/\/referencement-pme.ca\/en\/#\/schema\/logo\/image\/","url":"https:\/\/referencement-pme.ca\/wp-content\/uploads\/2015\/08\/logo-pme-ref.jpg","contentUrl":"https:\/\/referencement-pme.ca\/wp-content\/uploads\/2015\/08\/logo-pme-ref.jpg","width":250,"height":75,"caption":"SEO SEO agency, Web copywriting, backlinking"},"image":{"@id":"https:\/\/referencement-pme.ca\/en\/#\/schema\/logo\/image\/"}}]}},"_links":{"self":[{"href":"https:\/\/referencement-pme.ca\/en\/wp-json\/wp\/v2\/pages\/8694","targetHints":{"allow":["GET"]}}],"collection":[{"href":"https:\/\/referencement-pme.ca\/en\/wp-json\/wp\/v2\/pages"}],"about":[{"href":"https:\/\/referencement-pme.ca\/en\/wp-json\/wp\/v2\/types\/page"}],"author":[{"embeddable":true,"href":"https:\/\/referencement-pme.ca\/en\/wp-json\/wp\/v2\/users\/2"}],"replies":[{"embeddable":true,"href":"https:\/\/referencement-pme.ca\/en\/wp-json\/wp\/v2\/comments?post=8694"}],"version-history":[{"count":0,"href":"https:\/\/referencement-pme.ca\/en\/wp-json\/wp\/v2\/pages\/8694\/revisions"}],"wp:attachment":[{"href":"https:\/\/referencement-pme.ca\/en\/wp-json\/wp\/v2\/media?parent=8694"}],"curies":[{"name":"wp","href":"https:\/\/api.w.org\/{rel}","templated":true}]}}