{"id":8693,"date":"2012-03-03T12:23:11","date_gmt":"2012-03-03T17:23:11","guid":{"rendered":"https:\/\/referencement-pme.ca\/google-patner-certified-adwords-specialist-internet-advertising\/"},"modified":"2025-08-05T16:46:22","modified_gmt":"2025-08-05T20:46:22","slug":"google-patner-certified-adwords-specialist-internet-advertising","status":"publish","type":"page","link":"https:\/\/referencement-pme.ca\/en\/google-patner-certified-adwords-specialist-internet-advertising\/","title":{"rendered":"Google Patner Certified Adwords Specialist (Internet Advertising)"},"content":{"rendered":"<h2>What is your expertise in Adwords campaign management?<\/h2>\n<blockquote class=\"alignleft\"><p>The Adwords campaign is the complement of natural referencing, especially for very young sites that do not yet have organic traffic<\/p><\/blockquote>\n<p> This is the most certain way to <a href=\"https:\/\/referencement-pme.ca\/premiere-page-google\/\">display your website on the 1st page of Google results<\/a> &#8230; but at what cost!<\/p>\n<p>What are your results in Adwords campaign management? How many times have I heard this question about expertise in Internet advertising management! It is true that apart from the results of my campaigns that I can claim, (very solid CTRs, impeccable <em>quality scores<\/em> and undisputed conversion rates), the only validation of recognized competence comes from the master himself.<br \/>\nThe exam validates the title of <strong>Adwords certified<\/strong> granted to the Google Campaign Manager specialties from the &#8220;<a href=\"http:\/\/goo.gl\/yg2OX\" target=\"_blank\" rel=\"noopener noreferrer\">Google Adwords Online University<\/a>&#8220;.  <\/p>\n<p>Having noticed that many big agencies with heavy invoices (those that charge 15% of the adwords budget) displayed the famous logo without linking it to the <strong>official Google certified page<\/strong>&#8230; or that most often <strong>only the head of the agency<\/strong> was certified and not the real campaign managers who are their employees.<\/p>\n<div class=\"twf_jefais icon\">SEO SME, <a href=\"https:\/\/referencement-pme.ca\/en\/seo-agency-sem-organic-seo\/\">SEO SEM agency<\/a> since February 2012, is confronted with the questions of the 2 official exams that validate the <strong>Google Adwords certification<\/strong> and regularly display the performance of the partner profile  <\/div>\n<ul>\n<li>March 2, 2012 Basic and Advanced Certification Acquired<\/li>\n<li>February 19, 2013: Advanced Certification Renewal<\/li>\n<li>new confirmation of the two Adwords certifications (search engine) between May and June 2014: <a title=\"Google Partner\" href=\"https:\/\/www.google.com\/partners\/#a_profile;idtf=9241745847;\" target=\"_blank\" rel=\"noopener noreferrer\">link to the official Partner certification<\/a> .<\/li>\n<li>August 07, 2015: Advanced Certification Renewal<\/li>\n<li>February 25, 2016 Good Practice &gt; Level 97%, Managed &gt; Budget $100,000<\/li>\n<\/ul>\n<p>&nbsp;<\/p>\n<h3>Screenshot of the private interface of the Google Partner Account of SME SEO<\/h3>\n<p><img loading=\"lazy\" decoding=\"async\" class=\"aligncenter size-full wp-image-5057\" src=\"https:\/\/referencement-pme.ca\/wp-content\/uploads\/2012\/03\/partner-ref-pme.jpg\" alt=\"Google Partner best practices\" width=\"668\" height=\"611\" srcset=\"https:\/\/referencement-pme.ca\/wp-content\/uploads\/2012\/03\/partner-ref-pme.jpg 668w, https:\/\/referencement-pme.ca\/wp-content\/uploads\/2012\/03\/partner-ref-pme-300x274.jpg 300w\" sizes=\"auto, (max-width: 668px) 100vw, 668px\" \/><\/p>\n<hr \/>\n<h2>Jean Christophe, Adwords and S.E.M expert<\/h2>\n<p><img loading=\"lazy\" decoding=\"async\" class=\"wp-image-4416 size-thumbnail lazyloaded alignright\" title=\"jc doublet Adwords\" src=\"https:\/\/referencement-pme.ca\/wp-content\/uploads\/2015\/08\/jc-doublet-adwords.jpg\" alt=\"jc doublet Adwords\" width=\"250\" height=\"150\" data-lazy-src=\"https:\/\/referencement-pme.ca\/wp-content\/uploads\/2015\/08\/jc-doublet-adwords.jpg\"\/><\/p>\n<p>Truly passionate and involved in each case, Adwords and Google Partner Certified, <a href=\"https:\/\/plus.google.com\/u\/0\/+JCDoublet\/about\" target=\"_blank\" rel=\"noopener noreferrer\">Jean Christophe Doublet<\/a> is the Internet advertising strategist of the <a href=\"https:\/\/referencement-pme.ca\/#agence-seo\">R\u00e9f\u00e9rencement-PME office<\/a>.<br \/>\nHis enviable authority in the field positions him as THE specialist in the <strong>Search Engine Marketing<\/strong> department, he manages a large part of <strong>the paid search<\/strong> campaigns, bringing them the effectiveness of the queen equation: landing page =&gt; Quality Score = CPC optimization =&gt; conversion.<\/p>\n<p>It installs conversion codes (including <em><a href=\"https:\/\/referencement-pme.ca\/suivi-appel-adwords\/\">call tracking<\/a><\/em>) and produces very clear professional reports at no extra cost thanks to Google&#8217;s free tools.<\/p>\n<hr \/>\n<h2>The &#8220;Google partner&#8221; program<\/h2>\n<p><a title=\"Google Partner AdWords\" href=\"https:\/\/www.google.com\/partners\/?hl=fr#i_profile;idtf=105926843914507669562;\" target=\"_blank\" rel=\"noopener noreferrer\"><img loading=\"lazy\" decoding=\"async\" class=\"aligncenter size-full wp-image-3460\" src=\"https:\/\/referencement-pme.ca\/wp-content\/uploads\/2012\/03\/PartnerBadge-Horizontal.jpg\" alt=\"Partner badge\" width=\"634\" height=\"238\" srcset=\"https:\/\/referencement-pme.ca\/wp-content\/uploads\/2012\/03\/PartnerBadge-Horizontal.jpg 634w, https:\/\/referencement-pme.ca\/wp-content\/uploads\/2012\/03\/PartnerBadge-Horizontal-300x112.jpg 300w\" sizes=\"auto, (max-width: 634px) 100vw, 634px\" \/><\/a><\/p>\n<p><a title=\"Kristof maret google partner\" href=\"https:\/\/www.google.com\/partners\/?hl=fr#a_profile;bdgt=500;ctpt=%2845.5086699,%20-73.55399249999999%29;ctry=CA;cncy=CAD;dtyp=ki;lang=fr;locn=Montr%C3%A9al,%20QC,%20Canada;vwpt=;idtf=9241745847;\" target=\"_blank\" rel=\"noopener noreferrer\">According to Google&#8217;s own promotion<\/a><\/p>\n<blockquote><p>The status of &#8220;Google AdWords Premium Partner&#8221; is reserved for a group of highly qualified privileged companies. Thanks to this status, you can distinguish yourself from the rest. <\/p><\/blockquote>\n<p>The firm further claims<\/p>\n<blockquote><p>The &#8220;Google AdWords Premium Partner&#8221; benefits from direct access to Google and diversified support (executive, technical, sales and marketing management as well as account and partner management).<\/p><\/blockquote>\n<p>And it&#8217;s true! An advisor is attached to each certified person who provides statistical elements not found elsewhere, he gives his opinion on the performance of the agency and the campaigns that face strong competition. <\/p>\n<p>This exclusive technical contribution is the best part of this certification.<\/p>\n<p>Finally, a quarterly report (the insider) is sent to each graduate<\/p>\n<h3>  As far as we are concerned,<\/h3>\n<p>I am simply complying with the requirements of the program in order to <strong>validate my skills<\/strong> in the field of <a href=\"https:\/\/blackcatseo.ca\/agence-google-ads\/\">  management of paid advertising campaigns on the web.<\/a><\/p>\n<p>I would like to remind you that I consider that a paid viewability is a <strong>more<br \/>\nthan relevant complement<\/strong> to a global customer acquisition strategy.<\/p>\n<p>On the other hand, Adwords should not be considered as a panacea for web visibility but should be <strong>integrated into a<\/strong> coherent and controlled marketing plan, especially in terms of costs.<\/p>\n<h3>Reminder of the conditions for entering the program<\/h3>\n<ul>\n<li>Pass the exams<\/li>\n<li>Manage more than $10,000 \/ quarter in Adwords advertising (quite an objective criterion!)<\/li>\n<\/ul>\n<h2>Is Google specialist an argument?<\/h2>\n<p>So an additional argument, to deserve your trust?<\/p>\n<p>or simply recognition by Google of the ability to optimally manage your advertising campaign on the Internet ( <a title=\"Google Search\" href=\"http:\/\/google.ca\" target=\"_blank\" rel=\"noopener noreferrer\">Google Search<\/a> network) for the benefit of the customer?<\/p>\n<p>But maybe you would like to have an idea of the <a title=\"Adwords campaign optimization\" href=\"https:\/\/referencement-pme.ca\/en\/adwords-campaign-optimization\/\">criteria that make a campaign optimized<\/a> rather than <strong>just configured<\/strong>.<\/p>\n<p>Maybe you&#8217;ll appreciate not having to pay a monthly amount to <a href=\"https:\/\/referencement-pme.ca\/suivi-appel-adwords\/\">track your phone conversions<\/a>.<\/p>\n<p>I&#8217;ll let you be the judge and possibly call me in Montreal: 438 490 6025<\/p>\n<h3 style=\"text-align: center;\">SME SEO charges for campaign management by the hour and not by the % of the Google budget&#8230;<\/h3>\n<h3>Certification in progress (2023)<\/h3>\n<p><a href=\"http:\/\/referencement-pme.ca\/wp-content\/uploads\/2012\/03\/certification.jpg\"><img loading=\"lazy\" decoding=\"async\" class=\"aligncenter wp-image-4822 size-full\" src=\"https:\/\/referencement-pme.ca\/wp-content\/uploads\/2012\/03\/certification.jpg\" alt=\"AdWords Certification\" width=\"845\" height=\"638\" srcset=\"https:\/\/referencement-pme.ca\/wp-content\/uploads\/2012\/03\/certification.jpg 845w, https:\/\/referencement-pme.ca\/wp-content\/uploads\/2012\/03\/certification-300x227.jpg 300w\" sizes=\"auto, (max-width: 845px) 100vw, 845px\" \/><\/a><\/p>\n<p>&nbsp;<\/p>\n<p>&nbsp;<\/p>\n","protected":false},"excerpt":{"rendered":"<p>What is your expertise in Adwords campaign management? The Adwords campaign is the complement of natural referencing, especially for very young sites that do not yet have organic traffic This is the most certain way to display your website on the 1st page of Google results &#8230; but at what cost! What are your results &#8230;<\/p>\n","protected":false},"author":2,"featured_media":0,"parent":0,"menu_order":0,"comment_status":"open","ping_status":"open","template":"","meta":{"_lmt_disableupdate":"","_lmt_disable":"","_genesis_hide_title":false,"_genesis_hide_breadcrumbs":false,"_genesis_hide_singular_image":false,"_genesis_hide_footer_widgets":false,"_genesis_custom_body_class":"","_genesis_custom_post_class":"","_genesis_layout":"","footnotes":""},"class_list":{"0":"post-8693","1":"page","2":"type-page","3":"status-publish","5":"entry","6":"has-post-thumbnail"},"yoast_head":"<!-- This site is optimized with the Yoast SEO plugin v27.5 - https:\/\/yoast.com\/product\/yoast-seo-wordpress\/ -->\n<title>Google Patner Certified Adwords Specialist (Internet Advertising) - SEO SEO agency, Web copywriting, backlinking<\/title>\n<meta name=\"description\" content=\"What is your expertise in Adwords campaign management? This is the most certain way to display your website on the 1st page of Google results ... but at\" \/>\n<meta name=\"robots\" content=\"index, follow, max-snippet:-1, max-image-preview:large, max-video-preview:-1\" \/>\n<link rel=\"canonical\" href=\"https:\/\/referencement-pme.ca\/en\/google-patner-certified-adwords-specialist-internet-advertising\/\" \/>\n<meta property=\"og:locale\" content=\"en_US\" \/>\n<meta property=\"og:type\" content=\"article\" \/>\n<meta property=\"og:title\" content=\"Google Patner Certified Adwords Specialist (Internet Advertising) - SEO SEO agency, Web copywriting, backlinking\" \/>\n<meta property=\"og:description\" content=\"What is your expertise in Adwords campaign management? This is the most certain way to display your website on the 1st page of Google results ... but at\" \/>\n<meta property=\"og:url\" content=\"https:\/\/referencement-pme.ca\/en\/google-patner-certified-adwords-specialist-internet-advertising\/\" \/>\n<meta property=\"og:site_name\" content=\"SEO SEO agency, Web copywriting, backlinking\" \/>\n<meta property=\"article:modified_time\" content=\"2025-08-05T20:46:22+00:00\" \/>\n<meta property=\"og:image\" content=\"http:\/\/referencement-pme.ca\/wp-content\/uploads\/2012\/03\/partner-ref-pme.jpg\" \/>\n<meta name=\"twitter:card\" content=\"summary_large_image\" \/>\n<meta name=\"twitter:label1\" content=\"Est. reading time\" \/>\n\t<meta name=\"twitter:data1\" content=\"4 minutes\" \/>\n<script type=\"application\/ld+json\" class=\"yoast-schema-graph\">{\"@context\":\"https:\\\/\\\/schema.org\",\"@graph\":[{\"@type\":\"WebPage\",\"@id\":\"https:\\\/\\\/referencement-pme.ca\\\/en\\\/google-patner-certified-adwords-specialist-internet-advertising\\\/\",\"url\":\"https:\\\/\\\/referencement-pme.ca\\\/en\\\/google-patner-certified-adwords-specialist-internet-advertising\\\/\",\"name\":\"Google Patner Certified Adwords Specialist (Internet Advertising) - SEO SEO agency, Web copywriting, backlinking\",\"isPartOf\":{\"@id\":\"https:\\\/\\\/referencement-pme.ca\\\/en\\\/#website\"},\"primaryImageOfPage\":{\"@id\":\"https:\\\/\\\/referencement-pme.ca\\\/en\\\/google-patner-certified-adwords-specialist-internet-advertising\\\/#primaryimage\"},\"image\":{\"@id\":\"https:\\\/\\\/referencement-pme.ca\\\/en\\\/google-patner-certified-adwords-specialist-internet-advertising\\\/#primaryimage\"},\"thumbnailUrl\":\"http:\\\/\\\/referencement-pme.ca\\\/wp-content\\\/uploads\\\/2012\\\/03\\\/partner-ref-pme.jpg\",\"datePublished\":\"2012-03-03T17:23:11+00:00\",\"dateModified\":\"2025-08-05T20:46:22+00:00\",\"description\":\"What is your expertise in Adwords campaign management? This is the most certain way to display your website on the 1st page of Google results ... but at\",\"breadcrumb\":{\"@id\":\"https:\\\/\\\/referencement-pme.ca\\\/en\\\/google-patner-certified-adwords-specialist-internet-advertising\\\/#breadcrumb\"},\"inLanguage\":\"en-US\",\"potentialAction\":[{\"@type\":\"ReadAction\",\"target\":[\"https:\\\/\\\/referencement-pme.ca\\\/en\\\/google-patner-certified-adwords-specialist-internet-advertising\\\/\"]}]},{\"@type\":\"ImageObject\",\"inLanguage\":\"en-US\",\"@id\":\"https:\\\/\\\/referencement-pme.ca\\\/en\\\/google-patner-certified-adwords-specialist-internet-advertising\\\/#primaryimage\",\"url\":\"http:\\\/\\\/referencement-pme.ca\\\/wp-content\\\/uploads\\\/2012\\\/03\\\/partner-ref-pme.jpg\",\"contentUrl\":\"http:\\\/\\\/referencement-pme.ca\\\/wp-content\\\/uploads\\\/2012\\\/03\\\/partner-ref-pme.jpg\"},{\"@type\":\"BreadcrumbList\",\"@id\":\"https:\\\/\\\/referencement-pme.ca\\\/en\\\/google-patner-certified-adwords-specialist-internet-advertising\\\/#breadcrumb\",\"itemListElement\":[{\"@type\":\"ListItem\",\"position\":1,\"name\":\"Reception\",\"item\":\"https:\\\/\\\/referencement-pme.ca\\\/en\\\/\"},{\"@type\":\"ListItem\",\"position\":2,\"name\":\"Google Patner Certified Adwords Specialist (Internet Advertising)\"}]},{\"@type\":\"WebSite\",\"@id\":\"https:\\\/\\\/referencement-pme.ca\\\/en\\\/#website\",\"url\":\"https:\\\/\\\/referencement-pme.ca\\\/en\\\/\",\"name\":\"Agence de r\u00e9f\u00e9rencement Web SEO naturel, R\u00e9daction web, backlinking\",\"description\":\"SEO and Web Writing, your readability is your visibility\",\"publisher\":{\"@id\":\"https:\\\/\\\/referencement-pme.ca\\\/en\\\/#organization\"},\"alternateName\":\"Agence de r\u00e9f\u00e9rencement Web SEO naturel, R\u00e9daction web, backlinking\",\"potentialAction\":[{\"@type\":\"SearchAction\",\"target\":{\"@type\":\"EntryPoint\",\"urlTemplate\":\"https:\\\/\\\/referencement-pme.ca\\\/en\\\/?s={search_term_string}\"},\"query-input\":{\"@type\":\"PropertyValueSpecification\",\"valueRequired\":true,\"valueName\":\"search_term_string\"}}],\"inLanguage\":\"en-US\"},{\"@type\":\"Organization\",\"@id\":\"https:\\\/\\\/referencement-pme.ca\\\/en\\\/#organization\",\"name\":\"SEO SEO agency, Web copywriting, backlinking\",\"alternateName\":\"SEO SEO agency, Web copywriting, backlinking\",\"url\":\"https:\\\/\\\/referencement-pme.ca\\\/en\\\/\",\"logo\":{\"@type\":\"ImageObject\",\"inLanguage\":\"en-US\",\"@id\":\"https:\\\/\\\/referencement-pme.ca\\\/en\\\/#\\\/schema\\\/logo\\\/image\\\/\",\"url\":\"https:\\\/\\\/referencement-pme.ca\\\/wp-content\\\/uploads\\\/2015\\\/08\\\/logo-pme-ref.jpg\",\"contentUrl\":\"https:\\\/\\\/referencement-pme.ca\\\/wp-content\\\/uploads\\\/2015\\\/08\\\/logo-pme-ref.jpg\",\"width\":250,\"height\":75,\"caption\":\"SEO SEO agency, Web copywriting, backlinking\"},\"image\":{\"@id\":\"https:\\\/\\\/referencement-pme.ca\\\/en\\\/#\\\/schema\\\/logo\\\/image\\\/\"}}]}<\/script>\n<!-- \/ Yoast SEO plugin. -->","yoast_head_json":{"title":"Google Patner Certified Adwords Specialist (Internet Advertising) - SEO SEO agency, Web copywriting, backlinking","description":"What is your expertise in Adwords campaign management? This is the most certain way to display your website on the 1st page of Google results ... but at","robots":{"index":"index","follow":"follow","max-snippet":"max-snippet:-1","max-image-preview":"max-image-preview:large","max-video-preview":"max-video-preview:-1"},"canonical":"https:\/\/referencement-pme.ca\/en\/google-patner-certified-adwords-specialist-internet-advertising\/","og_locale":"en_US","og_type":"article","og_title":"Google Patner Certified Adwords Specialist (Internet Advertising) - SEO SEO agency, Web copywriting, backlinking","og_description":"What is your expertise in Adwords campaign management? This is the most certain way to display your website on the 1st page of Google results ... but at","og_url":"https:\/\/referencement-pme.ca\/en\/google-patner-certified-adwords-specialist-internet-advertising\/","og_site_name":"SEO SEO agency, Web copywriting, backlinking","article_modified_time":"2025-08-05T20:46:22+00:00","og_image":[{"url":"http:\/\/referencement-pme.ca\/wp-content\/uploads\/2012\/03\/partner-ref-pme.jpg","type":"","width":"","height":""}],"twitter_card":"summary_large_image","twitter_misc":{"Est. reading time":"4 minutes"},"schema":{"@context":"https:\/\/schema.org","@graph":[{"@type":"WebPage","@id":"https:\/\/referencement-pme.ca\/en\/google-patner-certified-adwords-specialist-internet-advertising\/","url":"https:\/\/referencement-pme.ca\/en\/google-patner-certified-adwords-specialist-internet-advertising\/","name":"Google Patner Certified Adwords Specialist (Internet Advertising) - SEO SEO agency, Web copywriting, backlinking","isPartOf":{"@id":"https:\/\/referencement-pme.ca\/en\/#website"},"primaryImageOfPage":{"@id":"https:\/\/referencement-pme.ca\/en\/google-patner-certified-adwords-specialist-internet-advertising\/#primaryimage"},"image":{"@id":"https:\/\/referencement-pme.ca\/en\/google-patner-certified-adwords-specialist-internet-advertising\/#primaryimage"},"thumbnailUrl":"http:\/\/referencement-pme.ca\/wp-content\/uploads\/2012\/03\/partner-ref-pme.jpg","datePublished":"2012-03-03T17:23:11+00:00","dateModified":"2025-08-05T20:46:22+00:00","description":"What is your expertise in Adwords campaign management? This is the most certain way to display your website on the 1st page of Google results ... but at","breadcrumb":{"@id":"https:\/\/referencement-pme.ca\/en\/google-patner-certified-adwords-specialist-internet-advertising\/#breadcrumb"},"inLanguage":"en-US","potentialAction":[{"@type":"ReadAction","target":["https:\/\/referencement-pme.ca\/en\/google-patner-certified-adwords-specialist-internet-advertising\/"]}]},{"@type":"ImageObject","inLanguage":"en-US","@id":"https:\/\/referencement-pme.ca\/en\/google-patner-certified-adwords-specialist-internet-advertising\/#primaryimage","url":"http:\/\/referencement-pme.ca\/wp-content\/uploads\/2012\/03\/partner-ref-pme.jpg","contentUrl":"http:\/\/referencement-pme.ca\/wp-content\/uploads\/2012\/03\/partner-ref-pme.jpg"},{"@type":"BreadcrumbList","@id":"https:\/\/referencement-pme.ca\/en\/google-patner-certified-adwords-specialist-internet-advertising\/#breadcrumb","itemListElement":[{"@type":"ListItem","position":1,"name":"Reception","item":"https:\/\/referencement-pme.ca\/en\/"},{"@type":"ListItem","position":2,"name":"Google Patner Certified Adwords Specialist (Internet Advertising)"}]},{"@type":"WebSite","@id":"https:\/\/referencement-pme.ca\/en\/#website","url":"https:\/\/referencement-pme.ca\/en\/","name":"Agence de r\u00e9f\u00e9rencement Web SEO naturel, R\u00e9daction web, backlinking","description":"SEO and Web Writing, your readability is your visibility","publisher":{"@id":"https:\/\/referencement-pme.ca\/en\/#organization"},"alternateName":"Agence de r\u00e9f\u00e9rencement Web SEO naturel, R\u00e9daction web, backlinking","potentialAction":[{"@type":"SearchAction","target":{"@type":"EntryPoint","urlTemplate":"https:\/\/referencement-pme.ca\/en\/?s={search_term_string}"},"query-input":{"@type":"PropertyValueSpecification","valueRequired":true,"valueName":"search_term_string"}}],"inLanguage":"en-US"},{"@type":"Organization","@id":"https:\/\/referencement-pme.ca\/en\/#organization","name":"SEO SEO agency, Web copywriting, backlinking","alternateName":"SEO SEO agency, Web copywriting, backlinking","url":"https:\/\/referencement-pme.ca\/en\/","logo":{"@type":"ImageObject","inLanguage":"en-US","@id":"https:\/\/referencement-pme.ca\/en\/#\/schema\/logo\/image\/","url":"https:\/\/referencement-pme.ca\/wp-content\/uploads\/2015\/08\/logo-pme-ref.jpg","contentUrl":"https:\/\/referencement-pme.ca\/wp-content\/uploads\/2015\/08\/logo-pme-ref.jpg","width":250,"height":75,"caption":"SEO SEO agency, Web copywriting, backlinking"},"image":{"@id":"https:\/\/referencement-pme.ca\/en\/#\/schema\/logo\/image\/"}}]}},"_links":{"self":[{"href":"https:\/\/referencement-pme.ca\/en\/wp-json\/wp\/v2\/pages\/8693","targetHints":{"allow":["GET"]}}],"collection":[{"href":"https:\/\/referencement-pme.ca\/en\/wp-json\/wp\/v2\/pages"}],"about":[{"href":"https:\/\/referencement-pme.ca\/en\/wp-json\/wp\/v2\/types\/page"}],"author":[{"embeddable":true,"href":"https:\/\/referencement-pme.ca\/en\/wp-json\/wp\/v2\/users\/2"}],"replies":[{"embeddable":true,"href":"https:\/\/referencement-pme.ca\/en\/wp-json\/wp\/v2\/comments?post=8693"}],"version-history":[{"count":0,"href":"https:\/\/referencement-pme.ca\/en\/wp-json\/wp\/v2\/pages\/8693\/revisions"}],"wp:attachment":[{"href":"https:\/\/referencement-pme.ca\/en\/wp-json\/wp\/v2\/media?parent=8693"}],"curies":[{"name":"wp","href":"https:\/\/api.w.org\/{rel}","templated":true}]}}