{"id":8692,"date":"2011-10-16T14:30:12","date_gmt":"2011-10-16T18:30:12","guid":{"rendered":"https:\/\/referencement-pme.ca\/seo-rates-for-your-website\/"},"modified":"2025-08-05T16:46:22","modified_gmt":"2025-08-05T20:46:22","slug":"seo-rates-for-your-website","status":"publish","type":"page","link":"https:\/\/referencement-pme.ca\/en\/seo-rates-for-your-website\/","title":{"rendered":"SEO rates for your website"},"content":{"rendered":"<blockquote class=\"alignleft\"><p>  SME referencing does not impose long-term formulas on anyone&#8230; on the contrary, Kristof, the current director, is looking for maximum efficiency from day one  <\/p><\/blockquote>\n<p><img loading=\"lazy\" decoding=\"async\" class=\"size-medium wp-image-1690 alignright\" src=\"https:\/\/referencement-pme.ca\/wp-content\/uploads\/2011\/10\/tarifs-225x300.jpg\" alt=\"SEO Pricing\" width=\"225\" height=\"300\" srcset=\"https:\/\/referencement-pme.ca\/wp-content\/uploads\/2011\/10\/tarifs-225x300.jpg 225w, https:\/\/referencement-pme.ca\/wp-content\/uploads\/2011\/10\/tarifs.jpg 565w\" sizes=\"auto, (max-width: 225px) 100vw, 225px\" \/><\/p>\n<p style=\"text-align: justify;\"><a href=\"https:\/\/referencement-pme.ca\/en\/seo-agency-sem-organic-seo\/\">The entire SEO agency<\/a> wants your testimonial in the side bars of this site and that your smile gives confidence to the next customers.<\/p>\n<p style=\"text-align: justify;\">It is extremely complex to establish a web referencing price grid, because depending on your needs, your expectations, the current state of your site, its size, its competition, the work will take X times more time of analysis, effort and number of actions to achieve the results you covet.<\/p>\n<blockquote>\n<p style=\"text-align: justify;\">I look for a fair and proportional remuneration for the work done and commit all the energy of the people to ensure that your results are as fast as possible. K.Maret <\/p>\n<\/blockquote>\n<p style=\"text-align: justify;\">The clients of the SEO agency referencing SMEs are craftsmen, self-employed workers, tertiary firms, sports or cultural associations and some institutions. See the <a title=\"SEO testimonial\" href=\"https:\/\/referencement-pme.ca\/temoignages-clients-references\/\">testimonials of these website administrators<\/a> or <em>sidebar <\/em><a href=\"https:\/\/referencement-pme.ca\/en\/seo-and-seo-training-montreal\/\">SEO or<\/a> <a title=\"SEO, web writing, Montreal\" href=\"https:\/\/referencement-pme.ca\/en\/\">web writing<\/a> pages. You should know that many of these customers have remained under the $3000 mark.   <strong>But it depends on your involvement and the competition your theme faces  <\/strong><\/p>\n<p style=\"text-align: justify;\">For reasons of confidentiality or &#8220;hide-and-seek&#8221; with their competition, many customers do not review this site.<\/p>\n<p style=\"text-align: justify;\">See also the Google Business <a href=\"http:\/\/g.co\/maps\/y5caz\" target=\"_blank\" rel=\"noopener\">Address<\/a> page.<\/p>\n<h2>How much does SEO cost?<\/h2>\n<p><strong>The most classic pricing configuration is to add the services you need to the pick-up:<\/strong><\/p>\n<ul class=\"list-7\">\n<li>Site support<\/li>\n<li>Optimization per page<\/li>\n<li>Transfer to WP with optimization<\/li>\n<li>A monthly follow-up (from the second month)<\/li>\n<\/ul>\n<div>But you can opt for <a href=\"https:\/\/referencement-pme.ca\/en\/seo-and-seo-training-montreal\/essential-website-audit\/\">the audit of your site<\/a> only, which gives you the keys to optimizing your portal.<\/div>\n<div>Finally, some sites only require an <a href=\"https:\/\/referencement-pme.ca\/en\/backlinks-and-inbound-links\/\">SEO campaign through Backlinking<\/a> .<\/div>\n<h2>Base Pricing for Optimization and SEO<\/h2>\n<div class=\"one_fourth\">\n<div class=\"custom icon\">\n<div style=\"text-align: center;\">\n<h3 style=\"margin-bottom: 5px;\">Support \/ Audit<\/h3>\n<p style=\"margin-bottom: 15px;\"><strong>$800 to $1200<\/strong><\/p>\n<h5 style=\"margin-bottom: 15px;\"><\/h5>\n<\/div>\n<p>Analysis\/advice of your site in 80 points  <\/p>\n<ul class=\"list-1\">\n<li>Code SEO<\/li>\n<li>Architecture<\/li>\n<li>Content<\/li>\n<li>Internal Linking<\/li>\n<li>Backlinking<\/li>\n<\/ul>\n<p>Starting point of your autonomy in SEO<\/p>\n<div style=\"text-align: center;\"><a class=\"small-dark-button\" title=\"Learn more\" href=\"https:\/\/referencement-pme.ca\/en\/seo-and-seo-training-montreal\/essential-website-audit\/\">Audit details<\/a><\/div>\n<\/div>\n<\/div>\n<div class=\"one_fourth\">\n<div class=\"custom icon\">\n<div style=\"text-align: center;\">\n<h3 style=\"margin-bottom: 5px;\"><em>Onpage <\/em> Optimization <\/h3>\n<p style=\"margin-bottom: 15px;\"><strong>$100\/page<\/strong><\/p>\n<\/div>\n<p>Pricing according to the work to be done and the size of the site to be positioned<\/p>\n<ul class=\"list-1\">\n<li>Code SEO<\/li>\n<li>Text optimization<\/li>\n<li>Editorial optimization<\/li>\n<li>Recommendations and production plan<\/li>\n<\/ul>\n<p>The site is ready for indexing<\/p>\n<div style=\"text-align: center;\"><a class=\"small-dark-button\" title=\"Learn more\" href=\"https:\/\/referencement-pme.ca\/en\/seo-and-seo-training-montreal\/web-page-optimization-approach\/\">Detail of the service<\/a><\/div>\n<\/div>\n<\/div>\n<div class=\"one_fourth\">\n<div class=\"custom icon\">\n<div style=\"text-align: center;\">\n<h3 style=\"margin-bottom: 5px;\">Transfer-&gt; WordPress<\/h3>\n<p style=\"margin-bottom: 15px;\"><strong>from $700<\/strong><\/p>\n<\/div>\n<p>Proportional to the size and work of CSS<\/p>\n<ul class=\"list-1\">\n<li>Installation WP<\/li>\n<li>Configuration SEO<\/li>\n<li>Graphic charter<\/li>\n<li>Transfer of existing<\/li>\n<li>Administrator training<\/li>\n<\/ul>\n<p>This is the example of a craftsman site of a few pages<\/p>\n<div style=\"text-align: center;\"><a class=\"small-dark-button\" title=\"Learn more\" href=\"https:\/\/referencement-pme.ca\/wordpress-referencement-facile\/\">Broader info<\/a><\/div>\n<\/div>\n<\/div>\n<div class=\"one_fourth last_column\">\n<div class=\"custom icon\">\n<div style=\"text-align: center;\">\n<h3 style=\"margin-bottom: 5px;\">Monthly follow-up<\/h3>\n<p style=\"margin-bottom: 15px;\"><strong>$500+\/month<\/strong><\/p>\n<\/div>\n<p>Prioritization of actions according to the state of the site<\/p>\n<ul class=\"list-1\">\n<li><a href=\"https:\/\/referencement-pme.ca\/en\/web-writing-content-optimized-for-natural-referencing\/\">Content production<\/a><\/li>\n<li>SEO refinement<\/li>\n<li><a href=\"https:\/\/referencement-pme.ca\/backlink\/\">Backlink campaign<\/a><\/li>\n<li><a href=\"https:\/\/referencement-pme.ca\/en\/adwords-campaign-optimization\/\">Recommendations for Adwords<\/a><\/li>\n<li>Recos plan de prod<\/li>\n<li><a href=\"https:\/\/referencement-pme.ca\/en\/backlinks-and-inbound-links\/\">Netklinking<\/a><\/li>\n<\/ul>\n<p>Monthly contract, no long-term commitment<\/p>\n<div style=\"text-align: center;\"><a class=\"small-dark-button\" title=\"About Links\" href=\"https:\/\/referencement-pme.ca\/en\/backlinks-and-inbound-links\/\">More info<\/a><\/div>\n<\/div>\n<\/div>\n<div class=\"clear\"><\/div>\n<p>If you want to compare, take a look at this study from the company that is a reference in the profession:<a href=\"http:\/\/www.journaldunet.com\/solutions\/moteur-referencement\/prix-du-seo.shtml\" target=\"_blank\" rel=\"noopener\"> SEO prices according to SEOMOZ.<\/a><\/p>\n<h2>Basic Rates for SEO-Optimized Copywriting<\/h2>\n<table class=\"custom-table\"  class=\"custom-table\" summary=\"Sample Table\">\n<thead>\n<tr>\n<th scope=\"col\">Writing<\/th>\n<p> type<\/p>\n<th scope=\"col\">Waist<\/th>\n<th scope=\"col\">price\/unit<\/th>\n<th scope=\"col\">Final cost<\/th>\n<\/tr>\n<\/thead>\n<tbody>\n<tr>\n<td>Unoptimized<\/td>\n<p> Writing<\/p>\n<td>350 words \/ 2000 carac<\/td>\n<td>$0.04 \/character<\/td>\n<td>$80<\/td>\n<\/tr>\n<tr>\n<td>SEO<\/td>\n<p> Writing<\/p>\n<td>350 words \/ 2000 carac<\/td>\n<td>$0.07 \/character<\/td>\n<td>$140<\/td>\n<\/tr>\n<tr>\n<td>SEO<\/td>\n<p> Writing<\/p>\n<td>700+ words<\/td>\n<td>$0.06 \/character<\/td>\n<td>$ 240<\/td>\n<\/tr>\n<tr>\n<td>E Book<\/td>\n<td> According to<\/td>\n<td>on request<\/td>\n<td> &#8211;<\/td>\n<\/tr>\n<tr>\n<td>Squeeze page<\/td>\n<td> classic<\/td>\n<td><\/td>\n<td>$450<\/td>\n<\/tr>\n<tr>\n<td>Translation Eng -&gt; Fr &#8211;&gt;<\/td>\n<td>  According to<\/td>\n<td>25ct\/word<\/td>\n<td>  &#8211;<\/td>\n<\/tr>\n<tr>\n<td><\/td>\n<td><\/td>\n<td><\/td>\n<td><\/td>\n<\/tr>\n<\/tbody>\n<tfoot>\n<tr>\n<td colspan=\"4\"><strong>Rates are degressive according to the size of the contract, the theme, the research time<\/strong><\/td>\n<\/tr>\n<\/tfoot>\n<\/table>\n<h2>Spelling correction<\/h2>\n<p><img loading=\"lazy\" decoding=\"async\" class=\"alignright size-full wp-image-1887\" title=\"Spelling correction\" src=\"https:\/\/referencement-pme.ca\/wp-content\/uploads\/2011\/10\/correction-orthographe.jpg\" alt=\"Spelling correction\" width=\"234\" height=\"80\"\/><\/p>\n<p>In order to make things simple to estimate, I propose a spelling correction at the price of<\/p>\n<h3>$0.05 per word<\/h3>\n<p>A minimum of<strong> $25<\/strong> of contract is required (500 words), this total of 500 words can be reached by adding several texts.<\/p>\n<h2>Hosting in Quebec at Astral internet<\/h2>\n<p>In addition to being served in French, I recommend <strong>web hosting<\/strong> in the geographical area of your business, your target. This is why Quebecers will prefer a local host in the province <\/p>\n<p>The very accessible plans of <a title=\"Astral Hosting\" href=\"https:\/\/clients.astralinternet.com\/aff.php?aff=035\" target=\"_blank\" rel=\"noopener\">the Quebec hosting company Astral Internet<\/a> , some of which include the <a href=\"https:\/\/referencement-pme.ca\/tutoriel-migration-https\/\">TLS certificate<\/a> (for $3 \/ month!) are an excellent value for money.<\/p>\n<h3>Features of this Quebec accommodation<\/h3>\n<p>Linux web hosting with Cpanel\/WHM<\/p>\n<ul>\n<li>1 GB of disk space<\/li>\n<li>Unlimited high-quality bandwidth<\/li>\n<li>Unlimited email accounts<\/li>\n<li>Unlimited email aliases<\/li>\n<li>Unlimited FTP accounts<\/li>\n<li>Unlimited parked domains<\/li>\n<li>Unlimited subdomains<\/li>\n<li>5 MySQL Databases<\/li>\n<li>259 free pre-installed applications (Joomla, WordPress&#8230;)<\/li>\n<li>Virus and spam protection<\/li>\n<li>Ultra-fast<\/li>\n<li>Ideal for SMBs<\/li>\n<\/ul>\n<h3>Sliding scale rates<\/h3>\n<ul>\n<li>  $5.55\/month (3 years)<\/li>\n<li>$8.77\/month (2 years)<\/li>\n<li>$10.99\/month (1 year)<\/li>\n<\/ul>\n<p>(these January 2017 prices are subject to change)<\/p>\n<p>I like <strong>Astral internet<\/strong> for its full <strong>technical support <\/strong>via email, online and phone, in French and of course free of charge.<\/p>\n<p>The telephone assistance run by Martin and Eric is surrealistically patient, they will clearly answer all your questions, even the most trivial.<\/p>\n<p>It&#8217;s a Quebec host, your site stays close to your customers and your readers<\/p>\n<p>&nbsp;<\/p>\n<p>&nbsp;<\/p>\n","protected":false},"excerpt":{"rendered":"<p>SME referencing does not impose long-term formulas on anyone&#8230; on the contrary, Kristof, the current director, is looking for maximum efficiency from day one The entire SEO agency wants your testimonial in the side bars of this site and that your smile gives confidence to the next customers. It is extremely complex to establish a &#8230;<\/p>\n","protected":false},"author":2,"featured_media":0,"parent":0,"menu_order":0,"comment_status":"open","ping_status":"open","template":"","meta":{"_lmt_disableupdate":"","_lmt_disable":"","_genesis_hide_title":false,"_genesis_hide_breadcrumbs":false,"_genesis_hide_singular_image":false,"_genesis_hide_footer_widgets":false,"_genesis_custom_body_class":"","_genesis_custom_post_class":"","_genesis_layout":"full-width-content","footnotes":""},"class_list":{"0":"post-8692","1":"page","2":"type-page","3":"status-publish","5":"entry","6":"has-post-thumbnail"},"yoast_head":"<!-- This site is optimized with the Yoast SEO plugin v27.5 - https:\/\/yoast.com\/product\/yoast-seo-wordpress\/ -->\n<title>SEO rates for your website - SEO SEO agency, Web copywriting, backlinking<\/title>\n<meta name=\"description\" content=\"The entire SEO agency wants your testimonial in the side bars of this site and that your smile gives confidence to the next customers. It is extremely\" \/>\n<meta name=\"robots\" content=\"index, follow, max-snippet:-1, max-image-preview:large, max-video-preview:-1\" \/>\n<link rel=\"canonical\" href=\"https:\/\/referencement-pme.ca\/en\/seo-rates-for-your-website\/\" \/>\n<meta property=\"og:locale\" content=\"en_US\" \/>\n<meta property=\"og:type\" content=\"article\" \/>\n<meta property=\"og:title\" content=\"SEO rates for your website - SEO SEO agency, Web copywriting, backlinking\" \/>\n<meta property=\"og:description\" content=\"The entire SEO agency wants your testimonial in the side bars of this site and that your smile gives confidence to the next customers. It is extremely\" \/>\n<meta property=\"og:url\" content=\"https:\/\/referencement-pme.ca\/en\/seo-rates-for-your-website\/\" \/>\n<meta property=\"og:site_name\" content=\"SEO SEO agency, Web copywriting, backlinking\" \/>\n<meta property=\"article:modified_time\" content=\"2025-08-05T20:46:22+00:00\" \/>\n<meta property=\"og:image\" content=\"http:\/\/referencement-pme.ca\/wp-content\/uploads\/2011\/10\/tarifs-225x300.jpg\" \/>\n<meta name=\"twitter:card\" content=\"summary_large_image\" \/>\n<meta name=\"twitter:label1\" content=\"Est. reading time\" \/>\n\t<meta name=\"twitter:data1\" content=\"4 minutes\" \/>\n<script type=\"application\/ld+json\" class=\"yoast-schema-graph\">{\"@context\":\"https:\\\/\\\/schema.org\",\"@graph\":[{\"@type\":\"WebPage\",\"@id\":\"https:\\\/\\\/referencement-pme.ca\\\/en\\\/seo-rates-for-your-website\\\/\",\"url\":\"https:\\\/\\\/referencement-pme.ca\\\/en\\\/seo-rates-for-your-website\\\/\",\"name\":\"SEO rates for your website - SEO SEO agency, Web copywriting, backlinking\",\"isPartOf\":{\"@id\":\"https:\\\/\\\/referencement-pme.ca\\\/en\\\/#website\"},\"primaryImageOfPage\":{\"@id\":\"https:\\\/\\\/referencement-pme.ca\\\/en\\\/seo-rates-for-your-website\\\/#primaryimage\"},\"image\":{\"@id\":\"https:\\\/\\\/referencement-pme.ca\\\/en\\\/seo-rates-for-your-website\\\/#primaryimage\"},\"thumbnailUrl\":\"http:\\\/\\\/referencement-pme.ca\\\/wp-content\\\/uploads\\\/2011\\\/10\\\/tarifs-225x300.jpg\",\"datePublished\":\"2011-10-16T18:30:12+00:00\",\"dateModified\":\"2025-08-05T20:46:22+00:00\",\"description\":\"The entire SEO agency wants your testimonial in the side bars of this site and that your smile gives confidence to the next customers. It is extremely\",\"breadcrumb\":{\"@id\":\"https:\\\/\\\/referencement-pme.ca\\\/en\\\/seo-rates-for-your-website\\\/#breadcrumb\"},\"inLanguage\":\"en-US\",\"potentialAction\":[{\"@type\":\"ReadAction\",\"target\":[\"https:\\\/\\\/referencement-pme.ca\\\/en\\\/seo-rates-for-your-website\\\/\"]}]},{\"@type\":\"ImageObject\",\"inLanguage\":\"en-US\",\"@id\":\"https:\\\/\\\/referencement-pme.ca\\\/en\\\/seo-rates-for-your-website\\\/#primaryimage\",\"url\":\"http:\\\/\\\/referencement-pme.ca\\\/wp-content\\\/uploads\\\/2011\\\/10\\\/tarifs-225x300.jpg\",\"contentUrl\":\"http:\\\/\\\/referencement-pme.ca\\\/wp-content\\\/uploads\\\/2011\\\/10\\\/tarifs-225x300.jpg\"},{\"@type\":\"BreadcrumbList\",\"@id\":\"https:\\\/\\\/referencement-pme.ca\\\/en\\\/seo-rates-for-your-website\\\/#breadcrumb\",\"itemListElement\":[{\"@type\":\"ListItem\",\"position\":1,\"name\":\"Reception\",\"item\":\"https:\\\/\\\/referencement-pme.ca\\\/en\\\/\"},{\"@type\":\"ListItem\",\"position\":2,\"name\":\"SEO rates for your website\"}]},{\"@type\":\"WebSite\",\"@id\":\"https:\\\/\\\/referencement-pme.ca\\\/en\\\/#website\",\"url\":\"https:\\\/\\\/referencement-pme.ca\\\/en\\\/\",\"name\":\"Agence de r\u00e9f\u00e9rencement Web SEO naturel, R\u00e9daction web, backlinking\",\"description\":\"SEO and Web Writing, your readability is your visibility\",\"publisher\":{\"@id\":\"https:\\\/\\\/referencement-pme.ca\\\/en\\\/#organization\"},\"alternateName\":\"Agence de r\u00e9f\u00e9rencement Web SEO naturel, R\u00e9daction web, backlinking\",\"potentialAction\":[{\"@type\":\"SearchAction\",\"target\":{\"@type\":\"EntryPoint\",\"urlTemplate\":\"https:\\\/\\\/referencement-pme.ca\\\/en\\\/?s={search_term_string}\"},\"query-input\":{\"@type\":\"PropertyValueSpecification\",\"valueRequired\":true,\"valueName\":\"search_term_string\"}}],\"inLanguage\":\"en-US\"},{\"@type\":\"Organization\",\"@id\":\"https:\\\/\\\/referencement-pme.ca\\\/en\\\/#organization\",\"name\":\"SEO SEO agency, Web copywriting, backlinking\",\"alternateName\":\"SEO SEO agency, Web copywriting, backlinking\",\"url\":\"https:\\\/\\\/referencement-pme.ca\\\/en\\\/\",\"logo\":{\"@type\":\"ImageObject\",\"inLanguage\":\"en-US\",\"@id\":\"https:\\\/\\\/referencement-pme.ca\\\/en\\\/#\\\/schema\\\/logo\\\/image\\\/\",\"url\":\"https:\\\/\\\/referencement-pme.ca\\\/wp-content\\\/uploads\\\/2015\\\/08\\\/logo-pme-ref.jpg\",\"contentUrl\":\"https:\\\/\\\/referencement-pme.ca\\\/wp-content\\\/uploads\\\/2015\\\/08\\\/logo-pme-ref.jpg\",\"width\":250,\"height\":75,\"caption\":\"SEO SEO agency, Web copywriting, backlinking\"},\"image\":{\"@id\":\"https:\\\/\\\/referencement-pme.ca\\\/en\\\/#\\\/schema\\\/logo\\\/image\\\/\"}}]}<\/script>\n<!-- \/ Yoast SEO plugin. -->","yoast_head_json":{"title":"SEO rates for your website - SEO SEO agency, Web copywriting, backlinking","description":"The entire SEO agency wants your testimonial in the side bars of this site and that your smile gives confidence to the next customers. It is extremely","robots":{"index":"index","follow":"follow","max-snippet":"max-snippet:-1","max-image-preview":"max-image-preview:large","max-video-preview":"max-video-preview:-1"},"canonical":"https:\/\/referencement-pme.ca\/en\/seo-rates-for-your-website\/","og_locale":"en_US","og_type":"article","og_title":"SEO rates for your website - SEO SEO agency, Web copywriting, backlinking","og_description":"The entire SEO agency wants your testimonial in the side bars of this site and that your smile gives confidence to the next customers. It is extremely","og_url":"https:\/\/referencement-pme.ca\/en\/seo-rates-for-your-website\/","og_site_name":"SEO SEO agency, Web copywriting, backlinking","article_modified_time":"2025-08-05T20:46:22+00:00","og_image":[{"url":"http:\/\/referencement-pme.ca\/wp-content\/uploads\/2011\/10\/tarifs-225x300.jpg","type":"","width":"","height":""}],"twitter_card":"summary_large_image","twitter_misc":{"Est. reading time":"4 minutes"},"schema":{"@context":"https:\/\/schema.org","@graph":[{"@type":"WebPage","@id":"https:\/\/referencement-pme.ca\/en\/seo-rates-for-your-website\/","url":"https:\/\/referencement-pme.ca\/en\/seo-rates-for-your-website\/","name":"SEO rates for your website - SEO SEO agency, Web copywriting, backlinking","isPartOf":{"@id":"https:\/\/referencement-pme.ca\/en\/#website"},"primaryImageOfPage":{"@id":"https:\/\/referencement-pme.ca\/en\/seo-rates-for-your-website\/#primaryimage"},"image":{"@id":"https:\/\/referencement-pme.ca\/en\/seo-rates-for-your-website\/#primaryimage"},"thumbnailUrl":"http:\/\/referencement-pme.ca\/wp-content\/uploads\/2011\/10\/tarifs-225x300.jpg","datePublished":"2011-10-16T18:30:12+00:00","dateModified":"2025-08-05T20:46:22+00:00","description":"The entire SEO agency wants your testimonial in the side bars of this site and that your smile gives confidence to the next customers. It is extremely","breadcrumb":{"@id":"https:\/\/referencement-pme.ca\/en\/seo-rates-for-your-website\/#breadcrumb"},"inLanguage":"en-US","potentialAction":[{"@type":"ReadAction","target":["https:\/\/referencement-pme.ca\/en\/seo-rates-for-your-website\/"]}]},{"@type":"ImageObject","inLanguage":"en-US","@id":"https:\/\/referencement-pme.ca\/en\/seo-rates-for-your-website\/#primaryimage","url":"http:\/\/referencement-pme.ca\/wp-content\/uploads\/2011\/10\/tarifs-225x300.jpg","contentUrl":"http:\/\/referencement-pme.ca\/wp-content\/uploads\/2011\/10\/tarifs-225x300.jpg"},{"@type":"BreadcrumbList","@id":"https:\/\/referencement-pme.ca\/en\/seo-rates-for-your-website\/#breadcrumb","itemListElement":[{"@type":"ListItem","position":1,"name":"Reception","item":"https:\/\/referencement-pme.ca\/en\/"},{"@type":"ListItem","position":2,"name":"SEO rates for your website"}]},{"@type":"WebSite","@id":"https:\/\/referencement-pme.ca\/en\/#website","url":"https:\/\/referencement-pme.ca\/en\/","name":"Agence de r\u00e9f\u00e9rencement Web SEO naturel, R\u00e9daction web, backlinking","description":"SEO and Web Writing, your readability is your visibility","publisher":{"@id":"https:\/\/referencement-pme.ca\/en\/#organization"},"alternateName":"Agence de r\u00e9f\u00e9rencement Web SEO naturel, R\u00e9daction web, backlinking","potentialAction":[{"@type":"SearchAction","target":{"@type":"EntryPoint","urlTemplate":"https:\/\/referencement-pme.ca\/en\/?s={search_term_string}"},"query-input":{"@type":"PropertyValueSpecification","valueRequired":true,"valueName":"search_term_string"}}],"inLanguage":"en-US"},{"@type":"Organization","@id":"https:\/\/referencement-pme.ca\/en\/#organization","name":"SEO SEO agency, Web copywriting, backlinking","alternateName":"SEO SEO agency, Web copywriting, backlinking","url":"https:\/\/referencement-pme.ca\/en\/","logo":{"@type":"ImageObject","inLanguage":"en-US","@id":"https:\/\/referencement-pme.ca\/en\/#\/schema\/logo\/image\/","url":"https:\/\/referencement-pme.ca\/wp-content\/uploads\/2015\/08\/logo-pme-ref.jpg","contentUrl":"https:\/\/referencement-pme.ca\/wp-content\/uploads\/2015\/08\/logo-pme-ref.jpg","width":250,"height":75,"caption":"SEO SEO agency, Web copywriting, backlinking"},"image":{"@id":"https:\/\/referencement-pme.ca\/en\/#\/schema\/logo\/image\/"}}]}},"_links":{"self":[{"href":"https:\/\/referencement-pme.ca\/en\/wp-json\/wp\/v2\/pages\/8692","targetHints":{"allow":["GET"]}}],"collection":[{"href":"https:\/\/referencement-pme.ca\/en\/wp-json\/wp\/v2\/pages"}],"about":[{"href":"https:\/\/referencement-pme.ca\/en\/wp-json\/wp\/v2\/types\/page"}],"author":[{"embeddable":true,"href":"https:\/\/referencement-pme.ca\/en\/wp-json\/wp\/v2\/users\/2"}],"replies":[{"embeddable":true,"href":"https:\/\/referencement-pme.ca\/en\/wp-json\/wp\/v2\/comments?post=8692"}],"version-history":[{"count":0,"href":"https:\/\/referencement-pme.ca\/en\/wp-json\/wp\/v2\/pages\/8692\/revisions"}],"wp:attachment":[{"href":"https:\/\/referencement-pme.ca\/en\/wp-json\/wp\/v2\/media?parent=8692"}],"curies":[{"name":"wp","href":"https:\/\/api.w.org\/{rel}","templated":true}]}}