{"id":8690,"date":"2012-01-22T14:29:47","date_gmt":"2012-01-22T19:29:47","guid":{"rendered":"https:\/\/referencement-pme.ca\/seo-how-to-blog\/"},"modified":"2025-08-05T16:46:21","modified_gmt":"2025-08-05T20:46:21","slug":"seo-how-to-blog","status":"publish","type":"page","link":"https:\/\/referencement-pme.ca\/en\/seo-how-to-blog\/","title":{"rendered":"SEO How-To Blog"},"content":{"rendered":"<p>Here is the blog<\/p>\n<p>I&#8217;m not strictly speaking a blogger, I write for others and don&#8217;t keep much time for myself.<\/p>\n<p>I try to provide information that is both relevant and practical. May you get something out of it, it will give me pleasure. <\/p>\n<p>Don&#8217;t limit your comments, it&#8217;s a No follow blog, but if you&#8217;re spamming, do it smartly.<\/p>\n<p>Thank you, Kristof<\/p>\n","protected":false},"excerpt":{"rendered":"<p>Here is the blog I&#8217;m not strictly speaking a blogger, I write for others and don&#8217;t keep much time for myself. I try to provide information that is both relevant and practical. May you get something out of it, it will give me pleasure. Don&#8217;t limit your comments, it&#8217;s a No follow blog, but if &#8230;<\/p>\n","protected":false},"author":2,"featured_media":0,"parent":0,"menu_order":0,"comment_status":"open","ping_status":"open","template":"","meta":{"_lmt_disableupdate":"","_lmt_disable":"","_genesis_hide_title":false,"_genesis_hide_breadcrumbs":false,"_genesis_hide_singular_image":false,"_genesis_hide_footer_widgets":false,"_genesis_custom_body_class":"","_genesis_custom_post_class":"","_genesis_layout":"","footnotes":""},"class_list":{"0":"post-8690","1":"page","2":"type-page","3":"status-publish","5":"entry"},"yoast_head":"<!-- This site is optimized with the Yoast SEO plugin v27.3 - https:\/\/yoast.com\/product\/yoast-seo-wordpress\/ -->\n<title>SEO How-To Blog - SEO SEO agency, Web copywriting, backlinking<\/title>\n<meta name=\"description\" content=\"Here is the blog I&#039;m not strictly speaking a blogger, I write for others and don&#039;t keep much time for myself. I try to provide information that is both\" \/>\n<meta name=\"robots\" content=\"index, follow, max-snippet:-1, max-image-preview:large, max-video-preview:-1\" \/>\n<link rel=\"canonical\" href=\"https:\/\/referencement-pme.ca\/en\/seo-how-to-blog\/\" \/>\n<meta property=\"og:locale\" content=\"en_US\" \/>\n<meta property=\"og:type\" content=\"article\" \/>\n<meta property=\"og:title\" content=\"SEO How-To Blog - SEO SEO agency, Web copywriting, backlinking\" \/>\n<meta property=\"og:description\" content=\"Here is the blog I&#039;m not strictly speaking a blogger, I write for others and don&#039;t keep much time for myself. I try to provide information that is both\" \/>\n<meta property=\"og:url\" content=\"https:\/\/referencement-pme.ca\/en\/seo-how-to-blog\/\" \/>\n<meta property=\"og:site_name\" content=\"SEO SEO agency, Web copywriting, backlinking\" \/>\n<meta property=\"article:modified_time\" content=\"2025-08-05T20:46:21+00:00\" \/>\n<meta property=\"og:image\" content=\"https:\/\/referencement-pme.ca\/wp-content\/uploads\/2015\/08\/referement-pme-logo.png\" \/>\n\t<meta property=\"og:image:width\" content=\"438\" \/>\n\t<meta property=\"og:image:height\" content=\"117\" \/>\n\t<meta property=\"og:image:type\" content=\"image\/png\" \/>\n<meta name=\"twitter:card\" content=\"summary_large_image\" \/>\n<script type=\"application\/ld+json\" class=\"yoast-schema-graph\">{\"@context\":\"https:\\\/\\\/schema.org\",\"@graph\":[{\"@type\":\"WebPage\",\"@id\":\"https:\\\/\\\/referencement-pme.ca\\\/en\\\/seo-how-to-blog\\\/\",\"url\":\"https:\\\/\\\/referencement-pme.ca\\\/en\\\/seo-how-to-blog\\\/\",\"name\":\"SEO How-To Blog - SEO SEO agency, Web copywriting, backlinking\",\"isPartOf\":{\"@id\":\"https:\\\/\\\/referencement-pme.ca\\\/en\\\/#website\"},\"datePublished\":\"2012-01-22T19:29:47+00:00\",\"dateModified\":\"2025-08-05T20:46:21+00:00\",\"description\":\"Here is the blog I'm not strictly speaking a blogger, I write for others and don't keep much time for myself. I try to provide information that is both\",\"breadcrumb\":{\"@id\":\"https:\\\/\\\/referencement-pme.ca\\\/en\\\/seo-how-to-blog\\\/#breadcrumb\"},\"inLanguage\":\"en-US\",\"potentialAction\":[{\"@type\":\"ReadAction\",\"target\":[\"https:\\\/\\\/referencement-pme.ca\\\/en\\\/seo-how-to-blog\\\/\"]}]},{\"@type\":\"BreadcrumbList\",\"@id\":\"https:\\\/\\\/referencement-pme.ca\\\/en\\\/seo-how-to-blog\\\/#breadcrumb\",\"itemListElement\":[{\"@type\":\"ListItem\",\"position\":1,\"name\":\"Reception\",\"item\":\"https:\\\/\\\/referencement-pme.ca\\\/en\\\/\"},{\"@type\":\"ListItem\",\"position\":2,\"name\":\"SEO How-To Blog\"}]},{\"@type\":\"WebSite\",\"@id\":\"https:\\\/\\\/referencement-pme.ca\\\/en\\\/#website\",\"url\":\"https:\\\/\\\/referencement-pme.ca\\\/en\\\/\",\"name\":\"Agence de r\u00e9f\u00e9rencement Web SEO naturel, R\u00e9daction web, backlinking\",\"description\":\"SEO and Web Writing, your readability is your visibility\",\"publisher\":{\"@id\":\"https:\\\/\\\/referencement-pme.ca\\\/en\\\/#organization\"},\"alternateName\":\"Agence de r\u00e9f\u00e9rencement Web SEO naturel, R\u00e9daction web, backlinking\",\"potentialAction\":[{\"@type\":\"SearchAction\",\"target\":{\"@type\":\"EntryPoint\",\"urlTemplate\":\"https:\\\/\\\/referencement-pme.ca\\\/en\\\/?s={search_term_string}\"},\"query-input\":{\"@type\":\"PropertyValueSpecification\",\"valueRequired\":true,\"valueName\":\"search_term_string\"}}],\"inLanguage\":\"en-US\"},{\"@type\":\"Organization\",\"@id\":\"https:\\\/\\\/referencement-pme.ca\\\/en\\\/#organization\",\"name\":\"SEO SEO agency, Web copywriting, backlinking\",\"alternateName\":\"SEO SEO agency, Web copywriting, backlinking\",\"url\":\"https:\\\/\\\/referencement-pme.ca\\\/en\\\/\",\"logo\":{\"@type\":\"ImageObject\",\"inLanguage\":\"en-US\",\"@id\":\"https:\\\/\\\/referencement-pme.ca\\\/en\\\/#\\\/schema\\\/logo\\\/image\\\/\",\"url\":\"https:\\\/\\\/referencement-pme.ca\\\/wp-content\\\/uploads\\\/2015\\\/08\\\/logo-pme-ref.jpg\",\"contentUrl\":\"https:\\\/\\\/referencement-pme.ca\\\/wp-content\\\/uploads\\\/2015\\\/08\\\/logo-pme-ref.jpg\",\"width\":250,\"height\":75,\"caption\":\"SEO SEO agency, Web copywriting, backlinking\"},\"image\":{\"@id\":\"https:\\\/\\\/referencement-pme.ca\\\/en\\\/#\\\/schema\\\/logo\\\/image\\\/\"}}]}<\/script>\n<!-- \/ Yoast SEO plugin. -->","yoast_head_json":{"title":"SEO How-To Blog - SEO SEO agency, Web copywriting, backlinking","description":"Here is the blog I'm not strictly speaking a blogger, I write for others and don't keep much time for myself. I try to provide information that is both","robots":{"index":"index","follow":"follow","max-snippet":"max-snippet:-1","max-image-preview":"max-image-preview:large","max-video-preview":"max-video-preview:-1"},"canonical":"https:\/\/referencement-pme.ca\/en\/seo-how-to-blog\/","og_locale":"en_US","og_type":"article","og_title":"SEO How-To Blog - SEO SEO agency, Web copywriting, backlinking","og_description":"Here is the blog I'm not strictly speaking a blogger, I write for others and don't keep much time for myself. I try to provide information that is both","og_url":"https:\/\/referencement-pme.ca\/en\/seo-how-to-blog\/","og_site_name":"SEO SEO agency, Web copywriting, backlinking","article_modified_time":"2025-08-05T20:46:21+00:00","og_image":[{"width":438,"height":117,"url":"https:\/\/referencement-pme.ca\/wp-content\/uploads\/2015\/08\/referement-pme-logo.png","type":"image\/png"}],"twitter_card":"summary_large_image","schema":{"@context":"https:\/\/schema.org","@graph":[{"@type":"WebPage","@id":"https:\/\/referencement-pme.ca\/en\/seo-how-to-blog\/","url":"https:\/\/referencement-pme.ca\/en\/seo-how-to-blog\/","name":"SEO How-To Blog - SEO SEO agency, Web copywriting, backlinking","isPartOf":{"@id":"https:\/\/referencement-pme.ca\/en\/#website"},"datePublished":"2012-01-22T19:29:47+00:00","dateModified":"2025-08-05T20:46:21+00:00","description":"Here is the blog I'm not strictly speaking a blogger, I write for others and don't keep much time for myself. I try to provide information that is both","breadcrumb":{"@id":"https:\/\/referencement-pme.ca\/en\/seo-how-to-blog\/#breadcrumb"},"inLanguage":"en-US","potentialAction":[{"@type":"ReadAction","target":["https:\/\/referencement-pme.ca\/en\/seo-how-to-blog\/"]}]},{"@type":"BreadcrumbList","@id":"https:\/\/referencement-pme.ca\/en\/seo-how-to-blog\/#breadcrumb","itemListElement":[{"@type":"ListItem","position":1,"name":"Reception","item":"https:\/\/referencement-pme.ca\/en\/"},{"@type":"ListItem","position":2,"name":"SEO How-To Blog"}]},{"@type":"WebSite","@id":"https:\/\/referencement-pme.ca\/en\/#website","url":"https:\/\/referencement-pme.ca\/en\/","name":"Agence de r\u00e9f\u00e9rencement Web SEO naturel, R\u00e9daction web, backlinking","description":"SEO and Web Writing, your readability is your visibility","publisher":{"@id":"https:\/\/referencement-pme.ca\/en\/#organization"},"alternateName":"Agence de r\u00e9f\u00e9rencement Web SEO naturel, R\u00e9daction web, backlinking","potentialAction":[{"@type":"SearchAction","target":{"@type":"EntryPoint","urlTemplate":"https:\/\/referencement-pme.ca\/en\/?s={search_term_string}"},"query-input":{"@type":"PropertyValueSpecification","valueRequired":true,"valueName":"search_term_string"}}],"inLanguage":"en-US"},{"@type":"Organization","@id":"https:\/\/referencement-pme.ca\/en\/#organization","name":"SEO SEO agency, Web copywriting, backlinking","alternateName":"SEO SEO agency, Web copywriting, backlinking","url":"https:\/\/referencement-pme.ca\/en\/","logo":{"@type":"ImageObject","inLanguage":"en-US","@id":"https:\/\/referencement-pme.ca\/en\/#\/schema\/logo\/image\/","url":"https:\/\/referencement-pme.ca\/wp-content\/uploads\/2015\/08\/logo-pme-ref.jpg","contentUrl":"https:\/\/referencement-pme.ca\/wp-content\/uploads\/2015\/08\/logo-pme-ref.jpg","width":250,"height":75,"caption":"SEO SEO agency, Web copywriting, backlinking"},"image":{"@id":"https:\/\/referencement-pme.ca\/en\/#\/schema\/logo\/image\/"}}]}},"_links":{"self":[{"href":"https:\/\/referencement-pme.ca\/en\/wp-json\/wp\/v2\/pages\/8690","targetHints":{"allow":["GET"]}}],"collection":[{"href":"https:\/\/referencement-pme.ca\/en\/wp-json\/wp\/v2\/pages"}],"about":[{"href":"https:\/\/referencement-pme.ca\/en\/wp-json\/wp\/v2\/types\/page"}],"author":[{"embeddable":true,"href":"https:\/\/referencement-pme.ca\/en\/wp-json\/wp\/v2\/users\/2"}],"replies":[{"embeddable":true,"href":"https:\/\/referencement-pme.ca\/en\/wp-json\/wp\/v2\/comments?post=8690"}],"version-history":[{"count":0,"href":"https:\/\/referencement-pme.ca\/en\/wp-json\/wp\/v2\/pages\/8690\/revisions"}],"wp:attachment":[{"href":"https:\/\/referencement-pme.ca\/en\/wp-json\/wp\/v2\/media?parent=8690"}],"curies":[{"name":"wp","href":"https:\/\/api.w.org\/{rel}","templated":true}]}}