{"id":8689,"date":"2011-08-27T20:42:37","date_gmt":"2011-08-28T00:42:37","guid":{"rendered":"https:\/\/referencement-pme.ca\/google-seo-associate\/"},"modified":"2025-08-05T16:46:21","modified_gmt":"2025-08-05T20:46:21","slug":"google-seo-associate","status":"publish","type":"page","link":"https:\/\/referencement-pme.ca\/en\/google-seo-associate\/","title":{"rendered":"Google SEO Associate"},"content":{"rendered":"<p>Independent SEO consultant, contact man with a sharp sense of humor, <b>JC Doublet<\/b> runs a blog on trigramme.com a site oriented towards website programming, SEO and <a title=\"AdWords Management \" href=\"http:\/\/www.trigramme.com\/specialiste-adwords-agree-montreal\/\" target=\"_blank\">Adwords campaign management<\/a>.<\/p>\n<p>It was while looking to position his own site that he became passionate about web optimization. Since then, the passion has never left him, he has gained some good positions on the <strong>Adwords<\/strong> theme and has acquired a very enviable authority in the field. <\/p>\n<p>A fervent defender of the creation of <strong>communities of interest<\/strong>, he advocates collaboration rather than competition, rightly claiming that there is work for everyone and that the field of referencing is made up of so many fields of intervention that it is beneficial for the client to consider things in complementarity.<\/p>\n<h2>Website SEO collaboration<\/h2>\n<p>This is what made us meet, appreciate each other and finally work together<\/p>\n<p>Self-taught like many <a href=\"https:\/\/referencement-pme.ca\/en\/\">SEO consultants<\/a> , &#8220;JC&#8221; is perfectly bilingual which has allowed him to assimilate the works of the most recognized of the profession and its extensions Shari Thurow, Aaron Wall, Chris Anderson and to read the authoritative blogs in the USA.<\/p>\n<h2>From Php programming to natural referencing<\/h2>\n<p>Thus, he is very active on web referencing forums, a big fan of <a href=\"http:\/\/www.sethgodin.com\/\" target=\"_blank\">Seth Godin<\/a> whose precepts he applies in his creations.<\/p>\n<p>We share an editorial publication site with high quality standards that sometimes <span style=\"text-decoration: underline;\">make our articles better placed than the sites they want to promote<\/span>.<\/p>\n<p><strong>Update: June 2012<\/strong>&#8211;&gt; this is no longer always true following <a title=\"Publication of articles in first grade: the post-penguin era\" href=\"https:\/\/referencement-pme.ca\/en\/publication-of-articles-in-cp-after-the-penguin\/\">the penguin application on CP<\/a><\/p>\n<h2>Joint projects, collaborations, results<\/h2>\n<p style=\"text-align: left;\">Many sites among those that are in my <a title=\"Referenced testimonies\" href=\"https:\/\/referencement-pme.ca\/temoignages-clients-references\/\">testimonial page<\/a> &#8230; and a lot of <a title=\"SEO, web writing, Montreal\" href=\"https:\/\/referencement-pme.ca\/en\/\">web writing<\/a> make the most of our collaboration over the years &#8230;<\/p>\n<p>Be associated with  <a title=\"Trigram SEO and Coding\" href=\"http:\/\/www.trigramme.com\/\" target=\"_blank\">Trigram<\/a>, it is to combine our strengths, confront our doubts, compensate for our weaknesses&#8230; for the benefit of the customer.<\/p>\n<p>&nbsp;<\/p>\n<p>&nbsp;<\/p>\n","protected":false},"excerpt":{"rendered":"<p>Independent SEO consultant, contact man with a sharp sense of humor, JC Doublet runs a blog on trigramme.com a site oriented towards website programming, SEO and Adwords campaign management. It was while looking to position his own site that he became passionate about web optimization. Since then, the passion has never left him, he has &#8230;<\/p>\n","protected":false},"author":2,"featured_media":0,"parent":0,"menu_order":0,"comment_status":"open","ping_status":"open","template":"","meta":{"_lmt_disableupdate":"","_lmt_disable":"","_genesis_hide_title":false,"_genesis_hide_breadcrumbs":false,"_genesis_hide_singular_image":false,"_genesis_hide_footer_widgets":false,"_genesis_custom_body_class":"","_genesis_custom_post_class":"","_genesis_layout":"","footnotes":""},"class_list":{"0":"post-8689","1":"page","2":"type-page","3":"status-publish","5":"entry","6":"has-post-thumbnail"},"yoast_head":"<!-- This site is optimized with the Yoast SEO plugin v27.3 - https:\/\/yoast.com\/product\/yoast-seo-wordpress\/ -->\n<title>Google SEO Associate - SEO SEO agency, Web copywriting, backlinking<\/title>\n<meta name=\"description\" content=\"Independent SEO consultant, contact man with a sharp sense of humor, JC Doublet runs a blog on trigramme.com a site oriented towards website programming,\" \/>\n<meta name=\"robots\" content=\"index, follow, max-snippet:-1, max-image-preview:large, max-video-preview:-1\" \/>\n<link rel=\"canonical\" href=\"https:\/\/referencement-pme.ca\/en\/google-seo-associate\/\" \/>\n<meta property=\"og:locale\" content=\"en_US\" \/>\n<meta property=\"og:type\" content=\"article\" \/>\n<meta property=\"og:title\" content=\"Google SEO Associate - SEO SEO agency, Web copywriting, backlinking\" \/>\n<meta property=\"og:description\" content=\"Independent SEO consultant, contact man with a sharp sense of humor, JC Doublet runs a blog on trigramme.com a site oriented towards website programming,\" \/>\n<meta property=\"og:url\" content=\"https:\/\/referencement-pme.ca\/en\/google-seo-associate\/\" \/>\n<meta property=\"og:site_name\" content=\"SEO SEO agency, Web copywriting, backlinking\" \/>\n<meta property=\"article:modified_time\" content=\"2025-08-05T20:46:21+00:00\" \/>\n<meta property=\"og:image\" content=\"https:\/\/referencement-pme.ca\/wp-content\/uploads\/2015\/08\/referement-pme-logo.png\" \/>\n\t<meta property=\"og:image:width\" content=\"438\" \/>\n\t<meta property=\"og:image:height\" content=\"117\" \/>\n\t<meta property=\"og:image:type\" content=\"image\/png\" \/>\n<meta name=\"twitter:card\" content=\"summary_large_image\" \/>\n<meta name=\"twitter:label1\" content=\"Est. reading time\" \/>\n\t<meta name=\"twitter:data1\" content=\"2 minutes\" \/>\n<script type=\"application\/ld+json\" class=\"yoast-schema-graph\">{\"@context\":\"https:\\\/\\\/schema.org\",\"@graph\":[{\"@type\":\"WebPage\",\"@id\":\"https:\\\/\\\/referencement-pme.ca\\\/en\\\/google-seo-associate\\\/\",\"url\":\"https:\\\/\\\/referencement-pme.ca\\\/en\\\/google-seo-associate\\\/\",\"name\":\"Google SEO Associate - SEO SEO agency, Web copywriting, backlinking\",\"isPartOf\":{\"@id\":\"https:\\\/\\\/referencement-pme.ca\\\/en\\\/#website\"},\"datePublished\":\"2011-08-28T00:42:37+00:00\",\"dateModified\":\"2025-08-05T20:46:21+00:00\",\"description\":\"Independent SEO consultant, contact man with a sharp sense of humor, JC Doublet runs a blog on trigramme.com a site oriented towards website programming,\",\"breadcrumb\":{\"@id\":\"https:\\\/\\\/referencement-pme.ca\\\/en\\\/google-seo-associate\\\/#breadcrumb\"},\"inLanguage\":\"en-US\",\"potentialAction\":[{\"@type\":\"ReadAction\",\"target\":[\"https:\\\/\\\/referencement-pme.ca\\\/en\\\/google-seo-associate\\\/\"]}]},{\"@type\":\"BreadcrumbList\",\"@id\":\"https:\\\/\\\/referencement-pme.ca\\\/en\\\/google-seo-associate\\\/#breadcrumb\",\"itemListElement\":[{\"@type\":\"ListItem\",\"position\":1,\"name\":\"Reception\",\"item\":\"https:\\\/\\\/referencement-pme.ca\\\/en\\\/\"},{\"@type\":\"ListItem\",\"position\":2,\"name\":\"Google SEO Associate\"}]},{\"@type\":\"WebSite\",\"@id\":\"https:\\\/\\\/referencement-pme.ca\\\/en\\\/#website\",\"url\":\"https:\\\/\\\/referencement-pme.ca\\\/en\\\/\",\"name\":\"Agence de r\u00e9f\u00e9rencement Web SEO naturel, R\u00e9daction web, backlinking\",\"description\":\"SEO and Web Writing, your readability is your visibility\",\"publisher\":{\"@id\":\"https:\\\/\\\/referencement-pme.ca\\\/en\\\/#organization\"},\"alternateName\":\"Agence de r\u00e9f\u00e9rencement Web SEO naturel, R\u00e9daction web, backlinking\",\"potentialAction\":[{\"@type\":\"SearchAction\",\"target\":{\"@type\":\"EntryPoint\",\"urlTemplate\":\"https:\\\/\\\/referencement-pme.ca\\\/en\\\/?s={search_term_string}\"},\"query-input\":{\"@type\":\"PropertyValueSpecification\",\"valueRequired\":true,\"valueName\":\"search_term_string\"}}],\"inLanguage\":\"en-US\"},{\"@type\":\"Organization\",\"@id\":\"https:\\\/\\\/referencement-pme.ca\\\/en\\\/#organization\",\"name\":\"SEO SEO agency, Web copywriting, backlinking\",\"alternateName\":\"SEO SEO agency, Web copywriting, backlinking\",\"url\":\"https:\\\/\\\/referencement-pme.ca\\\/en\\\/\",\"logo\":{\"@type\":\"ImageObject\",\"inLanguage\":\"en-US\",\"@id\":\"https:\\\/\\\/referencement-pme.ca\\\/en\\\/#\\\/schema\\\/logo\\\/image\\\/\",\"url\":\"https:\\\/\\\/referencement-pme.ca\\\/wp-content\\\/uploads\\\/2015\\\/08\\\/logo-pme-ref.jpg\",\"contentUrl\":\"https:\\\/\\\/referencement-pme.ca\\\/wp-content\\\/uploads\\\/2015\\\/08\\\/logo-pme-ref.jpg\",\"width\":250,\"height\":75,\"caption\":\"SEO SEO agency, Web copywriting, backlinking\"},\"image\":{\"@id\":\"https:\\\/\\\/referencement-pme.ca\\\/en\\\/#\\\/schema\\\/logo\\\/image\\\/\"}}]}<\/script>\n<!-- \/ Yoast SEO plugin. -->","yoast_head_json":{"title":"Google SEO Associate - SEO SEO agency, Web copywriting, backlinking","description":"Independent SEO consultant, contact man with a sharp sense of humor, JC Doublet runs a blog on trigramme.com a site oriented towards website programming,","robots":{"index":"index","follow":"follow","max-snippet":"max-snippet:-1","max-image-preview":"max-image-preview:large","max-video-preview":"max-video-preview:-1"},"canonical":"https:\/\/referencement-pme.ca\/en\/google-seo-associate\/","og_locale":"en_US","og_type":"article","og_title":"Google SEO Associate - SEO SEO agency, Web copywriting, backlinking","og_description":"Independent SEO consultant, contact man with a sharp sense of humor, JC Doublet runs a blog on trigramme.com a site oriented towards website programming,","og_url":"https:\/\/referencement-pme.ca\/en\/google-seo-associate\/","og_site_name":"SEO SEO agency, Web copywriting, backlinking","article_modified_time":"2025-08-05T20:46:21+00:00","og_image":[{"width":438,"height":117,"url":"https:\/\/referencement-pme.ca\/wp-content\/uploads\/2015\/08\/referement-pme-logo.png","type":"image\/png"}],"twitter_card":"summary_large_image","twitter_misc":{"Est. reading time":"2 minutes"},"schema":{"@context":"https:\/\/schema.org","@graph":[{"@type":"WebPage","@id":"https:\/\/referencement-pme.ca\/en\/google-seo-associate\/","url":"https:\/\/referencement-pme.ca\/en\/google-seo-associate\/","name":"Google SEO Associate - SEO SEO agency, Web copywriting, backlinking","isPartOf":{"@id":"https:\/\/referencement-pme.ca\/en\/#website"},"datePublished":"2011-08-28T00:42:37+00:00","dateModified":"2025-08-05T20:46:21+00:00","description":"Independent SEO consultant, contact man with a sharp sense of humor, JC Doublet runs a blog on trigramme.com a site oriented towards website programming,","breadcrumb":{"@id":"https:\/\/referencement-pme.ca\/en\/google-seo-associate\/#breadcrumb"},"inLanguage":"en-US","potentialAction":[{"@type":"ReadAction","target":["https:\/\/referencement-pme.ca\/en\/google-seo-associate\/"]}]},{"@type":"BreadcrumbList","@id":"https:\/\/referencement-pme.ca\/en\/google-seo-associate\/#breadcrumb","itemListElement":[{"@type":"ListItem","position":1,"name":"Reception","item":"https:\/\/referencement-pme.ca\/en\/"},{"@type":"ListItem","position":2,"name":"Google SEO Associate"}]},{"@type":"WebSite","@id":"https:\/\/referencement-pme.ca\/en\/#website","url":"https:\/\/referencement-pme.ca\/en\/","name":"Agence de r\u00e9f\u00e9rencement Web SEO naturel, R\u00e9daction web, backlinking","description":"SEO and Web Writing, your readability is your visibility","publisher":{"@id":"https:\/\/referencement-pme.ca\/en\/#organization"},"alternateName":"Agence de r\u00e9f\u00e9rencement Web SEO naturel, R\u00e9daction web, backlinking","potentialAction":[{"@type":"SearchAction","target":{"@type":"EntryPoint","urlTemplate":"https:\/\/referencement-pme.ca\/en\/?s={search_term_string}"},"query-input":{"@type":"PropertyValueSpecification","valueRequired":true,"valueName":"search_term_string"}}],"inLanguage":"en-US"},{"@type":"Organization","@id":"https:\/\/referencement-pme.ca\/en\/#organization","name":"SEO SEO agency, Web copywriting, backlinking","alternateName":"SEO SEO agency, Web copywriting, backlinking","url":"https:\/\/referencement-pme.ca\/en\/","logo":{"@type":"ImageObject","inLanguage":"en-US","@id":"https:\/\/referencement-pme.ca\/en\/#\/schema\/logo\/image\/","url":"https:\/\/referencement-pme.ca\/wp-content\/uploads\/2015\/08\/logo-pme-ref.jpg","contentUrl":"https:\/\/referencement-pme.ca\/wp-content\/uploads\/2015\/08\/logo-pme-ref.jpg","width":250,"height":75,"caption":"SEO SEO agency, Web copywriting, backlinking"},"image":{"@id":"https:\/\/referencement-pme.ca\/en\/#\/schema\/logo\/image\/"}}]}},"_links":{"self":[{"href":"https:\/\/referencement-pme.ca\/en\/wp-json\/wp\/v2\/pages\/8689","targetHints":{"allow":["GET"]}}],"collection":[{"href":"https:\/\/referencement-pme.ca\/en\/wp-json\/wp\/v2\/pages"}],"about":[{"href":"https:\/\/referencement-pme.ca\/en\/wp-json\/wp\/v2\/types\/page"}],"author":[{"embeddable":true,"href":"https:\/\/referencement-pme.ca\/en\/wp-json\/wp\/v2\/users\/2"}],"replies":[{"embeddable":true,"href":"https:\/\/referencement-pme.ca\/en\/wp-json\/wp\/v2\/comments?post=8689"}],"version-history":[{"count":0,"href":"https:\/\/referencement-pme.ca\/en\/wp-json\/wp\/v2\/pages\/8689\/revisions"}],"wp:attachment":[{"href":"https:\/\/referencement-pme.ca\/en\/wp-json\/wp\/v2\/media?parent=8689"}],"curies":[{"name":"wp","href":"https:\/\/api.w.org\/{rel}","templated":true}]}}