{"id":8688,"date":"2011-08-21T12:57:03","date_gmt":"2011-08-21T16:57:03","guid":{"rendered":"https:\/\/referencement-pme.ca\/google-and-wordpress-seo\/"},"modified":"2025-08-05T16:46:21","modified_gmt":"2025-08-05T20:46:21","slug":"google-and-wordpress-seo","status":"publish","type":"page","link":"https:\/\/referencement-pme.ca\/en\/google-and-wordpress-seo\/","title":{"rendered":"Google-and-WordPress-SEO"},"content":{"rendered":"<h3 style=\"font-size: 1.17em;\">The life of the blogger and the owner of an SME made easier.<\/h3>\n<p style=\"text-align: left;\">I offer you the installation, configuration and <a title=\"SEO Montreal\" href=\"https:\/\/referencement-pme.ca\/en\/seo-and-seo-training-montreal\/\">web referencing<\/a> of your future website.<br \/>\nThis involves WordPress, which is child&#8217;s play to learn the usual functions and SEO tools.<a href=\"http:\/\/referencement-pme.ca\/wp-content\/uploads\/2011\/08\/referencement-google-wordpress-.jpg\"><img loading=\"lazy\" decoding=\"async\" class=\"aligncenter size-full wp-image-1462\" title=\"SEO-google-wordpress\" src=\"https:\/\/referencement-pme.ca\/wp-content\/uploads\/2011\/08\/referencement-google-wordpress-.jpg\" alt=\"Google and WordPress SEO\" width=\"348\" height=\"188\" srcset=\"https:\/\/referencement-pme.ca\/wp-content\/uploads\/2011\/08\/referencement-google-wordpress-.jpg 435w, https:\/\/referencement-pme.ca\/wp-content\/uploads\/2011\/08\/referencement-google-wordpress--300x162.jpg 300w\" sizes=\"auto, (max-width: 348px) 100vw, 348px\" \/><\/a><\/p>\n<h3>Fan of WordPress, how can you not be?<\/h3>\n<p>WordPress is an open source CMS, &#8220;a web content management platform developed in a community by many contributors&#8221;.<\/p>\n<p>Free, possibly hosted for free, it has democratized access to the ownership of a real website through the quality of its administrator interface and its ease of use.<\/p>\n<ul>\n<li>Content production, almost reduced to writing articles as in text software.<\/li>\n<li>Drag-and-drop menu management<\/li>\n<li>Add photos, videos and optimization in three clicks.<\/li>\n<li>Web 2: Managing contributions and comments is a breeze.<\/li>\n<li>Many plugins already in place are just waiting for an activation click to make it easier to <strong>optimize pages and posts.<\/strong><\/li>\n<li>Other plug-ins take care of popularizing your prose, protecting them from spam, encouraging comments, keeping your readers&#8230;<\/li>\n<li>WordPress is very well indexed and referenced by Google, you have to see in this regard, <a title=\"Recommended by WordPress Matt Cutts \" href=\"https:\/\/referencement-pme.ca\/wordpress-referencement-facile\/wordpress-recommande-par-matt-cutts\/\" target=\"_blank\">Matt Cutts&#8217; enthusiasm at Wordcamp 2009<\/a> , explain why <strong>Google loves WordPress<\/strong>.<\/li>\n<\/ul>\n<p>From e-commerce e-commerce sites to showcase sites, from artisan blogs to CNN that manages thousands of pages, I recommend WordPress because it&#8217;s the easiest CMS to install, manage, and reference.<\/p>\n<p>Out of its blog image, it is a real web2 portal, meeting the most diverse and demanding needs.<\/p>\n<h3>R\u00e9f\u00e9rencement PME offers you:<\/h3>\n<ul>\n<li>Switching your website to WordPress or<\/li>\n<li>Installing your new website<\/li>\n<\/ul>\n<h2 style=\"text-align: center;\">SEO optimization and interface initiation included<br \/>\nAT THE BEST PRICE<\/h2>\n<p><a title=\"Pricing idea\" href=\"https:\/\/referencement-pme.ca\/en\/seo-rates-for-your-website\/\">  Pricing ideas  <\/a><\/p>\n<p><a title=\"Contact SME SEO Montreal Quebec\" href=\"https:\/\/referencement-pme.ca\/contact-referencement-pme-montreal\/\">Contact form<\/a><\/p>\n","protected":false},"excerpt":{"rendered":"<p>The life of the blogger and the owner of an SME made easier. I offer you the installation, configuration and web referencing of your future website. This involves WordPress, which is child&#8217;s play to learn the usual functions and SEO tools. Fan of WordPress, how can you not be? WordPress is an open source CMS, &#8230;<\/p>\n","protected":false},"author":2,"featured_media":0,"parent":0,"menu_order":0,"comment_status":"open","ping_status":"open","template":"","meta":{"_lmt_disableupdate":"","_lmt_disable":"","_genesis_hide_title":false,"_genesis_hide_breadcrumbs":false,"_genesis_hide_singular_image":false,"_genesis_hide_footer_widgets":false,"_genesis_custom_body_class":"","_genesis_custom_post_class":"","_genesis_layout":"","footnotes":""},"class_list":{"0":"post-8688","1":"page","2":"type-page","3":"status-publish","5":"entry","6":"has-post-thumbnail"},"yoast_head":"<!-- This site is optimized with the Yoast SEO plugin v27.5 - https:\/\/yoast.com\/product\/yoast-seo-wordpress\/ -->\n<title>Google-and-Wordpress-SEO - SEO SEO agency, Web copywriting, backlinking<\/title>\n<meta name=\"description\" content=\"The life of the blogger and the owner of an SME made easier. I offer you the installation, configuration and web referencing of your future website. This\" \/>\n<meta name=\"robots\" content=\"index, follow, max-snippet:-1, max-image-preview:large, max-video-preview:-1\" \/>\n<link rel=\"canonical\" href=\"https:\/\/referencement-pme.ca\/en\/google-and-wordpress-seo\/\" \/>\n<meta property=\"og:locale\" content=\"en_US\" \/>\n<meta property=\"og:type\" content=\"article\" \/>\n<meta property=\"og:title\" content=\"Google-and-Wordpress-SEO - SEO SEO agency, Web copywriting, backlinking\" \/>\n<meta property=\"og:description\" content=\"The life of the blogger and the owner of an SME made easier. I offer you the installation, configuration and web referencing of your future website. This\" \/>\n<meta property=\"og:url\" content=\"https:\/\/referencement-pme.ca\/en\/google-and-wordpress-seo\/\" \/>\n<meta property=\"og:site_name\" content=\"SEO SEO agency, Web copywriting, backlinking\" \/>\n<meta property=\"article:modified_time\" content=\"2025-08-05T20:46:21+00:00\" \/>\n<meta property=\"og:image\" content=\"http:\/\/referencement-pme.ca\/wp-content\/uploads\/2011\/08\/referencement-google-wordpress-.jpg\" \/>\n<meta name=\"twitter:card\" content=\"summary_large_image\" \/>\n<meta name=\"twitter:label1\" content=\"Est. reading time\" \/>\n\t<meta name=\"twitter:data1\" content=\"1 minute\" \/>\n<script type=\"application\/ld+json\" class=\"yoast-schema-graph\">{\"@context\":\"https:\\\/\\\/schema.org\",\"@graph\":[{\"@type\":\"WebPage\",\"@id\":\"https:\\\/\\\/referencement-pme.ca\\\/en\\\/google-and-wordpress-seo\\\/\",\"url\":\"https:\\\/\\\/referencement-pme.ca\\\/en\\\/google-and-wordpress-seo\\\/\",\"name\":\"Google-and-Wordpress-SEO - SEO SEO agency, Web copywriting, backlinking\",\"isPartOf\":{\"@id\":\"https:\\\/\\\/referencement-pme.ca\\\/en\\\/#website\"},\"primaryImageOfPage\":{\"@id\":\"https:\\\/\\\/referencement-pme.ca\\\/en\\\/google-and-wordpress-seo\\\/#primaryimage\"},\"image\":{\"@id\":\"https:\\\/\\\/referencement-pme.ca\\\/en\\\/google-and-wordpress-seo\\\/#primaryimage\"},\"thumbnailUrl\":\"http:\\\/\\\/referencement-pme.ca\\\/wp-content\\\/uploads\\\/2011\\\/08\\\/referencement-google-wordpress-.jpg\",\"datePublished\":\"2011-08-21T16:57:03+00:00\",\"dateModified\":\"2025-08-05T20:46:21+00:00\",\"description\":\"The life of the blogger and the owner of an SME made easier. I offer you the installation, configuration and web referencing of your future website. This\",\"breadcrumb\":{\"@id\":\"https:\\\/\\\/referencement-pme.ca\\\/en\\\/google-and-wordpress-seo\\\/#breadcrumb\"},\"inLanguage\":\"en-US\",\"potentialAction\":[{\"@type\":\"ReadAction\",\"target\":[\"https:\\\/\\\/referencement-pme.ca\\\/en\\\/google-and-wordpress-seo\\\/\"]}]},{\"@type\":\"ImageObject\",\"inLanguage\":\"en-US\",\"@id\":\"https:\\\/\\\/referencement-pme.ca\\\/en\\\/google-and-wordpress-seo\\\/#primaryimage\",\"url\":\"http:\\\/\\\/referencement-pme.ca\\\/wp-content\\\/uploads\\\/2011\\\/08\\\/referencement-google-wordpress-.jpg\",\"contentUrl\":\"http:\\\/\\\/referencement-pme.ca\\\/wp-content\\\/uploads\\\/2011\\\/08\\\/referencement-google-wordpress-.jpg\"},{\"@type\":\"BreadcrumbList\",\"@id\":\"https:\\\/\\\/referencement-pme.ca\\\/en\\\/google-and-wordpress-seo\\\/#breadcrumb\",\"itemListElement\":[{\"@type\":\"ListItem\",\"position\":1,\"name\":\"Reception\",\"item\":\"https:\\\/\\\/referencement-pme.ca\\\/en\\\/\"},{\"@type\":\"ListItem\",\"position\":2,\"name\":\"Google-and-WordPress-SEO\"}]},{\"@type\":\"WebSite\",\"@id\":\"https:\\\/\\\/referencement-pme.ca\\\/en\\\/#website\",\"url\":\"https:\\\/\\\/referencement-pme.ca\\\/en\\\/\",\"name\":\"Agence de r\u00e9f\u00e9rencement Web SEO naturel, R\u00e9daction web, backlinking\",\"description\":\"SEO and Web Writing, your readability is your visibility\",\"publisher\":{\"@id\":\"https:\\\/\\\/referencement-pme.ca\\\/en\\\/#organization\"},\"alternateName\":\"Agence de r\u00e9f\u00e9rencement Web SEO naturel, R\u00e9daction web, backlinking\",\"potentialAction\":[{\"@type\":\"SearchAction\",\"target\":{\"@type\":\"EntryPoint\",\"urlTemplate\":\"https:\\\/\\\/referencement-pme.ca\\\/en\\\/?s={search_term_string}\"},\"query-input\":{\"@type\":\"PropertyValueSpecification\",\"valueRequired\":true,\"valueName\":\"search_term_string\"}}],\"inLanguage\":\"en-US\"},{\"@type\":\"Organization\",\"@id\":\"https:\\\/\\\/referencement-pme.ca\\\/en\\\/#organization\",\"name\":\"SEO SEO agency, Web copywriting, backlinking\",\"alternateName\":\"SEO SEO agency, Web copywriting, backlinking\",\"url\":\"https:\\\/\\\/referencement-pme.ca\\\/en\\\/\",\"logo\":{\"@type\":\"ImageObject\",\"inLanguage\":\"en-US\",\"@id\":\"https:\\\/\\\/referencement-pme.ca\\\/en\\\/#\\\/schema\\\/logo\\\/image\\\/\",\"url\":\"https:\\\/\\\/referencement-pme.ca\\\/wp-content\\\/uploads\\\/2015\\\/08\\\/logo-pme-ref.jpg\",\"contentUrl\":\"https:\\\/\\\/referencement-pme.ca\\\/wp-content\\\/uploads\\\/2015\\\/08\\\/logo-pme-ref.jpg\",\"width\":250,\"height\":75,\"caption\":\"SEO SEO agency, Web copywriting, backlinking\"},\"image\":{\"@id\":\"https:\\\/\\\/referencement-pme.ca\\\/en\\\/#\\\/schema\\\/logo\\\/image\\\/\"}}]}<\/script>\n<!-- \/ Yoast SEO plugin. -->","yoast_head_json":{"title":"Google-and-Wordpress-SEO - SEO SEO agency, Web copywriting, backlinking","description":"The life of the blogger and the owner of an SME made easier. I offer you the installation, configuration and web referencing of your future website. This","robots":{"index":"index","follow":"follow","max-snippet":"max-snippet:-1","max-image-preview":"max-image-preview:large","max-video-preview":"max-video-preview:-1"},"canonical":"https:\/\/referencement-pme.ca\/en\/google-and-wordpress-seo\/","og_locale":"en_US","og_type":"article","og_title":"Google-and-Wordpress-SEO - SEO SEO agency, Web copywriting, backlinking","og_description":"The life of the blogger and the owner of an SME made easier. I offer you the installation, configuration and web referencing of your future website. This","og_url":"https:\/\/referencement-pme.ca\/en\/google-and-wordpress-seo\/","og_site_name":"SEO SEO agency, Web copywriting, backlinking","article_modified_time":"2025-08-05T20:46:21+00:00","og_image":[{"url":"http:\/\/referencement-pme.ca\/wp-content\/uploads\/2011\/08\/referencement-google-wordpress-.jpg","type":"","width":"","height":""}],"twitter_card":"summary_large_image","twitter_misc":{"Est. reading time":"1 minute"},"schema":{"@context":"https:\/\/schema.org","@graph":[{"@type":"WebPage","@id":"https:\/\/referencement-pme.ca\/en\/google-and-wordpress-seo\/","url":"https:\/\/referencement-pme.ca\/en\/google-and-wordpress-seo\/","name":"Google-and-Wordpress-SEO - SEO SEO agency, Web copywriting, backlinking","isPartOf":{"@id":"https:\/\/referencement-pme.ca\/en\/#website"},"primaryImageOfPage":{"@id":"https:\/\/referencement-pme.ca\/en\/google-and-wordpress-seo\/#primaryimage"},"image":{"@id":"https:\/\/referencement-pme.ca\/en\/google-and-wordpress-seo\/#primaryimage"},"thumbnailUrl":"http:\/\/referencement-pme.ca\/wp-content\/uploads\/2011\/08\/referencement-google-wordpress-.jpg","datePublished":"2011-08-21T16:57:03+00:00","dateModified":"2025-08-05T20:46:21+00:00","description":"The life of the blogger and the owner of an SME made easier. I offer you the installation, configuration and web referencing of your future website. This","breadcrumb":{"@id":"https:\/\/referencement-pme.ca\/en\/google-and-wordpress-seo\/#breadcrumb"},"inLanguage":"en-US","potentialAction":[{"@type":"ReadAction","target":["https:\/\/referencement-pme.ca\/en\/google-and-wordpress-seo\/"]}]},{"@type":"ImageObject","inLanguage":"en-US","@id":"https:\/\/referencement-pme.ca\/en\/google-and-wordpress-seo\/#primaryimage","url":"http:\/\/referencement-pme.ca\/wp-content\/uploads\/2011\/08\/referencement-google-wordpress-.jpg","contentUrl":"http:\/\/referencement-pme.ca\/wp-content\/uploads\/2011\/08\/referencement-google-wordpress-.jpg"},{"@type":"BreadcrumbList","@id":"https:\/\/referencement-pme.ca\/en\/google-and-wordpress-seo\/#breadcrumb","itemListElement":[{"@type":"ListItem","position":1,"name":"Reception","item":"https:\/\/referencement-pme.ca\/en\/"},{"@type":"ListItem","position":2,"name":"Google-and-WordPress-SEO"}]},{"@type":"WebSite","@id":"https:\/\/referencement-pme.ca\/en\/#website","url":"https:\/\/referencement-pme.ca\/en\/","name":"Agence de r\u00e9f\u00e9rencement Web SEO naturel, R\u00e9daction web, backlinking","description":"SEO and Web Writing, your readability is your visibility","publisher":{"@id":"https:\/\/referencement-pme.ca\/en\/#organization"},"alternateName":"Agence de r\u00e9f\u00e9rencement Web SEO naturel, R\u00e9daction web, backlinking","potentialAction":[{"@type":"SearchAction","target":{"@type":"EntryPoint","urlTemplate":"https:\/\/referencement-pme.ca\/en\/?s={search_term_string}"},"query-input":{"@type":"PropertyValueSpecification","valueRequired":true,"valueName":"search_term_string"}}],"inLanguage":"en-US"},{"@type":"Organization","@id":"https:\/\/referencement-pme.ca\/en\/#organization","name":"SEO SEO agency, Web copywriting, backlinking","alternateName":"SEO SEO agency, Web copywriting, backlinking","url":"https:\/\/referencement-pme.ca\/en\/","logo":{"@type":"ImageObject","inLanguage":"en-US","@id":"https:\/\/referencement-pme.ca\/en\/#\/schema\/logo\/image\/","url":"https:\/\/referencement-pme.ca\/wp-content\/uploads\/2015\/08\/logo-pme-ref.jpg","contentUrl":"https:\/\/referencement-pme.ca\/wp-content\/uploads\/2015\/08\/logo-pme-ref.jpg","width":250,"height":75,"caption":"SEO SEO agency, Web copywriting, backlinking"},"image":{"@id":"https:\/\/referencement-pme.ca\/en\/#\/schema\/logo\/image\/"}}]}},"_links":{"self":[{"href":"https:\/\/referencement-pme.ca\/en\/wp-json\/wp\/v2\/pages\/8688","targetHints":{"allow":["GET"]}}],"collection":[{"href":"https:\/\/referencement-pme.ca\/en\/wp-json\/wp\/v2\/pages"}],"about":[{"href":"https:\/\/referencement-pme.ca\/en\/wp-json\/wp\/v2\/types\/page"}],"author":[{"embeddable":true,"href":"https:\/\/referencement-pme.ca\/en\/wp-json\/wp\/v2\/users\/2"}],"replies":[{"embeddable":true,"href":"https:\/\/referencement-pme.ca\/en\/wp-json\/wp\/v2\/comments?post=8688"}],"version-history":[{"count":0,"href":"https:\/\/referencement-pme.ca\/en\/wp-json\/wp\/v2\/pages\/8688\/revisions"}],"wp:attachment":[{"href":"https:\/\/referencement-pme.ca\/en\/wp-json\/wp\/v2\/media?parent=8688"}],"curies":[{"name":"wp","href":"https:\/\/api.w.org\/{rel}","templated":true}]}}