{"id":8685,"date":"2011-07-18T21:48:46","date_gmt":"2011-07-19T01:48:46","guid":{"rendered":"https:\/\/referencement-pme.ca\/my-friends-on-the-web\/"},"modified":"2025-08-05T16:46:21","modified_gmt":"2025-08-05T20:46:21","slug":"my-friends-on-the-web","status":"publish","type":"page","link":"https:\/\/referencement-pme.ca\/en\/my-friends-on-the-web\/","title":{"rendered":"My friends on the web"},"content":{"rendered":"<p>This page is a publication of editorial links, a way of making web links by avoiding that it looks like a list of URLs, the text is formidable because of its incoherence! Its theme tends towards &#8220;Franco-Quebec friendship&#8221;. It is a page that is not very accessible to Internet users but indexed by the engines, anyone can participate, its effectiveness to date is diabolical  <\/p>\n<p>&nbsp;<\/p>\n<h2><a href=\"http:\/\/referencement-pme.ca\/wp-content\/uploads\/2011\/07\/reseau-backlink-.png\"><img loading=\"lazy\" decoding=\"async\" class=\"aligncenter size-full wp-image-1012\" title=\"backlink-network\" src=\"https:\/\/referencement-pme.ca\/wp-content\/uploads\/2011\/07\/reseau-backlink-.png\" alt=\"Collaboration links page\" width=\"321\" height=\"297\" srcset=\"https:\/\/referencement-pme.ca\/wp-content\/uploads\/2011\/07\/reseau-backlink-.png 574w, https:\/\/referencement-pme.ca\/wp-content\/uploads\/2011\/07\/reseau-backlink--300x277.png 300w\" sizes=\"auto, (max-width: 321px) 100vw, 321px\" \/><\/a>My Quebec directories and others<\/h2>\n<p style=\"text-align: justify;\">I will publish some links to Canadian directories (preferably) like the Canadian Directory or better, Quebecers like this directory of<span style=\"color: #0000ff;\"> Canadian websites<\/span> based on these two criteria:<\/p>\n<ul>\n<li>  They come out in the first three pages on queries that I&#8217;m looking for<\/li>\n<li>They impose reciprocity on registration<\/li>\n<\/ul>\n<p style=\"text-align: justify;\">Otherwise, I don&#8217;t waste my time with directories, many are outdated.<\/p>\n<h2>My web tech friends<\/h2>\n<p style=\"text-align: justify;\"><a href=\"http:\/\/referencement-pme.ca\/wp-content\/uploads\/2011\/07\/amis-du-web.png\"><img loading=\"lazy\" decoding=\"async\" class=\"alignright size-full wp-image-1013\" title=\"Friends of the Web\" src=\"https:\/\/referencement-pme.ca\/wp-content\/uploads\/2011\/07\/amis-du-web.png\" alt=\"Friends of the Web\" width=\"128\" height=\"128\"\/><\/a>I will mention all the employees, marketing pros, coders, developers, CMS configurators, integrators, website creators, and who will play the game.<span style=\"color: #ff0000;\"> <\/span><\/p>\n<p style=\"text-align: justify;\">First of all, my boyfriend <strong>Jean <\/strong>, the magician of website SEO, he has helped so many sites to gain visibility on the web by explaining in his conferences the basics of SEO! Did you know that he is the one who manages <span style=\"color: #0000ff;\"> <\/span>autopromotion.ca, a business promotion editorial publishing site that allows 3 <em>hardcore backlinks<\/em> to the site to be promoted? I sincerely recommend both of these sites to companies looking to improve their positioning in the SERPs. <\/p>\n<p style=\"text-align: justify;\">This page will also talk about some professional relationships such as <strong>Eric St Amand<\/strong> who does web hosting and website on Google in Lavaltrie and who practices very low prices, or <strong>C\u00e9dric <\/strong>talented graphic designer and teacher of his art and the very nice Robin Faucher who also works in the creation of a website.<\/p>\n<h2>Where to shop?<\/h2>\n<p style=\"text-align: justify;\">I will also do a little advertising at the sites I go to to do my shopping in Montreal or elsewhere. What is certain is that when I went to buy my <a href=\"http:\/\/www.lesartisansdugranit.com%20\">granite countertop<\/a>, I went there with <a href=\"http:\/\/www.limotrudeau.com%20\">limousine montreal<\/a> accompanied by some of these friends mentioned, I considered this purchase to be one of the most important for my kitchen. If you had seen the driver&#8217;s face!  <\/p>\n<p style=\"text-align: justify;\"><span class=\"Apple-style-span\" style=\"font-size: 20px; font-weight: bold;\">Shopping on the web<\/span><\/p>\n<p><img loading=\"lazy\" decoding=\"async\" class=\"alignright size-full wp-image-1488\" title=\"Miscellaneous friends\" src=\"https:\/\/referencement-pme.ca\/wp-content\/uploads\/2011\/07\/amis-divers.png\" alt=\"Various friends\" width=\"276\" height=\"108\"\/><\/p>\n<p>In the same spirit, I will talk about portals that are only virtual. A French<span style=\"color: #0000ff;\"> fast delivery leather trade show<\/span> site, for example, which is well organized, clear and allows quotes to be made in the event of work, plans to expand to the Canadian market. You can pre-buy everything on the web, even a funeral monument, a well-made website with quality photos saves a lot of time and today time has become so precious&#8230;  <\/p>\n<h2>Artisan and professional friends<\/h2>\n<p style=\"text-align: justify;\">Obviously, there are my clients or those of the webmasters participating in this backlinking operation, such as the renovation pros of Haute Garonne and the electrician of Paris, but as far as my clients are concerned, and I will only mention here <span style=\"text-decoration: underline;\">those who have not yet made a recommendation to me<\/span> in my <em>side-bars<\/em>:  nor in<\/p>\n<ul>\n<li style=\"text-align: justify;\"> <a title=\"SEO Montreal\" href=\"https:\/\/referencement-pme.ca\/en\/seo-and-seo-training-montreal\/\">referencing<\/a> or<\/li>\n<li style=\"text-align: justify;\"><a title=\"SEO, web writing, Montreal\" href=\"https:\/\/referencement-pme.ca\/en\/\">web writing.<\/a><\/li>\n<\/ul>\n<p style=\"text-align: justify;\">So we have this <a href=\"http:\/\/www.exterminateurquebec.ca\/\">exterminator<\/a> expert in Quebec City who has no equal in getting rid of bed bugs or this real estate agent who with three words: house sell real estate works miracles to find you a love nest, who defend their clients as I defend the interests of the members of this page.<\/p>\n<h2>Like the concept of this page?<\/h2>\n<p>So if you think this recommendation is nicer than a cold, lifeless list, don&#8217;t hesitate to <a href=\"https:\/\/referencement-pme.ca\/contact-referencement-pme-montreal\/\" target=\"_blank\" rel=\"noopener noreferrer\">contact<\/a> Kristof as part <a href=\"https:\/\/referencement-pme.ca\/en\/backlinks-and-inbound-links\/\" target=\"_blank\" rel=\"noopener noreferrer\">of this backlink campaign<\/a>.<\/p>\n<p>Ah! I almost forgot: for a good meal with friends, go and get your <a href=\"http:\/\/restauranttandem.com\/recette\/\" target=\"_blank\" rel=\"noopener noreferrer\">cooking recipe on this site<\/a> which doesn&#8217;t fit into any box for the moment but makes my daily life easier. For my car I chose this <a href=\"http:\/\/www.hondasj.ca\/index.htm%20\">Honda dealership<\/a> after visiting their dealership, I told myself that with a maintenance garage, a repair garage and a parts department, I will never lack service in this automotive center. <\/p>\n<p>With a few more participants, we will group the links by theme and vary the outgoing links from one page to another.<\/p>\n<ul>\n<li>Computer and Web<\/li>\n<li>Building trades<\/li>\n<li>personal services such as a hair salon<\/li>\n<li>TERTIARY WHITE-COLLAR WORKERS<\/li>\n<\/ul>\n<h3>Your contribution?<\/h3>\n<div>Write this page by inserting the 15 links or <a title=\"Backlink how-to: the easy ones\" href=\"https:\/\/referencement-pme.ca\/en\/backlink-how-to-the-easy-ones\/\" target=\"_blank\" rel=\"noopener noreferrer\">backlinks <\/a>of your theme that I will recommend to you, you will receive as many from your new friends on the web. Everything is free <\/div>\n<div>Call me 438 875 0503 or take the <a href=\"https:\/\/referencement-pme.ca\/contact-referencement-pme-montreal\/\" target=\"_blank\" rel=\"noopener noreferrer\">contact form<\/a>.<\/div>\n<p>&nbsp;<\/p>\n","protected":false},"excerpt":{"rendered":"<p>This page is a publication of editorial links, a way of making web links by avoiding that it looks like a list of URLs, the text is formidable because of its incoherence! Its theme tends towards &#8220;Franco-Quebec friendship&#8221;. It is a page that is not very accessible to Internet users but indexed by the engines, &#8230;<\/p>\n","protected":false},"author":2,"featured_media":0,"parent":0,"menu_order":0,"comment_status":"open","ping_status":"open","template":"","meta":{"_lmt_disableupdate":"","_lmt_disable":"","_genesis_hide_title":false,"_genesis_hide_breadcrumbs":false,"_genesis_hide_singular_image":false,"_genesis_hide_footer_widgets":false,"_genesis_custom_body_class":"","_genesis_custom_post_class":"","_genesis_layout":"","footnotes":""},"class_list":{"0":"post-8685","1":"page","2":"type-page","3":"status-publish","5":"entry","6":"has-post-thumbnail"},"yoast_head":"<!-- This site is optimized with the Yoast SEO plugin v27.3 - https:\/\/yoast.com\/product\/yoast-seo-wordpress\/ -->\n<title>My friends on the web - SEO SEO agency, Web copywriting, backlinking<\/title>\n<meta name=\"description\" content=\"This page is a publication of editorial links, a way of making web links by avoiding that it looks like a list of URLs, the text is formidable because of\" \/>\n<meta name=\"robots\" content=\"index, follow, max-snippet:-1, max-image-preview:large, max-video-preview:-1\" \/>\n<link rel=\"canonical\" href=\"https:\/\/referencement-pme.ca\/en\/my-friends-on-the-web\/\" \/>\n<meta property=\"og:locale\" content=\"en_US\" \/>\n<meta property=\"og:type\" content=\"article\" \/>\n<meta property=\"og:title\" content=\"My friends on the web - SEO SEO agency, Web copywriting, backlinking\" \/>\n<meta property=\"og:description\" content=\"This page is a publication of editorial links, a way of making web links by avoiding that it looks like a list of URLs, the text is formidable because of\" \/>\n<meta property=\"og:url\" content=\"https:\/\/referencement-pme.ca\/en\/my-friends-on-the-web\/\" \/>\n<meta property=\"og:site_name\" content=\"SEO SEO agency, Web copywriting, backlinking\" \/>\n<meta property=\"article:modified_time\" content=\"2025-08-05T20:46:21+00:00\" \/>\n<meta property=\"og:image\" content=\"http:\/\/referencement-pme.ca\/wp-content\/uploads\/2011\/07\/reseau-backlink-.png\" \/>\n<meta name=\"twitter:card\" content=\"summary_large_image\" \/>\n<meta name=\"twitter:label1\" content=\"Est. reading time\" \/>\n\t<meta name=\"twitter:data1\" content=\"4 minutes\" \/>\n<script type=\"application\/ld+json\" class=\"yoast-schema-graph\">{\"@context\":\"https:\\\/\\\/schema.org\",\"@graph\":[{\"@type\":\"WebPage\",\"@id\":\"https:\\\/\\\/referencement-pme.ca\\\/en\\\/my-friends-on-the-web\\\/\",\"url\":\"https:\\\/\\\/referencement-pme.ca\\\/en\\\/my-friends-on-the-web\\\/\",\"name\":\"My friends on the web - SEO SEO agency, Web copywriting, backlinking\",\"isPartOf\":{\"@id\":\"https:\\\/\\\/referencement-pme.ca\\\/en\\\/#website\"},\"primaryImageOfPage\":{\"@id\":\"https:\\\/\\\/referencement-pme.ca\\\/en\\\/my-friends-on-the-web\\\/#primaryimage\"},\"image\":{\"@id\":\"https:\\\/\\\/referencement-pme.ca\\\/en\\\/my-friends-on-the-web\\\/#primaryimage\"},\"thumbnailUrl\":\"http:\\\/\\\/referencement-pme.ca\\\/wp-content\\\/uploads\\\/2011\\\/07\\\/reseau-backlink-.png\",\"datePublished\":\"2011-07-19T01:48:46+00:00\",\"dateModified\":\"2025-08-05T20:46:21+00:00\",\"description\":\"This page is a publication of editorial links, a way of making web links by avoiding that it looks like a list of URLs, the text is formidable because of\",\"breadcrumb\":{\"@id\":\"https:\\\/\\\/referencement-pme.ca\\\/en\\\/my-friends-on-the-web\\\/#breadcrumb\"},\"inLanguage\":\"en-US\",\"potentialAction\":[{\"@type\":\"ReadAction\",\"target\":[\"https:\\\/\\\/referencement-pme.ca\\\/en\\\/my-friends-on-the-web\\\/\"]}]},{\"@type\":\"ImageObject\",\"inLanguage\":\"en-US\",\"@id\":\"https:\\\/\\\/referencement-pme.ca\\\/en\\\/my-friends-on-the-web\\\/#primaryimage\",\"url\":\"http:\\\/\\\/referencement-pme.ca\\\/wp-content\\\/uploads\\\/2011\\\/07\\\/reseau-backlink-.png\",\"contentUrl\":\"http:\\\/\\\/referencement-pme.ca\\\/wp-content\\\/uploads\\\/2011\\\/07\\\/reseau-backlink-.png\"},{\"@type\":\"BreadcrumbList\",\"@id\":\"https:\\\/\\\/referencement-pme.ca\\\/en\\\/my-friends-on-the-web\\\/#breadcrumb\",\"itemListElement\":[{\"@type\":\"ListItem\",\"position\":1,\"name\":\"Reception\",\"item\":\"https:\\\/\\\/referencement-pme.ca\\\/en\\\/\"},{\"@type\":\"ListItem\",\"position\":2,\"name\":\"My friends on the web\"}]},{\"@type\":\"WebSite\",\"@id\":\"https:\\\/\\\/referencement-pme.ca\\\/en\\\/#website\",\"url\":\"https:\\\/\\\/referencement-pme.ca\\\/en\\\/\",\"name\":\"Agence de r\u00e9f\u00e9rencement Web SEO naturel, R\u00e9daction web, backlinking\",\"description\":\"SEO and Web Writing, your readability is your visibility\",\"publisher\":{\"@id\":\"https:\\\/\\\/referencement-pme.ca\\\/en\\\/#organization\"},\"alternateName\":\"Agence de r\u00e9f\u00e9rencement Web SEO naturel, R\u00e9daction web, backlinking\",\"potentialAction\":[{\"@type\":\"SearchAction\",\"target\":{\"@type\":\"EntryPoint\",\"urlTemplate\":\"https:\\\/\\\/referencement-pme.ca\\\/en\\\/?s={search_term_string}\"},\"query-input\":{\"@type\":\"PropertyValueSpecification\",\"valueRequired\":true,\"valueName\":\"search_term_string\"}}],\"inLanguage\":\"en-US\"},{\"@type\":\"Organization\",\"@id\":\"https:\\\/\\\/referencement-pme.ca\\\/en\\\/#organization\",\"name\":\"SEO SEO agency, Web copywriting, backlinking\",\"alternateName\":\"SEO SEO agency, Web copywriting, backlinking\",\"url\":\"https:\\\/\\\/referencement-pme.ca\\\/en\\\/\",\"logo\":{\"@type\":\"ImageObject\",\"inLanguage\":\"en-US\",\"@id\":\"https:\\\/\\\/referencement-pme.ca\\\/en\\\/#\\\/schema\\\/logo\\\/image\\\/\",\"url\":\"https:\\\/\\\/referencement-pme.ca\\\/wp-content\\\/uploads\\\/2015\\\/08\\\/logo-pme-ref.jpg\",\"contentUrl\":\"https:\\\/\\\/referencement-pme.ca\\\/wp-content\\\/uploads\\\/2015\\\/08\\\/logo-pme-ref.jpg\",\"width\":250,\"height\":75,\"caption\":\"SEO SEO agency, Web copywriting, backlinking\"},\"image\":{\"@id\":\"https:\\\/\\\/referencement-pme.ca\\\/en\\\/#\\\/schema\\\/logo\\\/image\\\/\"}}]}<\/script>\n<!-- \/ Yoast SEO plugin. -->","yoast_head_json":{"title":"My friends on the web - SEO SEO agency, Web copywriting, backlinking","description":"This page is a publication of editorial links, a way of making web links by avoiding that it looks like a list of URLs, the text is formidable because of","robots":{"index":"index","follow":"follow","max-snippet":"max-snippet:-1","max-image-preview":"max-image-preview:large","max-video-preview":"max-video-preview:-1"},"canonical":"https:\/\/referencement-pme.ca\/en\/my-friends-on-the-web\/","og_locale":"en_US","og_type":"article","og_title":"My friends on the web - SEO SEO agency, Web copywriting, backlinking","og_description":"This page is a publication of editorial links, a way of making web links by avoiding that it looks like a list of URLs, the text is formidable because of","og_url":"https:\/\/referencement-pme.ca\/en\/my-friends-on-the-web\/","og_site_name":"SEO SEO agency, Web copywriting, backlinking","article_modified_time":"2025-08-05T20:46:21+00:00","og_image":[{"url":"http:\/\/referencement-pme.ca\/wp-content\/uploads\/2011\/07\/reseau-backlink-.png","type":"","width":"","height":""}],"twitter_card":"summary_large_image","twitter_misc":{"Est. reading time":"4 minutes"},"schema":{"@context":"https:\/\/schema.org","@graph":[{"@type":"WebPage","@id":"https:\/\/referencement-pme.ca\/en\/my-friends-on-the-web\/","url":"https:\/\/referencement-pme.ca\/en\/my-friends-on-the-web\/","name":"My friends on the web - SEO SEO agency, Web copywriting, backlinking","isPartOf":{"@id":"https:\/\/referencement-pme.ca\/en\/#website"},"primaryImageOfPage":{"@id":"https:\/\/referencement-pme.ca\/en\/my-friends-on-the-web\/#primaryimage"},"image":{"@id":"https:\/\/referencement-pme.ca\/en\/my-friends-on-the-web\/#primaryimage"},"thumbnailUrl":"http:\/\/referencement-pme.ca\/wp-content\/uploads\/2011\/07\/reseau-backlink-.png","datePublished":"2011-07-19T01:48:46+00:00","dateModified":"2025-08-05T20:46:21+00:00","description":"This page is a publication of editorial links, a way of making web links by avoiding that it looks like a list of URLs, the text is formidable because of","breadcrumb":{"@id":"https:\/\/referencement-pme.ca\/en\/my-friends-on-the-web\/#breadcrumb"},"inLanguage":"en-US","potentialAction":[{"@type":"ReadAction","target":["https:\/\/referencement-pme.ca\/en\/my-friends-on-the-web\/"]}]},{"@type":"ImageObject","inLanguage":"en-US","@id":"https:\/\/referencement-pme.ca\/en\/my-friends-on-the-web\/#primaryimage","url":"http:\/\/referencement-pme.ca\/wp-content\/uploads\/2011\/07\/reseau-backlink-.png","contentUrl":"http:\/\/referencement-pme.ca\/wp-content\/uploads\/2011\/07\/reseau-backlink-.png"},{"@type":"BreadcrumbList","@id":"https:\/\/referencement-pme.ca\/en\/my-friends-on-the-web\/#breadcrumb","itemListElement":[{"@type":"ListItem","position":1,"name":"Reception","item":"https:\/\/referencement-pme.ca\/en\/"},{"@type":"ListItem","position":2,"name":"My friends on the web"}]},{"@type":"WebSite","@id":"https:\/\/referencement-pme.ca\/en\/#website","url":"https:\/\/referencement-pme.ca\/en\/","name":"Agence de r\u00e9f\u00e9rencement Web SEO naturel, R\u00e9daction web, backlinking","description":"SEO and Web Writing, your readability is your visibility","publisher":{"@id":"https:\/\/referencement-pme.ca\/en\/#organization"},"alternateName":"Agence de r\u00e9f\u00e9rencement Web SEO naturel, R\u00e9daction web, backlinking","potentialAction":[{"@type":"SearchAction","target":{"@type":"EntryPoint","urlTemplate":"https:\/\/referencement-pme.ca\/en\/?s={search_term_string}"},"query-input":{"@type":"PropertyValueSpecification","valueRequired":true,"valueName":"search_term_string"}}],"inLanguage":"en-US"},{"@type":"Organization","@id":"https:\/\/referencement-pme.ca\/en\/#organization","name":"SEO SEO agency, Web copywriting, backlinking","alternateName":"SEO SEO agency, Web copywriting, backlinking","url":"https:\/\/referencement-pme.ca\/en\/","logo":{"@type":"ImageObject","inLanguage":"en-US","@id":"https:\/\/referencement-pme.ca\/en\/#\/schema\/logo\/image\/","url":"https:\/\/referencement-pme.ca\/wp-content\/uploads\/2015\/08\/logo-pme-ref.jpg","contentUrl":"https:\/\/referencement-pme.ca\/wp-content\/uploads\/2015\/08\/logo-pme-ref.jpg","width":250,"height":75,"caption":"SEO SEO agency, Web copywriting, backlinking"},"image":{"@id":"https:\/\/referencement-pme.ca\/en\/#\/schema\/logo\/image\/"}}]}},"_links":{"self":[{"href":"https:\/\/referencement-pme.ca\/en\/wp-json\/wp\/v2\/pages\/8685","targetHints":{"allow":["GET"]}}],"collection":[{"href":"https:\/\/referencement-pme.ca\/en\/wp-json\/wp\/v2\/pages"}],"about":[{"href":"https:\/\/referencement-pme.ca\/en\/wp-json\/wp\/v2\/types\/page"}],"author":[{"embeddable":true,"href":"https:\/\/referencement-pme.ca\/en\/wp-json\/wp\/v2\/users\/2"}],"replies":[{"embeddable":true,"href":"https:\/\/referencement-pme.ca\/en\/wp-json\/wp\/v2\/comments?post=8685"}],"version-history":[{"count":0,"href":"https:\/\/referencement-pme.ca\/en\/wp-json\/wp\/v2\/pages\/8685\/revisions"}],"wp:attachment":[{"href":"https:\/\/referencement-pme.ca\/en\/wp-json\/wp\/v2\/media?parent=8685"}],"curies":[{"name":"wp","href":"https:\/\/api.w.org\/{rel}","templated":true}]}}