{"id":8674,"date":"2018-10-25T13:11:16","date_gmt":"2018-10-25T17:11:16","guid":{"rendered":"https:\/\/referencement-pme.ca\/title\/"},"modified":"2025-08-05T16:46:07","modified_gmt":"2025-08-05T20:46:07","slug":"title","status":"publish","type":"page","link":"https:\/\/referencement-pme.ca\/en\/title\/","title":{"rendered":"title"},"content":{"rendered":"\n<p>have weaknesses:<\/p>\n\n<ul class=\"wp-block-list\"><li><a href=\"https:\/\/referencement-pme.ca\/referencement-web-montreal\/referencement-site-web-suit-une-demarche\/\">in the SEO optimization of your website<\/a>?<\/li><li>in your positions on search results pages<\/li><li>in <a href=\"https:\/\/referencement-pme.ca\/redaction-web-montreal\/le-redacteur-web-optimise-les-pages-web\/\">the writing of your texts <\/a>that are not &#8220;search engine oriented&#8221;?<\/li><li>in the quality of the inbound links to your site and you are thinking of a <a href=\"https:\/\/referencement-pme.ca\/backlink-referencement-google\/\"><em>Backlinks<\/em> campaign<\/a>?<\/li><\/ul>\n\n<p>You need:<\/p>\n\n<ul class=\"wp-block-list\"><li>To structure your project before <a href=\"https:\/\/referencement-pme.ca\/creation-de-site-internet\/\">the creation of your website<\/a> on a platform dedicated to <abbr title=\"Search Engine Optimization\">SEO<\/abbr>?<\/li><li>Migrating from your old site <a href=\"https:\/\/referencement-pme.ca\/wordpress-referencement-facile\/\">to a CMS like WordPress<\/a>?<\/li><li><a href=\"https:\/\/referencement-pme.ca\/en\/is-your-site-google-mobile-friendly\/\">Bringing your system into compliance<\/a><\/li><\/ul>\n\n<p>jkkldsklsd<br \/><br \/><\/p>\n\n<p><\/p>\n","protected":false},"excerpt":{"rendered":"<p>have weaknesses: in the SEO optimization of your website?in your positions on search results pagesin the writing of your texts that are not &#8220;search engine oriented&#8221;?in the quality of the inbound links to your site and you are thinking of a Backlinks campaign? You need: To structure your project before the creation of your website &#8230;<\/p>\n","protected":false},"author":2,"featured_media":0,"parent":0,"menu_order":0,"comment_status":"closed","ping_status":"closed","template":"","meta":{"_lmt_disableupdate":"","_lmt_disable":"","_genesis_hide_title":false,"_genesis_hide_breadcrumbs":false,"_genesis_hide_singular_image":false,"_genesis_hide_footer_widgets":false,"_genesis_custom_body_class":"","_genesis_custom_post_class":"","_genesis_layout":"","footnotes":""},"class_list":{"0":"post-8674","1":"page","2":"type-page","3":"status-publish","5":"entry"},"yoast_head":"<!-- This site is optimized with the Yoast SEO plugin v27.3 - https:\/\/yoast.com\/product\/yoast-seo-wordpress\/ -->\n<title>title - SEO SEO agency, Web copywriting, backlinking<\/title>\n<meta name=\"description\" content=\"have weaknesses: in the SEO optimization of your website?in your positions on search results pagesin the writing of your texts that are not &quot;search engine\" \/>\n<meta name=\"robots\" content=\"index, follow, max-snippet:-1, max-image-preview:large, max-video-preview:-1\" \/>\n<link rel=\"canonical\" href=\"https:\/\/referencement-pme.ca\/en\/title\/\" \/>\n<meta property=\"og:locale\" content=\"en_US\" \/>\n<meta property=\"og:type\" content=\"article\" \/>\n<meta property=\"og:title\" content=\"title - SEO SEO agency, Web copywriting, backlinking\" \/>\n<meta property=\"og:description\" content=\"have weaknesses: in the SEO optimization of your website?in your positions on search results pagesin the writing of your texts that are not &quot;search engine\" \/>\n<meta property=\"og:url\" content=\"https:\/\/referencement-pme.ca\/en\/title\/\" \/>\n<meta property=\"og:site_name\" content=\"SEO SEO agency, Web copywriting, backlinking\" \/>\n<meta property=\"article:modified_time\" content=\"2025-08-05T20:46:07+00:00\" \/>\n<meta property=\"og:image\" content=\"https:\/\/referencement-pme.ca\/wp-content\/uploads\/2015\/08\/referement-pme-logo.png\" \/>\n\t<meta property=\"og:image:width\" content=\"438\" \/>\n\t<meta property=\"og:image:height\" content=\"117\" \/>\n\t<meta property=\"og:image:type\" content=\"image\/png\" \/>\n<meta name=\"twitter:card\" content=\"summary_large_image\" \/>\n<script type=\"application\/ld+json\" class=\"yoast-schema-graph\">{\"@context\":\"https:\\\/\\\/schema.org\",\"@graph\":[{\"@type\":\"WebPage\",\"@id\":\"https:\\\/\\\/referencement-pme.ca\\\/en\\\/title\\\/\",\"url\":\"https:\\\/\\\/referencement-pme.ca\\\/en\\\/title\\\/\",\"name\":\"title - SEO SEO agency, Web copywriting, backlinking\",\"isPartOf\":{\"@id\":\"https:\\\/\\\/referencement-pme.ca\\\/en\\\/#website\"},\"datePublished\":\"2018-10-25T17:11:16+00:00\",\"dateModified\":\"2025-08-05T20:46:07+00:00\",\"description\":\"have weaknesses: in the SEO optimization of your website?in your positions on search results pagesin the writing of your texts that are not \\\"search engine\",\"breadcrumb\":{\"@id\":\"https:\\\/\\\/referencement-pme.ca\\\/en\\\/title\\\/#breadcrumb\"},\"inLanguage\":\"en-US\",\"potentialAction\":[{\"@type\":\"ReadAction\",\"target\":[\"https:\\\/\\\/referencement-pme.ca\\\/en\\\/title\\\/\"]}]},{\"@type\":\"BreadcrumbList\",\"@id\":\"https:\\\/\\\/referencement-pme.ca\\\/en\\\/title\\\/#breadcrumb\",\"itemListElement\":[{\"@type\":\"ListItem\",\"position\":1,\"name\":\"Reception\",\"item\":\"https:\\\/\\\/referencement-pme.ca\\\/en\\\/\"},{\"@type\":\"ListItem\",\"position\":2,\"name\":\"title\"}]},{\"@type\":\"WebSite\",\"@id\":\"https:\\\/\\\/referencement-pme.ca\\\/en\\\/#website\",\"url\":\"https:\\\/\\\/referencement-pme.ca\\\/en\\\/\",\"name\":\"Agence de r\u00e9f\u00e9rencement Web SEO naturel, R\u00e9daction web, backlinking\",\"description\":\"SEO and Web Writing, your readability is your visibility\",\"publisher\":{\"@id\":\"https:\\\/\\\/referencement-pme.ca\\\/en\\\/#organization\"},\"alternateName\":\"Agence de r\u00e9f\u00e9rencement Web SEO naturel, R\u00e9daction web, backlinking\",\"potentialAction\":[{\"@type\":\"SearchAction\",\"target\":{\"@type\":\"EntryPoint\",\"urlTemplate\":\"https:\\\/\\\/referencement-pme.ca\\\/en\\\/?s={search_term_string}\"},\"query-input\":{\"@type\":\"PropertyValueSpecification\",\"valueRequired\":true,\"valueName\":\"search_term_string\"}}],\"inLanguage\":\"en-US\"},{\"@type\":\"Organization\",\"@id\":\"https:\\\/\\\/referencement-pme.ca\\\/en\\\/#organization\",\"name\":\"SEO SEO agency, Web copywriting, backlinking\",\"alternateName\":\"SEO SEO agency, Web copywriting, backlinking\",\"url\":\"https:\\\/\\\/referencement-pme.ca\\\/en\\\/\",\"logo\":{\"@type\":\"ImageObject\",\"inLanguage\":\"en-US\",\"@id\":\"https:\\\/\\\/referencement-pme.ca\\\/en\\\/#\\\/schema\\\/logo\\\/image\\\/\",\"url\":\"https:\\\/\\\/referencement-pme.ca\\\/wp-content\\\/uploads\\\/2015\\\/08\\\/logo-pme-ref.jpg\",\"contentUrl\":\"https:\\\/\\\/referencement-pme.ca\\\/wp-content\\\/uploads\\\/2015\\\/08\\\/logo-pme-ref.jpg\",\"width\":250,\"height\":75,\"caption\":\"SEO SEO agency, Web copywriting, backlinking\"},\"image\":{\"@id\":\"https:\\\/\\\/referencement-pme.ca\\\/en\\\/#\\\/schema\\\/logo\\\/image\\\/\"}}]}<\/script>\n<!-- \/ Yoast SEO plugin. -->","yoast_head_json":{"title":"title - SEO SEO agency, Web copywriting, backlinking","description":"have weaknesses: in the SEO optimization of your website?in your positions on search results pagesin the writing of your texts that are not \"search engine","robots":{"index":"index","follow":"follow","max-snippet":"max-snippet:-1","max-image-preview":"max-image-preview:large","max-video-preview":"max-video-preview:-1"},"canonical":"https:\/\/referencement-pme.ca\/en\/title\/","og_locale":"en_US","og_type":"article","og_title":"title - SEO SEO agency, Web copywriting, backlinking","og_description":"have weaknesses: in the SEO optimization of your website?in your positions on search results pagesin the writing of your texts that are not \"search engine","og_url":"https:\/\/referencement-pme.ca\/en\/title\/","og_site_name":"SEO SEO agency, Web copywriting, backlinking","article_modified_time":"2025-08-05T20:46:07+00:00","og_image":[{"width":438,"height":117,"url":"https:\/\/referencement-pme.ca\/wp-content\/uploads\/2015\/08\/referement-pme-logo.png","type":"image\/png"}],"twitter_card":"summary_large_image","schema":{"@context":"https:\/\/schema.org","@graph":[{"@type":"WebPage","@id":"https:\/\/referencement-pme.ca\/en\/title\/","url":"https:\/\/referencement-pme.ca\/en\/title\/","name":"title - SEO SEO agency, Web copywriting, backlinking","isPartOf":{"@id":"https:\/\/referencement-pme.ca\/en\/#website"},"datePublished":"2018-10-25T17:11:16+00:00","dateModified":"2025-08-05T20:46:07+00:00","description":"have weaknesses: in the SEO optimization of your website?in your positions on search results pagesin the writing of your texts that are not \"search engine","breadcrumb":{"@id":"https:\/\/referencement-pme.ca\/en\/title\/#breadcrumb"},"inLanguage":"en-US","potentialAction":[{"@type":"ReadAction","target":["https:\/\/referencement-pme.ca\/en\/title\/"]}]},{"@type":"BreadcrumbList","@id":"https:\/\/referencement-pme.ca\/en\/title\/#breadcrumb","itemListElement":[{"@type":"ListItem","position":1,"name":"Reception","item":"https:\/\/referencement-pme.ca\/en\/"},{"@type":"ListItem","position":2,"name":"title"}]},{"@type":"WebSite","@id":"https:\/\/referencement-pme.ca\/en\/#website","url":"https:\/\/referencement-pme.ca\/en\/","name":"Agence de r\u00e9f\u00e9rencement Web SEO naturel, R\u00e9daction web, backlinking","description":"SEO and Web Writing, your readability is your visibility","publisher":{"@id":"https:\/\/referencement-pme.ca\/en\/#organization"},"alternateName":"Agence de r\u00e9f\u00e9rencement Web SEO naturel, R\u00e9daction web, backlinking","potentialAction":[{"@type":"SearchAction","target":{"@type":"EntryPoint","urlTemplate":"https:\/\/referencement-pme.ca\/en\/?s={search_term_string}"},"query-input":{"@type":"PropertyValueSpecification","valueRequired":true,"valueName":"search_term_string"}}],"inLanguage":"en-US"},{"@type":"Organization","@id":"https:\/\/referencement-pme.ca\/en\/#organization","name":"SEO SEO agency, Web copywriting, backlinking","alternateName":"SEO SEO agency, Web copywriting, backlinking","url":"https:\/\/referencement-pme.ca\/en\/","logo":{"@type":"ImageObject","inLanguage":"en-US","@id":"https:\/\/referencement-pme.ca\/en\/#\/schema\/logo\/image\/","url":"https:\/\/referencement-pme.ca\/wp-content\/uploads\/2015\/08\/logo-pme-ref.jpg","contentUrl":"https:\/\/referencement-pme.ca\/wp-content\/uploads\/2015\/08\/logo-pme-ref.jpg","width":250,"height":75,"caption":"SEO SEO agency, Web copywriting, backlinking"},"image":{"@id":"https:\/\/referencement-pme.ca\/en\/#\/schema\/logo\/image\/"}}]}},"_links":{"self":[{"href":"https:\/\/referencement-pme.ca\/en\/wp-json\/wp\/v2\/pages\/8674","targetHints":{"allow":["GET"]}}],"collection":[{"href":"https:\/\/referencement-pme.ca\/en\/wp-json\/wp\/v2\/pages"}],"about":[{"href":"https:\/\/referencement-pme.ca\/en\/wp-json\/wp\/v2\/types\/page"}],"author":[{"embeddable":true,"href":"https:\/\/referencement-pme.ca\/en\/wp-json\/wp\/v2\/users\/2"}],"replies":[{"embeddable":true,"href":"https:\/\/referencement-pme.ca\/en\/wp-json\/wp\/v2\/comments?post=8674"}],"version-history":[{"count":1,"href":"https:\/\/referencement-pme.ca\/en\/wp-json\/wp\/v2\/pages\/8674\/revisions"}],"predecessor-version":[{"id":8676,"href":"https:\/\/referencement-pme.ca\/en\/wp-json\/wp\/v2\/pages\/8674\/revisions\/8676"}],"wp:attachment":[{"href":"https:\/\/referencement-pme.ca\/en\/wp-json\/wp\/v2\/media?parent=8674"}],"curies":[{"name":"wp","href":"https:\/\/api.w.org\/{rel}","templated":true}]}}