{"id":8666,"date":"2014-09-10T18:22:29","date_gmt":"2014-09-10T22:22:29","guid":{"rendered":"https:\/\/referencement-pme.ca\/remove-computer-viruses-and-worms\/"},"modified":"2025-08-05T16:46:04","modified_gmt":"2025-08-05T20:46:04","slug":"remove-computer-viruses-and-worms","status":"publish","type":"page","link":"https:\/\/referencement-pme.ca\/en\/remove-computer-viruses-and-worms\/","title":{"rendered":"Remove computer viruses and worms"},"content":{"rendered":"<p>From the simple worm that imposes a search engine (and its ads) on your web browsers to the terrible <strong>Cascade<\/strong> which in the 80s was able to completely destroy the OS of the best computers of the moment.<\/p>\n<p>There are thousands of viruses whose levels of attack and consequences are classified by danger index.<\/p>\n<p>They <a title=\"A virus imposes a search engine in your browser\" href=\"https:\/\/referencement-pme.ca\/en\/a-virus-imposes-a-search-engine-in-your-browser\/\">impose themselves while browsing the web<\/a>, hide in certain programs and act sneakily.<\/p>\n<p><strong>Antiviruses are unable to stop everything<\/strong><\/p>\n<p><img loading=\"lazy\" decoding=\"async\" class=\"alignright wp-image-3652 size-full\" src=\"https:\/\/referencement-pme.ca\/wp-content\/uploads\/2014\/08\/Carte-daffaire-J-C-Gagnon-300x175.jpeg\" alt=\"Computer Repair\" width=\"300\" height=\"175\"\/>Although they are powerful and essential, antivirus programs are unable to stop everything,<\/p>\n<p>Malware, scareware, worms and viruses their actions:<\/p>\n<ul>\n<li>Analyze your files and identify your codes or bank statements<\/li>\n<li>Stealing your address book and sending emails in your name&#8230;<\/li>\n<li>paralize your computer, freeze your mouse or drive it crazy.<\/li>\n<li>Shut down or restart your machine<\/li>\n<\/ul>\n<p><iframe loading=\"lazy\" src=\"\/\/www.youtube.com\/embed\/UWLg6tTeQRg\" width=\"640\" height=\"480\" frameborder=\"0\" allowfullscreen=\"allowfullscreen\"><\/iframe><\/p>\n<h3>Permanently and methodically remove viruses<\/h3>\n<p>Scan to remove unwanted programs that have accumulated over time from your PC.<\/p>\n<p>Then I install and run a small software to clean up your machine, i.e. delete temporary files, shortcuts that are no longer used, as well as some errors in the Windows registry. An antivirus scan is also required to make sure that your PC is not infected. When the optimization is complete, your PC runs almost as if it were freshly installed.  <\/p>\n<h2>Malware, scareware and other scareers<\/h2>\n<p><em>Malware<\/em>, or malicious software, is a program introduced into a computer system and causes a whole series of infections to spread through it.<br \/>\nMalware is divided into different categories, including viruses, worms, Trojans, and other threats, including <em>scareware<\/em> .<br \/>\nIn order to protect against this kind of nefarious invasion, it is necessary to define what scareware is and how it enters the system. We will then see what to do in case of infection. <\/p>\n<h2>Nature, origin and consequence of scareware.<\/h2>\n<p>Scareware presents itself as anti-spyware and its purpose is to generate money. It takes the form of a false alert that the computer is infected. Often, the wallpaper is changed or pop-up icons appear and push the user to pay in order to protect their computer and preserve all their data.  <\/p>\n<p>If you click, the scareware will detect imaginary threats and give the illusion of cleaning them. To do this, the malware supposedly scans the computer in record time (actually unfeasible). <\/p>\n<p>A false alarm can appear very repetitively in order to scare the user as much as possible, while giving the illusion of being a completely serious anti-spyware.<\/p>\n<p>Scareware can install when downloading or browsing questionable sites.<\/p>\n<p>Activating scareware can trigger a malicious download that can in turn infect the system.<\/p>\n<h2>How to get rid of scareware or other malware<strong>.<\/strong><\/h2>\n<p>First of all, it is essential to install an antivirus and a firewall on a computer.<\/p>\n<p>The second piece of advice to follow is to never pay anything.<\/p>\n<p>When malware is detected, it may be useful to reinstall the antivirus that may have been disabled. This way, he will eventually be able to eliminate the intruder. Disabling System Restore is necessary because antivirus software does not scan certain files hidden by the system.  <\/p>\n<p>If that doesn&#8217;t work, there are premium tools available online that can also eliminate the malware.<\/p>\n<p>The ultimate solution to get rid of malware is to be able to determine its type. Depending on this, online tutorials serve as a guide in the procedure to follow.<br \/>\nSoftware can also be used to eliminate recalcitrant malware. <\/p>\n<p>If all these solutions remain ineffective, all that remains is to reformat the hard drive and reinstall the operating system and its various applications, after destroying all the sensitive files on the hard drive.<\/p>\n<p>In short, vigilance is required when it comes to the use of the internet, as malware has rapidly proliferated with the democratization of the web. But beyond this preventive notion (watching over downloads, sites visited and various actions on non-secure sites) which is unfortunately not sufficient, the restorative notions described can be very useful. <\/p>\n<p>&nbsp;<\/p>\n<p>&nbsp;<\/p>\n<p>&nbsp;<\/p>\n<p>&nbsp;<\/p>\n","protected":false},"excerpt":{"rendered":"<p>From the simple worm that imposes a search engine (and its ads) on your web browsers to the terrible Cascade which in the 80s was able to completely destroy the OS of the best computers of the moment. There are thousands of viruses whose levels of attack and consequences are classified by danger index. They &#8230;<\/p>\n","protected":false},"author":2,"featured_media":0,"parent":0,"menu_order":0,"comment_status":"open","ping_status":"open","template":"","meta":{"_lmt_disableupdate":"","_lmt_disable":"","_genesis_hide_title":false,"_genesis_hide_breadcrumbs":false,"_genesis_hide_singular_image":false,"_genesis_hide_footer_widgets":false,"_genesis_custom_body_class":"","_genesis_custom_post_class":"","_genesis_layout":"","footnotes":""},"class_list":{"0":"post-8666","1":"page","2":"type-page","3":"status-publish","5":"entry","6":"has-post-thumbnail"},"yoast_head":"<!-- This site is optimized with the Yoast SEO plugin v27.5 - https:\/\/yoast.com\/product\/yoast-seo-wordpress\/ -->\n<title>Remove computer viruses and worms - SEO SEO agency, Web copywriting, backlinking<\/title>\n<meta name=\"description\" content=\"From the simple worm that imposes a search engine (and its ads) on your web browsers to the terrible Cascade which in the 80s was able to completely\" \/>\n<meta name=\"robots\" content=\"index, follow, max-snippet:-1, max-image-preview:large, max-video-preview:-1\" \/>\n<link rel=\"canonical\" href=\"https:\/\/referencement-pme.ca\/en\/remove-computer-viruses-and-worms\/\" \/>\n<meta property=\"og:locale\" content=\"en_US\" \/>\n<meta property=\"og:type\" content=\"article\" \/>\n<meta property=\"og:title\" content=\"Remove computer viruses and worms - SEO SEO agency, Web copywriting, backlinking\" \/>\n<meta property=\"og:description\" content=\"From the simple worm that imposes a search engine (and its ads) on your web browsers to the terrible Cascade which in the 80s was able to completely\" \/>\n<meta property=\"og:url\" content=\"https:\/\/referencement-pme.ca\/en\/remove-computer-viruses-and-worms\/\" \/>\n<meta property=\"og:site_name\" content=\"SEO SEO agency, Web copywriting, backlinking\" \/>\n<meta property=\"article:modified_time\" content=\"2025-08-05T20:46:04+00:00\" \/>\n<meta property=\"og:image\" content=\"http:\/\/referencement-pme.ca\/wp-content\/uploads\/2014\/08\/Carte-daffaire-J-C-Gagnon-300x175.jpeg\" \/>\n<meta name=\"twitter:card\" content=\"summary_large_image\" \/>\n<meta name=\"twitter:label1\" content=\"Est. reading time\" \/>\n\t<meta name=\"twitter:data1\" content=\"3 minutes\" \/>\n<script type=\"application\/ld+json\" class=\"yoast-schema-graph\">{\"@context\":\"https:\\\/\\\/schema.org\",\"@graph\":[{\"@type\":\"WebPage\",\"@id\":\"https:\\\/\\\/referencement-pme.ca\\\/en\\\/remove-computer-viruses-and-worms\\\/\",\"url\":\"https:\\\/\\\/referencement-pme.ca\\\/en\\\/remove-computer-viruses-and-worms\\\/\",\"name\":\"Remove computer viruses and worms - SEO SEO agency, Web copywriting, backlinking\",\"isPartOf\":{\"@id\":\"https:\\\/\\\/referencement-pme.ca\\\/en\\\/#website\"},\"primaryImageOfPage\":{\"@id\":\"https:\\\/\\\/referencement-pme.ca\\\/en\\\/remove-computer-viruses-and-worms\\\/#primaryimage\"},\"image\":{\"@id\":\"https:\\\/\\\/referencement-pme.ca\\\/en\\\/remove-computer-viruses-and-worms\\\/#primaryimage\"},\"thumbnailUrl\":\"http:\\\/\\\/referencement-pme.ca\\\/wp-content\\\/uploads\\\/2014\\\/08\\\/Carte-daffaire-J-C-Gagnon-300x175.jpeg\",\"datePublished\":\"2014-09-10T22:22:29+00:00\",\"dateModified\":\"2025-08-05T20:46:04+00:00\",\"description\":\"From the simple worm that imposes a search engine (and its ads) on your web browsers to the terrible Cascade which in the 80s was able to completely\",\"breadcrumb\":{\"@id\":\"https:\\\/\\\/referencement-pme.ca\\\/en\\\/remove-computer-viruses-and-worms\\\/#breadcrumb\"},\"inLanguage\":\"en-US\",\"potentialAction\":[{\"@type\":\"ReadAction\",\"target\":[\"https:\\\/\\\/referencement-pme.ca\\\/en\\\/remove-computer-viruses-and-worms\\\/\"]}]},{\"@type\":\"ImageObject\",\"inLanguage\":\"en-US\",\"@id\":\"https:\\\/\\\/referencement-pme.ca\\\/en\\\/remove-computer-viruses-and-worms\\\/#primaryimage\",\"url\":\"http:\\\/\\\/referencement-pme.ca\\\/wp-content\\\/uploads\\\/2014\\\/08\\\/Carte-daffaire-J-C-Gagnon-300x175.jpeg\",\"contentUrl\":\"http:\\\/\\\/referencement-pme.ca\\\/wp-content\\\/uploads\\\/2014\\\/08\\\/Carte-daffaire-J-C-Gagnon-300x175.jpeg\"},{\"@type\":\"BreadcrumbList\",\"@id\":\"https:\\\/\\\/referencement-pme.ca\\\/en\\\/remove-computer-viruses-and-worms\\\/#breadcrumb\",\"itemListElement\":[{\"@type\":\"ListItem\",\"position\":1,\"name\":\"Reception\",\"item\":\"https:\\\/\\\/referencement-pme.ca\\\/en\\\/\"},{\"@type\":\"ListItem\",\"position\":2,\"name\":\"Remove computer viruses and worms\"}]},{\"@type\":\"WebSite\",\"@id\":\"https:\\\/\\\/referencement-pme.ca\\\/en\\\/#website\",\"url\":\"https:\\\/\\\/referencement-pme.ca\\\/en\\\/\",\"name\":\"Agence de r\u00e9f\u00e9rencement Web SEO naturel, R\u00e9daction web, backlinking\",\"description\":\"SEO and Web Writing, your readability is your visibility\",\"publisher\":{\"@id\":\"https:\\\/\\\/referencement-pme.ca\\\/en\\\/#organization\"},\"alternateName\":\"Agence de r\u00e9f\u00e9rencement Web SEO naturel, R\u00e9daction web, backlinking\",\"potentialAction\":[{\"@type\":\"SearchAction\",\"target\":{\"@type\":\"EntryPoint\",\"urlTemplate\":\"https:\\\/\\\/referencement-pme.ca\\\/en\\\/?s={search_term_string}\"},\"query-input\":{\"@type\":\"PropertyValueSpecification\",\"valueRequired\":true,\"valueName\":\"search_term_string\"}}],\"inLanguage\":\"en-US\"},{\"@type\":\"Organization\",\"@id\":\"https:\\\/\\\/referencement-pme.ca\\\/en\\\/#organization\",\"name\":\"SEO SEO agency, Web copywriting, backlinking\",\"alternateName\":\"SEO SEO agency, Web copywriting, backlinking\",\"url\":\"https:\\\/\\\/referencement-pme.ca\\\/en\\\/\",\"logo\":{\"@type\":\"ImageObject\",\"inLanguage\":\"en-US\",\"@id\":\"https:\\\/\\\/referencement-pme.ca\\\/en\\\/#\\\/schema\\\/logo\\\/image\\\/\",\"url\":\"https:\\\/\\\/referencement-pme.ca\\\/wp-content\\\/uploads\\\/2015\\\/08\\\/logo-pme-ref.jpg\",\"contentUrl\":\"https:\\\/\\\/referencement-pme.ca\\\/wp-content\\\/uploads\\\/2015\\\/08\\\/logo-pme-ref.jpg\",\"width\":250,\"height\":75,\"caption\":\"SEO SEO agency, Web copywriting, backlinking\"},\"image\":{\"@id\":\"https:\\\/\\\/referencement-pme.ca\\\/en\\\/#\\\/schema\\\/logo\\\/image\\\/\"}}]}<\/script>\n<!-- \/ Yoast SEO plugin. -->","yoast_head_json":{"title":"Remove computer viruses and worms - SEO SEO agency, Web copywriting, backlinking","description":"From the simple worm that imposes a search engine (and its ads) on your web browsers to the terrible Cascade which in the 80s was able to completely","robots":{"index":"index","follow":"follow","max-snippet":"max-snippet:-1","max-image-preview":"max-image-preview:large","max-video-preview":"max-video-preview:-1"},"canonical":"https:\/\/referencement-pme.ca\/en\/remove-computer-viruses-and-worms\/","og_locale":"en_US","og_type":"article","og_title":"Remove computer viruses and worms - SEO SEO agency, Web copywriting, backlinking","og_description":"From the simple worm that imposes a search engine (and its ads) on your web browsers to the terrible Cascade which in the 80s was able to completely","og_url":"https:\/\/referencement-pme.ca\/en\/remove-computer-viruses-and-worms\/","og_site_name":"SEO SEO agency, Web copywriting, backlinking","article_modified_time":"2025-08-05T20:46:04+00:00","og_image":[{"url":"http:\/\/referencement-pme.ca\/wp-content\/uploads\/2014\/08\/Carte-daffaire-J-C-Gagnon-300x175.jpeg","type":"","width":"","height":""}],"twitter_card":"summary_large_image","twitter_misc":{"Est. reading time":"3 minutes"},"schema":{"@context":"https:\/\/schema.org","@graph":[{"@type":"WebPage","@id":"https:\/\/referencement-pme.ca\/en\/remove-computer-viruses-and-worms\/","url":"https:\/\/referencement-pme.ca\/en\/remove-computer-viruses-and-worms\/","name":"Remove computer viruses and worms - SEO SEO agency, Web copywriting, backlinking","isPartOf":{"@id":"https:\/\/referencement-pme.ca\/en\/#website"},"primaryImageOfPage":{"@id":"https:\/\/referencement-pme.ca\/en\/remove-computer-viruses-and-worms\/#primaryimage"},"image":{"@id":"https:\/\/referencement-pme.ca\/en\/remove-computer-viruses-and-worms\/#primaryimage"},"thumbnailUrl":"http:\/\/referencement-pme.ca\/wp-content\/uploads\/2014\/08\/Carte-daffaire-J-C-Gagnon-300x175.jpeg","datePublished":"2014-09-10T22:22:29+00:00","dateModified":"2025-08-05T20:46:04+00:00","description":"From the simple worm that imposes a search engine (and its ads) on your web browsers to the terrible Cascade which in the 80s was able to completely","breadcrumb":{"@id":"https:\/\/referencement-pme.ca\/en\/remove-computer-viruses-and-worms\/#breadcrumb"},"inLanguage":"en-US","potentialAction":[{"@type":"ReadAction","target":["https:\/\/referencement-pme.ca\/en\/remove-computer-viruses-and-worms\/"]}]},{"@type":"ImageObject","inLanguage":"en-US","@id":"https:\/\/referencement-pme.ca\/en\/remove-computer-viruses-and-worms\/#primaryimage","url":"http:\/\/referencement-pme.ca\/wp-content\/uploads\/2014\/08\/Carte-daffaire-J-C-Gagnon-300x175.jpeg","contentUrl":"http:\/\/referencement-pme.ca\/wp-content\/uploads\/2014\/08\/Carte-daffaire-J-C-Gagnon-300x175.jpeg"},{"@type":"BreadcrumbList","@id":"https:\/\/referencement-pme.ca\/en\/remove-computer-viruses-and-worms\/#breadcrumb","itemListElement":[{"@type":"ListItem","position":1,"name":"Reception","item":"https:\/\/referencement-pme.ca\/en\/"},{"@type":"ListItem","position":2,"name":"Remove computer viruses and worms"}]},{"@type":"WebSite","@id":"https:\/\/referencement-pme.ca\/en\/#website","url":"https:\/\/referencement-pme.ca\/en\/","name":"Agence de r\u00e9f\u00e9rencement Web SEO naturel, R\u00e9daction web, backlinking","description":"SEO and Web Writing, your readability is your visibility","publisher":{"@id":"https:\/\/referencement-pme.ca\/en\/#organization"},"alternateName":"Agence de r\u00e9f\u00e9rencement Web SEO naturel, R\u00e9daction web, backlinking","potentialAction":[{"@type":"SearchAction","target":{"@type":"EntryPoint","urlTemplate":"https:\/\/referencement-pme.ca\/en\/?s={search_term_string}"},"query-input":{"@type":"PropertyValueSpecification","valueRequired":true,"valueName":"search_term_string"}}],"inLanguage":"en-US"},{"@type":"Organization","@id":"https:\/\/referencement-pme.ca\/en\/#organization","name":"SEO SEO agency, Web copywriting, backlinking","alternateName":"SEO SEO agency, Web copywriting, backlinking","url":"https:\/\/referencement-pme.ca\/en\/","logo":{"@type":"ImageObject","inLanguage":"en-US","@id":"https:\/\/referencement-pme.ca\/en\/#\/schema\/logo\/image\/","url":"https:\/\/referencement-pme.ca\/wp-content\/uploads\/2015\/08\/logo-pme-ref.jpg","contentUrl":"https:\/\/referencement-pme.ca\/wp-content\/uploads\/2015\/08\/logo-pme-ref.jpg","width":250,"height":75,"caption":"SEO SEO agency, Web copywriting, backlinking"},"image":{"@id":"https:\/\/referencement-pme.ca\/en\/#\/schema\/logo\/image\/"}}]}},"_links":{"self":[{"href":"https:\/\/referencement-pme.ca\/en\/wp-json\/wp\/v2\/pages\/8666","targetHints":{"allow":["GET"]}}],"collection":[{"href":"https:\/\/referencement-pme.ca\/en\/wp-json\/wp\/v2\/pages"}],"about":[{"href":"https:\/\/referencement-pme.ca\/en\/wp-json\/wp\/v2\/types\/page"}],"author":[{"embeddable":true,"href":"https:\/\/referencement-pme.ca\/en\/wp-json\/wp\/v2\/users\/2"}],"replies":[{"embeddable":true,"href":"https:\/\/referencement-pme.ca\/en\/wp-json\/wp\/v2\/comments?post=8666"}],"version-history":[{"count":0,"href":"https:\/\/referencement-pme.ca\/en\/wp-json\/wp\/v2\/pages\/8666\/revisions"}],"wp:attachment":[{"href":"https:\/\/referencement-pme.ca\/en\/wp-json\/wp\/v2\/media?parent=8666"}],"curies":[{"name":"wp","href":"https:\/\/api.w.org\/{rel}","templated":true}]}}