{"id":8664,"date":"2014-08-30T16:44:30","date_gmt":"2014-08-30T20:44:30","guid":{"rendered":"https:\/\/referencement-pme.ca\/a-virus-imposes-a-search-engine-in-your-browser\/"},"modified":"2025-08-05T16:46:25","modified_gmt":"2025-08-05T20:46:25","slug":"a-virus-imposes-a-search-engine-in-your-browser","status":"publish","type":"page","link":"https:\/\/referencement-pme.ca\/en\/repairing-your-computer-well-take-care-of-it\/a-virus-imposes-a-search-engine-in-your-browser\/","title":{"rendered":"A virus imposes a search engine in your browser"},"content":{"rendered":"<p>Computers are often a source of multiple reflections, technical problems can occur at any time, especially when you don&#8217;t expect them.<\/p>\n<div id=\"textpreview\">The biggest problems are due to human error, although very often due to malicious people tending to intrude into your daily activities and disrupt your habits.<br \/>\nMalicious software or &#8220;<strong>malware<\/strong>&#8221; is software that aims, in the case of &#8220;<strong>spyware<\/strong>&#8220;, to spy on your actions on your computer and especially on the Internet.<br \/>\nSome of these viruses are hidden within your system and are not noticeable at first glance.<\/p>\n<h2>Viruses, but where are they?<\/h2>\n<p>Sometimes viruses integrate directly into <strong>your search engines,<\/strong> they change your browsing and search settings and you may not know how to annihilate them.<\/p>\n<h2>What are the symptoms of this kind of virus?<\/h2>\n<p>This applies to all Chrome, IE, Firefox, Opera browsers, etc<\/p>\n<ul>\n<li>When you search on a search engine, you will be offered articles at the top of the list with exactly the same terms as those you entered previously and whose addresses seem fraudulent to you.<\/li>\n<li>When searching on<strong> Internet Explorer <\/strong>, for example, some words in the results returned by it are underlined (often in green) and when hovering over them, a mini-advertisement is displayed.<\/li>\n<li>When ads are displayed either at the top of the list of search results or in the side areas of your browser.<\/li>\n<li>When you go to the settings part of your browser, an extension is added and even if you remove it, it reappears after restarting your browser.<\/li>\n<li>When you access the various search engines of your browser, some engines have imposed themselves on you.<\/li>\n<li>You go to the &#8220;Add\/Remove programs&#8221; section of your computer and some &#8220;toolbars&#8221; or &#8220;search engines&#8221; are present on your machine even though you did not invite them to do so.<\/li>\n<\/ul>\n<h2>Examples of browser takeover<\/h2>\n<p><img loading=\"lazy\" decoding=\"async\" class=\"alignright wp-image-3672 size-medium\" src=\"https:\/\/referencement-pme.ca\/wp-content\/uploads\/2014\/08\/docteur-pc-ok-150x300.jpg\" alt=\"Doctor Computer Repair\" width=\"150\" height=\"300\" srcset=\"https:\/\/referencement-pme.ca\/wp-content\/uploads\/2014\/08\/docteur-pc-ok-150x300.jpg 150w, https:\/\/referencement-pme.ca\/wp-content\/uploads\/2014\/08\/docteur-pc-ok.jpg 293w\" sizes=\"auto, (max-width: 150px) 100vw, 150px\" \/><\/p>\n<ul>\n<li>Qvo6 is a browser hijacker virus. It also modifies the address of the shortcut<br \/>\n<span style=\"color: #000000;\">for example the address of IE is: <\/span><span style=\"color: #000000;\">C:\\Program Files (x86)\\Internet Explorer\\iexplore.exe<br \/>\n<\/span>But to this address, Qvo6 adds its own location in the computer.<br \/>\nIn fact, the Internet always boots on a Qvo6 home page, even after deleting infected files<\/li>\n<li><a style=\"font-weight: inherit; font-style: inherit; color: #0f72da;\" href=\"http:\/\/www.cnetfrance.fr\/news\/nation-zoom-une-fausse-mise-a-jour-java-qui-pirate-les-navigateurs-39795998.htm\" target=\"_blank\">Nation Zoom is a dummy Java update that hijacks browsers<\/a><\/li>\n<li><span style=\"color: #000000;\">Awesomehp Virus is also a browser infection One of the browser hijackers that takes control of Chrome or firfox without notifying you. Very difficult to eliminate by hand, it imposes   <\/span><strong>awesomehp.com<\/strong><span style=\"color: #000000;\"><span style=\"color: #000000;\">, a &#8220;search engine&#8221; that is worthless. A solution is proposed here. <\/span><\/span>there are many others&#8230;<\/li>\n<\/ul>\n<h2>How can this be remedied?<\/h2>\n<p>Sometimes, a simple removal in the &#8220;Extensions&#8221; part of your browser, in search engine management or in the &#8220;Add\/Remove programs&#8221; part of your computer will permanently remove this category of virus (this is a rare case because these malware are often better designed than that).<br \/>\nYour best friend is <strong>your antivirus<\/strong>, so a full scan of your computer and a good cleaning will do it a world of good.<br \/>\nAlternatively, tools such as CCleaner, Malwarebytes can remove malware from your computer quickly and effectively.<\/p>\n<p>Some infections require more advanced tools and in this case the <a title=\"Repairing your computer? We'll take care of it!\" href=\"http:\/\/redasolutions.com\/reparation-ordinateur\/\" target=\"_blank\">computer troubleshooter in Montreal<\/a> will save you.<\/p>\n<h2>Don&#8217;t take risks while browsing the web!<\/h2>\n<p>To do this, choose a <strong>powerful antivirus<\/strong> by comparing offers on the Internet, equip yourself with <strong>anti-malware and anti-spyware software<\/strong> and always pay attention to the sites you want to access.<br \/>\n<strong>Google is your friend, don&#8217;t forget that!<\/strong><\/p>\n<p>Remember to ask him how to remove the virus that infected you, there is always a forum that provides pieces of solutions.<\/p>\n<p>Take stock before taking any action that could be irreversible and if you hesitate too much, use this form.<\/p>\n<p>In-person intervention or remote troubleshooting of &#8220;Jici&#8221; <strong>is fast and inexpensive<\/strong>. Learn <\/p>\n<h3>Read also the following troubleshooting<\/h3>\n<p><a title=\"Computer troubleshooting, when the screen remains black\" href=\"https:\/\/referencement-pme.ca\/en\/repairing-your-computer-well-take-care-of-it\/computer-troubleshooting-when-the-screen-remains-black\/\">The computer shows a black screen<\/a><\/p>\n<p>&nbsp;<\/p>\n<p>&nbsp;<\/p>\n<\/div>\n","protected":false},"excerpt":{"rendered":"<p>Computers are often a source of multiple reflections, technical problems can occur at any time, especially when you don&#8217;t expect them. The biggest problems are due to human error, although very often due to malicious people tending to intrude into your daily activities and disrupt your habits. Malicious software or &#8220;malware&#8221; is software that aims, &#8230;<\/p>\n","protected":false},"author":2,"featured_media":0,"parent":8698,"menu_order":0,"comment_status":"open","ping_status":"open","template":"","meta":{"_lmt_disableupdate":"","_lmt_disable":"","_genesis_hide_title":false,"_genesis_hide_breadcrumbs":false,"_genesis_hide_singular_image":false,"_genesis_hide_footer_widgets":false,"_genesis_custom_body_class":"","_genesis_custom_post_class":"","_genesis_layout":"","footnotes":""},"class_list":{"0":"post-8664","1":"page","2":"type-page","3":"status-publish","5":"entry"},"yoast_head":"<!-- This site is optimized with the Yoast SEO plugin v27.5 - https:\/\/yoast.com\/product\/yoast-seo-wordpress\/ -->\n<title>A virus imposes a search engine in your browser - SEO SEO agency, Web copywriting, backlinking<\/title>\n<meta name=\"description\" content=\"Computers are often a source of multiple reflections, technical problems can occur at any time, especially when you don&#039;t expect them. The biggest\" \/>\n<meta name=\"robots\" content=\"index, follow, max-snippet:-1, max-image-preview:large, max-video-preview:-1\" \/>\n<link rel=\"canonical\" href=\"https:\/\/referencement-pme.ca\/en\/repairing-your-computer-well-take-care-of-it\/a-virus-imposes-a-search-engine-in-your-browser\/\" \/>\n<meta property=\"og:locale\" content=\"en_US\" \/>\n<meta property=\"og:type\" content=\"article\" \/>\n<meta property=\"og:title\" content=\"A virus imposes a search engine in your browser - SEO SEO agency, Web copywriting, backlinking\" \/>\n<meta property=\"og:description\" content=\"Computers are often a source of multiple reflections, technical problems can occur at any time, especially when you don&#039;t expect them. The biggest\" \/>\n<meta property=\"og:url\" content=\"https:\/\/referencement-pme.ca\/en\/repairing-your-computer-well-take-care-of-it\/a-virus-imposes-a-search-engine-in-your-browser\/\" \/>\n<meta property=\"og:site_name\" content=\"SEO SEO agency, Web copywriting, backlinking\" \/>\n<meta property=\"article:modified_time\" content=\"2025-08-05T20:46:25+00:00\" \/>\n<meta property=\"og:image\" content=\"http:\/\/referencement-pme.ca\/wp-content\/uploads\/2014\/08\/docteur-pc-ok-150x300.jpg\" \/>\n<meta name=\"twitter:card\" content=\"summary_large_image\" \/>\n<meta name=\"twitter:label1\" content=\"Est. reading time\" \/>\n\t<meta name=\"twitter:data1\" content=\"3 minutes\" \/>\n<script type=\"application\/ld+json\" class=\"yoast-schema-graph\">{\"@context\":\"https:\\\/\\\/schema.org\",\"@graph\":[{\"@type\":\"WebPage\",\"@id\":\"https:\\\/\\\/referencement-pme.ca\\\/en\\\/repairing-your-computer-well-take-care-of-it\\\/a-virus-imposes-a-search-engine-in-your-browser\\\/\",\"url\":\"https:\\\/\\\/referencement-pme.ca\\\/en\\\/repairing-your-computer-well-take-care-of-it\\\/a-virus-imposes-a-search-engine-in-your-browser\\\/\",\"name\":\"A virus imposes a search engine in your browser - SEO SEO agency, Web copywriting, backlinking\",\"isPartOf\":{\"@id\":\"https:\\\/\\\/referencement-pme.ca\\\/en\\\/#website\"},\"primaryImageOfPage\":{\"@id\":\"https:\\\/\\\/referencement-pme.ca\\\/en\\\/repairing-your-computer-well-take-care-of-it\\\/a-virus-imposes-a-search-engine-in-your-browser\\\/#primaryimage\"},\"image\":{\"@id\":\"https:\\\/\\\/referencement-pme.ca\\\/en\\\/repairing-your-computer-well-take-care-of-it\\\/a-virus-imposes-a-search-engine-in-your-browser\\\/#primaryimage\"},\"thumbnailUrl\":\"http:\\\/\\\/referencement-pme.ca\\\/wp-content\\\/uploads\\\/2014\\\/08\\\/docteur-pc-ok-150x300.jpg\",\"datePublished\":\"2014-08-30T20:44:30+00:00\",\"dateModified\":\"2025-08-05T20:46:25+00:00\",\"description\":\"Computers are often a source of multiple reflections, technical problems can occur at any time, especially when you don't expect them. The biggest\",\"breadcrumb\":{\"@id\":\"https:\\\/\\\/referencement-pme.ca\\\/en\\\/repairing-your-computer-well-take-care-of-it\\\/a-virus-imposes-a-search-engine-in-your-browser\\\/#breadcrumb\"},\"inLanguage\":\"en-US\",\"potentialAction\":[{\"@type\":\"ReadAction\",\"target\":[\"https:\\\/\\\/referencement-pme.ca\\\/en\\\/repairing-your-computer-well-take-care-of-it\\\/a-virus-imposes-a-search-engine-in-your-browser\\\/\"]}]},{\"@type\":\"ImageObject\",\"inLanguage\":\"en-US\",\"@id\":\"https:\\\/\\\/referencement-pme.ca\\\/en\\\/repairing-your-computer-well-take-care-of-it\\\/a-virus-imposes-a-search-engine-in-your-browser\\\/#primaryimage\",\"url\":\"http:\\\/\\\/referencement-pme.ca\\\/wp-content\\\/uploads\\\/2014\\\/08\\\/docteur-pc-ok-150x300.jpg\",\"contentUrl\":\"http:\\\/\\\/referencement-pme.ca\\\/wp-content\\\/uploads\\\/2014\\\/08\\\/docteur-pc-ok-150x300.jpg\"},{\"@type\":\"BreadcrumbList\",\"@id\":\"https:\\\/\\\/referencement-pme.ca\\\/en\\\/repairing-your-computer-well-take-care-of-it\\\/a-virus-imposes-a-search-engine-in-your-browser\\\/#breadcrumb\",\"itemListElement\":[{\"@type\":\"ListItem\",\"position\":1,\"name\":\"Reception\",\"item\":\"https:\\\/\\\/referencement-pme.ca\\\/en\\\/\"},{\"@type\":\"ListItem\",\"position\":2,\"name\":\"Repairing your computer? We&rsquo;ll take care of it!\",\"item\":\"https:\\\/\\\/referencement-pme.ca\\\/en\\\/reparateur-ordinateur-montreal-a-distance\\\/\"},{\"@type\":\"ListItem\",\"position\":3,\"name\":\"A virus imposes a search engine in your browser\"}]},{\"@type\":\"WebSite\",\"@id\":\"https:\\\/\\\/referencement-pme.ca\\\/en\\\/#website\",\"url\":\"https:\\\/\\\/referencement-pme.ca\\\/en\\\/\",\"name\":\"Agence de r\u00e9f\u00e9rencement Web SEO naturel, R\u00e9daction web, backlinking\",\"description\":\"SEO and Web Writing, your readability is your visibility\",\"publisher\":{\"@id\":\"https:\\\/\\\/referencement-pme.ca\\\/en\\\/#organization\"},\"alternateName\":\"Agence de r\u00e9f\u00e9rencement Web SEO naturel, R\u00e9daction web, backlinking\",\"potentialAction\":[{\"@type\":\"SearchAction\",\"target\":{\"@type\":\"EntryPoint\",\"urlTemplate\":\"https:\\\/\\\/referencement-pme.ca\\\/en\\\/?s={search_term_string}\"},\"query-input\":{\"@type\":\"PropertyValueSpecification\",\"valueRequired\":true,\"valueName\":\"search_term_string\"}}],\"inLanguage\":\"en-US\"},{\"@type\":\"Organization\",\"@id\":\"https:\\\/\\\/referencement-pme.ca\\\/en\\\/#organization\",\"name\":\"SEO SEO agency, Web copywriting, backlinking\",\"alternateName\":\"SEO SEO agency, Web copywriting, backlinking\",\"url\":\"https:\\\/\\\/referencement-pme.ca\\\/en\\\/\",\"logo\":{\"@type\":\"ImageObject\",\"inLanguage\":\"en-US\",\"@id\":\"https:\\\/\\\/referencement-pme.ca\\\/en\\\/#\\\/schema\\\/logo\\\/image\\\/\",\"url\":\"https:\\\/\\\/referencement-pme.ca\\\/wp-content\\\/uploads\\\/2015\\\/08\\\/logo-pme-ref.jpg\",\"contentUrl\":\"https:\\\/\\\/referencement-pme.ca\\\/wp-content\\\/uploads\\\/2015\\\/08\\\/logo-pme-ref.jpg\",\"width\":250,\"height\":75,\"caption\":\"SEO SEO agency, Web copywriting, backlinking\"},\"image\":{\"@id\":\"https:\\\/\\\/referencement-pme.ca\\\/en\\\/#\\\/schema\\\/logo\\\/image\\\/\"}}]}<\/script>\n<!-- \/ Yoast SEO plugin. -->","yoast_head_json":{"title":"A virus imposes a search engine in your browser - SEO SEO agency, Web copywriting, backlinking","description":"Computers are often a source of multiple reflections, technical problems can occur at any time, especially when you don't expect them. The biggest","robots":{"index":"index","follow":"follow","max-snippet":"max-snippet:-1","max-image-preview":"max-image-preview:large","max-video-preview":"max-video-preview:-1"},"canonical":"https:\/\/referencement-pme.ca\/en\/repairing-your-computer-well-take-care-of-it\/a-virus-imposes-a-search-engine-in-your-browser\/","og_locale":"en_US","og_type":"article","og_title":"A virus imposes a search engine in your browser - SEO SEO agency, Web copywriting, backlinking","og_description":"Computers are often a source of multiple reflections, technical problems can occur at any time, especially when you don't expect them. The biggest","og_url":"https:\/\/referencement-pme.ca\/en\/repairing-your-computer-well-take-care-of-it\/a-virus-imposes-a-search-engine-in-your-browser\/","og_site_name":"SEO SEO agency, Web copywriting, backlinking","article_modified_time":"2025-08-05T20:46:25+00:00","og_image":[{"url":"http:\/\/referencement-pme.ca\/wp-content\/uploads\/2014\/08\/docteur-pc-ok-150x300.jpg","type":"","width":"","height":""}],"twitter_card":"summary_large_image","twitter_misc":{"Est. reading time":"3 minutes"},"schema":{"@context":"https:\/\/schema.org","@graph":[{"@type":"WebPage","@id":"https:\/\/referencement-pme.ca\/en\/repairing-your-computer-well-take-care-of-it\/a-virus-imposes-a-search-engine-in-your-browser\/","url":"https:\/\/referencement-pme.ca\/en\/repairing-your-computer-well-take-care-of-it\/a-virus-imposes-a-search-engine-in-your-browser\/","name":"A virus imposes a search engine in your browser - SEO SEO agency, Web copywriting, backlinking","isPartOf":{"@id":"https:\/\/referencement-pme.ca\/en\/#website"},"primaryImageOfPage":{"@id":"https:\/\/referencement-pme.ca\/en\/repairing-your-computer-well-take-care-of-it\/a-virus-imposes-a-search-engine-in-your-browser\/#primaryimage"},"image":{"@id":"https:\/\/referencement-pme.ca\/en\/repairing-your-computer-well-take-care-of-it\/a-virus-imposes-a-search-engine-in-your-browser\/#primaryimage"},"thumbnailUrl":"http:\/\/referencement-pme.ca\/wp-content\/uploads\/2014\/08\/docteur-pc-ok-150x300.jpg","datePublished":"2014-08-30T20:44:30+00:00","dateModified":"2025-08-05T20:46:25+00:00","description":"Computers are often a source of multiple reflections, technical problems can occur at any time, especially when you don't expect them. The biggest","breadcrumb":{"@id":"https:\/\/referencement-pme.ca\/en\/repairing-your-computer-well-take-care-of-it\/a-virus-imposes-a-search-engine-in-your-browser\/#breadcrumb"},"inLanguage":"en-US","potentialAction":[{"@type":"ReadAction","target":["https:\/\/referencement-pme.ca\/en\/repairing-your-computer-well-take-care-of-it\/a-virus-imposes-a-search-engine-in-your-browser\/"]}]},{"@type":"ImageObject","inLanguage":"en-US","@id":"https:\/\/referencement-pme.ca\/en\/repairing-your-computer-well-take-care-of-it\/a-virus-imposes-a-search-engine-in-your-browser\/#primaryimage","url":"http:\/\/referencement-pme.ca\/wp-content\/uploads\/2014\/08\/docteur-pc-ok-150x300.jpg","contentUrl":"http:\/\/referencement-pme.ca\/wp-content\/uploads\/2014\/08\/docteur-pc-ok-150x300.jpg"},{"@type":"BreadcrumbList","@id":"https:\/\/referencement-pme.ca\/en\/repairing-your-computer-well-take-care-of-it\/a-virus-imposes-a-search-engine-in-your-browser\/#breadcrumb","itemListElement":[{"@type":"ListItem","position":1,"name":"Reception","item":"https:\/\/referencement-pme.ca\/en\/"},{"@type":"ListItem","position":2,"name":"Repairing your computer? We&rsquo;ll take care of it!","item":"https:\/\/referencement-pme.ca\/en\/reparateur-ordinateur-montreal-a-distance\/"},{"@type":"ListItem","position":3,"name":"A virus imposes a search engine in your browser"}]},{"@type":"WebSite","@id":"https:\/\/referencement-pme.ca\/en\/#website","url":"https:\/\/referencement-pme.ca\/en\/","name":"Agence de r\u00e9f\u00e9rencement Web SEO naturel, R\u00e9daction web, backlinking","description":"SEO and Web Writing, your readability is your visibility","publisher":{"@id":"https:\/\/referencement-pme.ca\/en\/#organization"},"alternateName":"Agence de r\u00e9f\u00e9rencement Web SEO naturel, R\u00e9daction web, backlinking","potentialAction":[{"@type":"SearchAction","target":{"@type":"EntryPoint","urlTemplate":"https:\/\/referencement-pme.ca\/en\/?s={search_term_string}"},"query-input":{"@type":"PropertyValueSpecification","valueRequired":true,"valueName":"search_term_string"}}],"inLanguage":"en-US"},{"@type":"Organization","@id":"https:\/\/referencement-pme.ca\/en\/#organization","name":"SEO SEO agency, Web copywriting, backlinking","alternateName":"SEO SEO agency, Web copywriting, backlinking","url":"https:\/\/referencement-pme.ca\/en\/","logo":{"@type":"ImageObject","inLanguage":"en-US","@id":"https:\/\/referencement-pme.ca\/en\/#\/schema\/logo\/image\/","url":"https:\/\/referencement-pme.ca\/wp-content\/uploads\/2015\/08\/logo-pme-ref.jpg","contentUrl":"https:\/\/referencement-pme.ca\/wp-content\/uploads\/2015\/08\/logo-pme-ref.jpg","width":250,"height":75,"caption":"SEO SEO agency, Web copywriting, backlinking"},"image":{"@id":"https:\/\/referencement-pme.ca\/en\/#\/schema\/logo\/image\/"}}]}},"_links":{"self":[{"href":"https:\/\/referencement-pme.ca\/en\/wp-json\/wp\/v2\/pages\/8664","targetHints":{"allow":["GET"]}}],"collection":[{"href":"https:\/\/referencement-pme.ca\/en\/wp-json\/wp\/v2\/pages"}],"about":[{"href":"https:\/\/referencement-pme.ca\/en\/wp-json\/wp\/v2\/types\/page"}],"author":[{"embeddable":true,"href":"https:\/\/referencement-pme.ca\/en\/wp-json\/wp\/v2\/users\/2"}],"replies":[{"embeddable":true,"href":"https:\/\/referencement-pme.ca\/en\/wp-json\/wp\/v2\/comments?post=8664"}],"version-history":[{"count":1,"href":"https:\/\/referencement-pme.ca\/en\/wp-json\/wp\/v2\/pages\/8664\/revisions"}],"predecessor-version":[{"id":8700,"href":"https:\/\/referencement-pme.ca\/en\/wp-json\/wp\/v2\/pages\/8664\/revisions\/8700"}],"up":[{"embeddable":true,"href":"https:\/\/referencement-pme.ca\/en\/wp-json\/wp\/v2\/pages\/8698"}],"wp:attachment":[{"href":"https:\/\/referencement-pme.ca\/en\/wp-json\/wp\/v2\/media?parent=8664"}],"curies":[{"name":"wp","href":"https:\/\/api.w.org\/{rel}","templated":true}]}}