{"id":8663,"date":"2015-11-09T21:54:13","date_gmt":"2015-11-10T02:54:13","guid":{"rendered":"https:\/\/referencement-pme.ca\/web-content-provider-in-montreal\/"},"modified":"2025-08-05T16:46:07","modified_gmt":"2025-08-05T20:46:07","slug":"web-content-provider-in-montreal","status":"publish","type":"page","link":"https:\/\/referencement-pme.ca\/en\/web-writing-content-optimized-for-natural-referencing\/web-content-provider-in-montreal\/","title":{"rendered":"Web Content Provider in Montreal"},"content":{"rendered":"<blockquote class=\"alignleft\"><p>Thanks to the democratization of the means of communication and the instant world in which we now live, many budding editors have taken to the web and social media in order to promote their services or get their messages across.<\/p><\/blockquote>\n<p><img loading=\"lazy\" decoding=\"async\" class=\"wp-image-4828 aligncenter\" src=\"https:\/\/referencement-pme.ca\/wp-content\/uploads\/2015\/11\/redaction-internet.jpg\" alt=\"Content writing\" width=\"339\" height=\"324\"\/><\/p>\n<p>&nbsp;<\/p>\n<p>Is this era the death knell for <strong>professional writers<\/strong>? Absolutely not! <\/p>\n<p>Although <strong>the nature of the content<\/strong> provided by a <a href=\"http:\/\/promo-metier.com\/redacteur-web\" target=\"_blank\" rel=\"noopener noreferrer\">professional writer<\/a> has changed greatly over time, this profession is more relevant than ever. Here&#8217;s why. <\/p>\n<h2>The professional writer: from generalist to specialist<\/h2>\n<p>Whether a reporter covering an event for a weekly newspaper or a business writer working on a corporate brochure, in the world of print, the writer must be versatile and quickly become an expert in the field for which he writes. He is a real generalist. <\/p>\n<p>When it comes to the web, it&#8217;s a whole different story. In addition to knowing their subject well and respecting grammar rules, the web writer must <a href=\"https:\/\/referencement-pme.ca\/en\/\">master the art of SEO<\/a> while writing quality texts. This is because the audience of the online content provider is twofold.  <\/p>\n<p>On the one hand, he writes for his target market, and, on the other hand, he must also take into account the <a href=\"https:\/\/referencement-pme.ca\/en\/onpage-optimization-for-better-seo\/\" target=\"_blank\" rel=\"noopener noreferrer\">criteria of search engines<\/a>. And the need for <a href=\"https:\/\/referencement-pme.ca\/en\/advanced-web-editorial-optimization\/\">quality personalized content<\/a>, including <strong>keywords specific<\/strong> <strong>to the topic<\/strong> for which he is writing, is one of the main criteria. <\/p>\n<p><a href=\"http:\/\/referencement-pme.ca\/wp-content\/uploads\/2015\/11\/textuel-contenus-web.jpg\"><img loading=\"lazy\" decoding=\"async\" class=\"aligncenter size-full wp-image-4863\" src=\"https:\/\/referencement-pme.ca\/wp-content\/uploads\/2015\/11\/textuel-contenus-web.jpg\" alt=\"Content writing\" width=\"600\" height=\"300\" srcset=\"https:\/\/referencement-pme.ca\/wp-content\/uploads\/2015\/11\/textuel-contenus-web.jpg 600w, https:\/\/referencement-pme.ca\/wp-content\/uploads\/2015\/11\/textuel-contenus-web-300x150.jpg 300w\" sizes=\"auto, (max-width: 600px) 100vw, 600px\" \/><\/a><\/p>\n<h2>Changes in reading habits.<strong><br \/>\n<\/strong><\/h2>\n<p>By moving from print culture to web and hypertext culture, we have greatly changed our reading habits. Several studies show that, in general, online readers: <\/p>\n<ul>\n<li>Scan the text with their eyes rather than reading it completely;<\/li>\n<li>Are less attentive than on print;<\/li>\n<li>Read less time on screen than on paper.<\/li>\n<\/ul>\n<p>The Internet content provider must therefore write concise and precise texts while maintaining a certain fluidity. They also use visuals (e.g., <a href=\"https:\/\/referencement-pme.ca\/en\/image-optimization-for-seo\/\" target=\"_blank\" rel=\"noopener noreferrer\">images<\/a>, animations, infographics, videos) to communicate their message in a way that keeps their target audience engaged. <\/p>\n<p>In addition, thanks to the hypertext links on which the reader is invited to click and the comment forms allowing him to comment on a text on the spot, the latter is no longer a passive reader. He becomes an active reader, and even&#8230; interactive! <\/p>\n<p>In this flow of continuous information, it is a whole know-how that the writer uses to capture attention.<\/p>\n<div class=\"twf_jefais icon\">\n<p style=\"text-align: center;\">If you don&#8217;t know where to start to get there, call in the professionals.<\/p>\n<p style=\"text-align: center;\">Contact <a href=\"https:\/\/referencement-pme.ca\/en\/\">the SEO<\/a><b> <\/b>agency at <a href=\"tel:14388750503\">1-438-875-0503<\/a>.<\/p>\n<\/div>\n<h2>SME SEO in Montreal: a versatile content provider.<\/h2>\n<p>With almost ten years of experience in copywriting, it offers its clients content that is always fresh and adapted to its target markets.<\/p>\n<p>Experienced writers are able to write <strong>commercial texts<\/strong> reserved for the existing market and to be on the lookout for new trends in digital writing on behalf of many SMEs, in both French and English.<\/p>\n<h3>Here&#8217;s what our editors will do for you:<\/h3>\n<ul>\n<li>Develop <strong>digital content strategies<\/strong>;<\/li>\n<li>Write web pages and blog posts;<\/li>\n<li>Write texts of a commercial nature;<\/li>\n<li><strong>Translate documents<\/strong> from English to French and from French to English;<\/li>\n<li>Revise and rewrite texts;<\/li>\n<li><strong>Graphic content<\/strong>;<\/li>\n<li><a href=\"https:\/\/referencement-pme.ca\/contenu-engageant\/\">Engaging content<\/a><\/li>\n<li>Offer <strong>personalized content<\/strong>.<\/li>\n<li><a href=\"https:\/\/referencement-pme.ca\/en\/content-marketing-think-useful-and-engaging\/\">Content Marketing<\/a><\/li>\n<\/ul>\n<p>Do you have good ideas for showcasing your company&#8217;s services, but you don&#8217;t have the words (or the time) to take care of this important task?<\/p>\n<p>Are you a website builder and writing your clients&#8217; pages is a burden? Leave your projects to content experts. <\/p>\n<p>We will be happy to help you arouse the interest of your potential customers so that they become loyal customers.<\/p>\n<p>Contact us today at <a href=\"tel:14388750503\">1-438-875-0503<\/a>.<\/p>\n<p><a href=\"https:\/\/referencement-pme.ca\/temoignages-clients-references\/\" target=\"_blank\" rel=\"noopener noreferrer\">Visit the customer testimonial page<\/a><\/p>\n<h3>Read also<\/h3>\n<ul>\n<li><a title=\"The web writer writes SEO-optimized articles and you?\" href=\"https:\/\/referencement-pme.ca\/redaction-web-montreal\/le-redacteur-web-optimise-les-pages-web\/\">The web writer optimizes his pages for SEO and you?<\/a><\/li>\n<li><a title=\"Panda Update: Does Your Site Have Rich Content?\" href=\"https:\/\/referencement-pme.ca\/en\/panda-update-does-your-site-have-rich-content\/\">Does your site have rich content?<\/a><\/li>\n<li><a title=\"Google Panda Guide: Your site in compliance\" href=\"https:\/\/referencement-pme.ca\/en\/google-panda-guide-your-site-in-compliance\/\">Google&#8217;s short guide to compliance with the Panda update<\/a><\/li>\n<li>How <a href=\"https:\/\/referencement-pme.ca\/en\/writing-a-text-for-the-web-and-structuring-it-seo\/\">to structure a text for the web<\/a><\/li>\n<li><a href=\"https:\/\/referencement-pme.ca\/en\/web-content-writing-architecture-and-costs\/\">Writing web content and site structure<\/a><\/li>\n<li>Content Provider<\/li>\n<\/ul>\n","protected":false},"excerpt":{"rendered":"<p>Thanks to the democratization of the means of communication and the instant world in which we now live, many budding editors have taken to the web and social media in order to promote their services or get their messages across. &nbsp; Is this era the death knell for professional writers? Absolutely not! Although the nature &#8230;<\/p>\n","protected":false},"author":2,"featured_media":0,"parent":8679,"menu_order":0,"comment_status":"closed","ping_status":"closed","template":"","meta":{"_lmt_disableupdate":"","_lmt_disable":"","_genesis_hide_title":false,"_genesis_hide_breadcrumbs":false,"_genesis_hide_singular_image":false,"_genesis_hide_footer_widgets":false,"_genesis_custom_body_class":"","_genesis_custom_post_class":"","_genesis_layout":"","footnotes":""},"class_list":{"0":"post-8663","1":"page","2":"type-page","3":"status-publish","5":"entry","6":"has-post-thumbnail"},"yoast_head":"<!-- This site is optimized with the Yoast SEO plugin v27.5 - https:\/\/yoast.com\/product\/yoast-seo-wordpress\/ -->\n<title>Web Content Provider in Montreal - SEO SEO agency, Web copywriting, backlinking<\/title>\n<meta name=\"description\" content=\"&nbsp; Is this era the death knell for professional writers? Absolutely not! Although the nature of the content provided by a professional writer has\" \/>\n<meta name=\"robots\" content=\"index, follow, max-snippet:-1, max-image-preview:large, max-video-preview:-1\" \/>\n<link rel=\"canonical\" href=\"https:\/\/referencement-pme.ca\/en\/web-writing-content-optimized-for-natural-referencing\/web-content-provider-in-montreal\/\" \/>\n<meta property=\"og:locale\" content=\"en_US\" \/>\n<meta property=\"og:type\" content=\"article\" \/>\n<meta property=\"og:title\" content=\"Web Content Provider in Montreal - SEO SEO agency, Web copywriting, backlinking\" \/>\n<meta property=\"og:description\" content=\"&nbsp; Is this era the death knell for professional writers? Absolutely not! Although the nature of the content provided by a professional writer has\" \/>\n<meta property=\"og:url\" content=\"https:\/\/referencement-pme.ca\/en\/web-writing-content-optimized-for-natural-referencing\/web-content-provider-in-montreal\/\" \/>\n<meta property=\"og:site_name\" content=\"SEO SEO agency, Web copywriting, backlinking\" \/>\n<meta property=\"article:modified_time\" content=\"2025-08-05T20:46:07+00:00\" \/>\n<meta property=\"og:image\" content=\"http:\/\/referencement-pme.ca\/wp-content\/uploads\/2015\/11\/redaction-internet.jpg\" \/>\n<meta name=\"twitter:card\" content=\"summary_large_image\" \/>\n<meta name=\"twitter:label1\" content=\"Est. reading time\" \/>\n\t<meta name=\"twitter:data1\" content=\"3 minutes\" \/>\n<script type=\"application\/ld+json\" class=\"yoast-schema-graph\">{\"@context\":\"https:\\\/\\\/schema.org\",\"@graph\":[{\"@type\":\"WebPage\",\"@id\":\"https:\\\/\\\/referencement-pme.ca\\\/en\\\/web-writing-content-optimized-for-natural-referencing\\\/web-content-provider-in-montreal\\\/\",\"url\":\"https:\\\/\\\/referencement-pme.ca\\\/en\\\/web-writing-content-optimized-for-natural-referencing\\\/web-content-provider-in-montreal\\\/\",\"name\":\"Web Content Provider in Montreal - SEO SEO agency, Web copywriting, backlinking\",\"isPartOf\":{\"@id\":\"https:\\\/\\\/referencement-pme.ca\\\/en\\\/#website\"},\"primaryImageOfPage\":{\"@id\":\"https:\\\/\\\/referencement-pme.ca\\\/en\\\/web-writing-content-optimized-for-natural-referencing\\\/web-content-provider-in-montreal\\\/#primaryimage\"},\"image\":{\"@id\":\"https:\\\/\\\/referencement-pme.ca\\\/en\\\/web-writing-content-optimized-for-natural-referencing\\\/web-content-provider-in-montreal\\\/#primaryimage\"},\"thumbnailUrl\":\"http:\\\/\\\/referencement-pme.ca\\\/wp-content\\\/uploads\\\/2015\\\/11\\\/redaction-internet.jpg\",\"datePublished\":\"2015-11-10T02:54:13+00:00\",\"dateModified\":\"2025-08-05T20:46:07+00:00\",\"description\":\"&nbsp; Is this era the death knell for professional writers? Absolutely not! Although the nature of the content provided by a professional writer has\",\"breadcrumb\":{\"@id\":\"https:\\\/\\\/referencement-pme.ca\\\/en\\\/web-writing-content-optimized-for-natural-referencing\\\/web-content-provider-in-montreal\\\/#breadcrumb\"},\"inLanguage\":\"en-US\",\"potentialAction\":[{\"@type\":\"ReadAction\",\"target\":[\"https:\\\/\\\/referencement-pme.ca\\\/en\\\/web-writing-content-optimized-for-natural-referencing\\\/web-content-provider-in-montreal\\\/\"]}]},{\"@type\":\"ImageObject\",\"inLanguage\":\"en-US\",\"@id\":\"https:\\\/\\\/referencement-pme.ca\\\/en\\\/web-writing-content-optimized-for-natural-referencing\\\/web-content-provider-in-montreal\\\/#primaryimage\",\"url\":\"http:\\\/\\\/referencement-pme.ca\\\/wp-content\\\/uploads\\\/2015\\\/11\\\/redaction-internet.jpg\",\"contentUrl\":\"http:\\\/\\\/referencement-pme.ca\\\/wp-content\\\/uploads\\\/2015\\\/11\\\/redaction-internet.jpg\"},{\"@type\":\"BreadcrumbList\",\"@id\":\"https:\\\/\\\/referencement-pme.ca\\\/en\\\/web-writing-content-optimized-for-natural-referencing\\\/web-content-provider-in-montreal\\\/#breadcrumb\",\"itemListElement\":[{\"@type\":\"ListItem\",\"position\":1,\"name\":\"Reception\",\"item\":\"https:\\\/\\\/referencement-pme.ca\\\/en\\\/\"},{\"@type\":\"ListItem\",\"position\":2,\"name\":\"Web writing, content optimized for natural referencing\",\"item\":\"https:\\\/\\\/referencement-pme.ca\\\/en\\\/web-writing-content-optimized-for-natural-referencing\\\/\"},{\"@type\":\"ListItem\",\"position\":3,\"name\":\"Web Content Provider in Montreal\"}]},{\"@type\":\"WebSite\",\"@id\":\"https:\\\/\\\/referencement-pme.ca\\\/en\\\/#website\",\"url\":\"https:\\\/\\\/referencement-pme.ca\\\/en\\\/\",\"name\":\"Agence de r\u00e9f\u00e9rencement Web SEO naturel, R\u00e9daction web, backlinking\",\"description\":\"SEO and Web Writing, your readability is your visibility\",\"publisher\":{\"@id\":\"https:\\\/\\\/referencement-pme.ca\\\/en\\\/#organization\"},\"alternateName\":\"Agence de r\u00e9f\u00e9rencement Web SEO naturel, R\u00e9daction web, backlinking\",\"potentialAction\":[{\"@type\":\"SearchAction\",\"target\":{\"@type\":\"EntryPoint\",\"urlTemplate\":\"https:\\\/\\\/referencement-pme.ca\\\/en\\\/?s={search_term_string}\"},\"query-input\":{\"@type\":\"PropertyValueSpecification\",\"valueRequired\":true,\"valueName\":\"search_term_string\"}}],\"inLanguage\":\"en-US\"},{\"@type\":\"Organization\",\"@id\":\"https:\\\/\\\/referencement-pme.ca\\\/en\\\/#organization\",\"name\":\"SEO SEO agency, Web copywriting, backlinking\",\"alternateName\":\"SEO SEO agency, Web copywriting, backlinking\",\"url\":\"https:\\\/\\\/referencement-pme.ca\\\/en\\\/\",\"logo\":{\"@type\":\"ImageObject\",\"inLanguage\":\"en-US\",\"@id\":\"https:\\\/\\\/referencement-pme.ca\\\/en\\\/#\\\/schema\\\/logo\\\/image\\\/\",\"url\":\"https:\\\/\\\/referencement-pme.ca\\\/wp-content\\\/uploads\\\/2015\\\/08\\\/logo-pme-ref.jpg\",\"contentUrl\":\"https:\\\/\\\/referencement-pme.ca\\\/wp-content\\\/uploads\\\/2015\\\/08\\\/logo-pme-ref.jpg\",\"width\":250,\"height\":75,\"caption\":\"SEO SEO agency, Web copywriting, backlinking\"},\"image\":{\"@id\":\"https:\\\/\\\/referencement-pme.ca\\\/en\\\/#\\\/schema\\\/logo\\\/image\\\/\"}}]}<\/script>\n<!-- \/ Yoast SEO plugin. -->","yoast_head_json":{"title":"Web Content Provider in Montreal - SEO SEO agency, Web copywriting, backlinking","description":"&nbsp; Is this era the death knell for professional writers? Absolutely not! Although the nature of the content provided by a professional writer has","robots":{"index":"index","follow":"follow","max-snippet":"max-snippet:-1","max-image-preview":"max-image-preview:large","max-video-preview":"max-video-preview:-1"},"canonical":"https:\/\/referencement-pme.ca\/en\/web-writing-content-optimized-for-natural-referencing\/web-content-provider-in-montreal\/","og_locale":"en_US","og_type":"article","og_title":"Web Content Provider in Montreal - SEO SEO agency, Web copywriting, backlinking","og_description":"&nbsp; Is this era the death knell for professional writers? Absolutely not! Although the nature of the content provided by a professional writer has","og_url":"https:\/\/referencement-pme.ca\/en\/web-writing-content-optimized-for-natural-referencing\/web-content-provider-in-montreal\/","og_site_name":"SEO SEO agency, Web copywriting, backlinking","article_modified_time":"2025-08-05T20:46:07+00:00","og_image":[{"url":"http:\/\/referencement-pme.ca\/wp-content\/uploads\/2015\/11\/redaction-internet.jpg","type":"","width":"","height":""}],"twitter_card":"summary_large_image","twitter_misc":{"Est. reading time":"3 minutes"},"schema":{"@context":"https:\/\/schema.org","@graph":[{"@type":"WebPage","@id":"https:\/\/referencement-pme.ca\/en\/web-writing-content-optimized-for-natural-referencing\/web-content-provider-in-montreal\/","url":"https:\/\/referencement-pme.ca\/en\/web-writing-content-optimized-for-natural-referencing\/web-content-provider-in-montreal\/","name":"Web Content Provider in Montreal - SEO SEO agency, Web copywriting, backlinking","isPartOf":{"@id":"https:\/\/referencement-pme.ca\/en\/#website"},"primaryImageOfPage":{"@id":"https:\/\/referencement-pme.ca\/en\/web-writing-content-optimized-for-natural-referencing\/web-content-provider-in-montreal\/#primaryimage"},"image":{"@id":"https:\/\/referencement-pme.ca\/en\/web-writing-content-optimized-for-natural-referencing\/web-content-provider-in-montreal\/#primaryimage"},"thumbnailUrl":"http:\/\/referencement-pme.ca\/wp-content\/uploads\/2015\/11\/redaction-internet.jpg","datePublished":"2015-11-10T02:54:13+00:00","dateModified":"2025-08-05T20:46:07+00:00","description":"&nbsp; Is this era the death knell for professional writers? Absolutely not! Although the nature of the content provided by a professional writer has","breadcrumb":{"@id":"https:\/\/referencement-pme.ca\/en\/web-writing-content-optimized-for-natural-referencing\/web-content-provider-in-montreal\/#breadcrumb"},"inLanguage":"en-US","potentialAction":[{"@type":"ReadAction","target":["https:\/\/referencement-pme.ca\/en\/web-writing-content-optimized-for-natural-referencing\/web-content-provider-in-montreal\/"]}]},{"@type":"ImageObject","inLanguage":"en-US","@id":"https:\/\/referencement-pme.ca\/en\/web-writing-content-optimized-for-natural-referencing\/web-content-provider-in-montreal\/#primaryimage","url":"http:\/\/referencement-pme.ca\/wp-content\/uploads\/2015\/11\/redaction-internet.jpg","contentUrl":"http:\/\/referencement-pme.ca\/wp-content\/uploads\/2015\/11\/redaction-internet.jpg"},{"@type":"BreadcrumbList","@id":"https:\/\/referencement-pme.ca\/en\/web-writing-content-optimized-for-natural-referencing\/web-content-provider-in-montreal\/#breadcrumb","itemListElement":[{"@type":"ListItem","position":1,"name":"Reception","item":"https:\/\/referencement-pme.ca\/en\/"},{"@type":"ListItem","position":2,"name":"Web writing, content optimized for natural referencing","item":"https:\/\/referencement-pme.ca\/en\/web-writing-content-optimized-for-natural-referencing\/"},{"@type":"ListItem","position":3,"name":"Web Content Provider in Montreal"}]},{"@type":"WebSite","@id":"https:\/\/referencement-pme.ca\/en\/#website","url":"https:\/\/referencement-pme.ca\/en\/","name":"Agence de r\u00e9f\u00e9rencement Web SEO naturel, R\u00e9daction web, backlinking","description":"SEO and Web Writing, your readability is your visibility","publisher":{"@id":"https:\/\/referencement-pme.ca\/en\/#organization"},"alternateName":"Agence de r\u00e9f\u00e9rencement Web SEO naturel, R\u00e9daction web, backlinking","potentialAction":[{"@type":"SearchAction","target":{"@type":"EntryPoint","urlTemplate":"https:\/\/referencement-pme.ca\/en\/?s={search_term_string}"},"query-input":{"@type":"PropertyValueSpecification","valueRequired":true,"valueName":"search_term_string"}}],"inLanguage":"en-US"},{"@type":"Organization","@id":"https:\/\/referencement-pme.ca\/en\/#organization","name":"SEO SEO agency, Web copywriting, backlinking","alternateName":"SEO SEO agency, Web copywriting, backlinking","url":"https:\/\/referencement-pme.ca\/en\/","logo":{"@type":"ImageObject","inLanguage":"en-US","@id":"https:\/\/referencement-pme.ca\/en\/#\/schema\/logo\/image\/","url":"https:\/\/referencement-pme.ca\/wp-content\/uploads\/2015\/08\/logo-pme-ref.jpg","contentUrl":"https:\/\/referencement-pme.ca\/wp-content\/uploads\/2015\/08\/logo-pme-ref.jpg","width":250,"height":75,"caption":"SEO SEO agency, Web copywriting, backlinking"},"image":{"@id":"https:\/\/referencement-pme.ca\/en\/#\/schema\/logo\/image\/"}}]}},"_links":{"self":[{"href":"https:\/\/referencement-pme.ca\/en\/wp-json\/wp\/v2\/pages\/8663","targetHints":{"allow":["GET"]}}],"collection":[{"href":"https:\/\/referencement-pme.ca\/en\/wp-json\/wp\/v2\/pages"}],"about":[{"href":"https:\/\/referencement-pme.ca\/en\/wp-json\/wp\/v2\/types\/page"}],"author":[{"embeddable":true,"href":"https:\/\/referencement-pme.ca\/en\/wp-json\/wp\/v2\/users\/2"}],"replies":[{"embeddable":true,"href":"https:\/\/referencement-pme.ca\/en\/wp-json\/wp\/v2\/comments?post=8663"}],"version-history":[{"count":1,"href":"https:\/\/referencement-pme.ca\/en\/wp-json\/wp\/v2\/pages\/8663\/revisions"}],"predecessor-version":[{"id":8682,"href":"https:\/\/referencement-pme.ca\/en\/wp-json\/wp\/v2\/pages\/8663\/revisions\/8682"}],"up":[{"embeddable":true,"href":"https:\/\/referencement-pme.ca\/en\/wp-json\/wp\/v2\/pages\/8679"}],"wp:attachment":[{"href":"https:\/\/referencement-pme.ca\/en\/wp-json\/wp\/v2\/media?parent=8663"}],"curies":[{"name":"wp","href":"https:\/\/api.w.org\/{rel}","templated":true}]}}