{"id":8631,"date":"2023-08-10T20:20:16","date_gmt":"2023-08-11T00:20:16","guid":{"rendered":"https:\/\/referencement-pme.ca\/seo-and-seo-training-montreal\/"},"modified":"2025-08-05T16:45:39","modified_gmt":"2025-08-05T20:45:39","slug":"seo-and-seo-training-montreal","status":"publish","type":"page","link":"https:\/\/referencement-pme.ca\/en\/seo-and-seo-training-montreal\/","title":{"rendered":"SEO and SEO training, Montreal"},"content":{"rendered":"<p><script type=\"application\/ld+json\"><span data-mce-type=\"bookmark\" style=\"display: inline-block; width: 0px; overflow: hidden; line-height: 0;\" class=\"mce_SELRES_start\"><\/span>\n{\n  \"@context\": \"http:\/\/schema.org\",\n  \"@type\": \"Course\",\n  \"name\": \"Formation SEO\",\n  \"description\": \"R\u00e9daction optimis\u00e9e SEO.\",\n  \"provider\": {\n    \"@type\": \"Formation priv\u00e9e\",\n    \"name\": \"R\u00e9f\u00e9rencement PME Montr\u00e9al\",\n    \"sameAs\": \"https:\/\/plus.google.com\/+Referencement-pmeCa\/\"\n  }\n}\n<\/script><\/p>\n<blockquote class=\"alignleft\"><p>The presence of <abbr title=\"Small and Medium Business\">SMEs<\/abbr> and <abbr title=\"Small and Medium Industry\">SMIs<\/abbr> on the Internet is now essential in Quebec as elsewhere&#8230; But what presence without referencing?   <\/p><\/blockquote>\n<p>In 2023, the importance of SEO and SEO training for entrepreneurs and SMEs, or business leaders in Montreal, is surely one of the most useful skills!<\/p>\n<p style=\"text-align: justify;\">The SEO that allows a site <a href=\"https:\/\/referencement-pme.ca\/premiere-page-google\/\">to reach the first page on Google&#8217;s SERP<\/a> today is through the triple combination of quality coding free of blocking factors, quality content marketing oriented content and a <a href=\"https:\/\/referencement-pme.ca\/profil-de-lien-apres-pingouin-2\/\">network \/ profile of quality inbound links <\/a>that is constantly evolving. While the code part can be quickly corrected, <a href=\"https:\/\/referencement-pme.ca\/redaction-web-montreal\/\">writing your pages<\/a>, articles and product sheets involves a production effort whose <strong>technical side<\/strong> may seem restrictive. The network of inbound links (link pointing to your site) that will make your reputation on the web is, on the other hand, an in-depth work accessible to all but terribly time-consuming!  <\/p>\n<p>Montreal, being a dynamic metropolis and a digital hub in North America, is full of training and sessions for professionals and amateurs wishing to master the art of natural referencing (SEO). Here is an overview of the possibilities offered for SEO training in Montreal: <\/p>\n<h4><strong>SEO training in specialized web agencies<br \/>\n<\/strong><\/h4>\n<p>Like ours! We have been specializing in SEO in Montreal since 2010, which means, first of all, that we have experience in several markets. We know the local market, consumption habits, <\/p>\n<ul>\n<li><strong>SEO Training in Institutes and Specialized Schools<\/strong><\/li>\n<\/ul>\n<p>Several institutions offer training focused on digital and SEO. These programs are often designed by experts in the field and cover the basics as well as advanced techniques. <\/p>\n<ul>\n<li><strong>SEO training in <\/strong><strong>CEGEPs and Universities<\/strong>:<\/li>\n<\/ul>\n<p>Some CEGEPs and universities offer specialized modules or courses in digital marketing and SEO. It is advisable to consult their respective programs for more details. <\/p>\n<ul>\n<li><strong>SEO training in Private Webmarketing Schools<\/strong>:<\/li>\n<\/ul>\n<p>These institutions focus exclusively on the web and often offer practical and up-to-date training.<\/p>\n<ul>\n<li><strong>SEO training in <\/strong><strong>Workshops and Workshops<\/strong><\/li>\n<\/ul>\n<p>Many SEO experts regularly hold workshops in Montreal. These sessions are often very practical and allow for a direct exchange with professionals in the field. <\/p>\n<ul>\n<li><strong>SEO training in <\/strong><strong>Seminars and Conferences<\/strong><\/li>\n<\/ul>\n<p>Every year, Montreal hosts several conferences on digital marketing and SEO. These events are an opportunity to learn about the latest trends, hear from renowned speakers and network. <\/p>\n<ul>\n<li><strong>Online training<\/strong><\/li>\n<\/ul>\n<p>Although it is not exclusive to Montreal, several online platforms, such as Udemy or Coursera, offer quality SEO training. Some Montreal agencies also offer webinars or online sessions. <\/p>\n<ul>\n<li><strong>Groups and Associations<\/strong><\/li>\n<\/ul>\n<p>Joining SEO groups or associations in Montreal can be a great way to learn. These groups often organize meetings, workshops and exchanges between members. <\/p>\n<h2><strong>Points to consider before choosing a course:<\/strong><\/h2>\n<ul>\n<li><strong>Certification<\/strong>: Some courses offer certification upon completion, which can enhance your resume.<\/li>\n<li><strong>Content Update<\/strong>: The field of SEO is changing rapidly. Make sure the training is regularly updated. <\/li>\n<li><strong>Practice vs. Theory<\/strong>: Focus on training that offers a good balance between theory and practice.<\/li>\n<\/ul>\n<p>&nbsp;<\/p>\n<h2>SME SEO and the optimization of your site<\/h2>\n<p style=\"text-align: justify;\">The support that the <a href=\"https:\/\/referencement-pme.ca\/#agence-seo\">SEO agency<\/a> offers consists, over time and with modifications, <span style=\"text-decoration: underline;\">of making the client more and more autonomous<\/span>. The referencing of a website is never definitively acquired. It must be maintained, refined, refined.  <\/p>\n<div class=\"twf_jefais icon\">  This is why Kristof, the director of the agency, offers a consulting service that is intended to be educational and inexpensive.  <\/div>\n<\/p>\n<p style=\"text-align: justify;\">It consists of:<\/p>\n<ul class=\"list-1\">\n<li>An <a href=\"https:\/\/referencement-pme.ca\/referencement-web-montreal\/audit-site-web\/\">audit<\/a> that identifies the factors blocking your SEO.<\/li>\n<li>A study of keywords and their &#8221; <abbr lang=\"en\" title=\"Search Engine Optimization\">SEO<\/abbr> feasibility&#8221; (you participate).<\/li>\n<li>Consulting on <a href=\"https:\/\/referencement-pme.ca\/redaction-contenu-web-couts-et-considerations\/\">site architecture\/ergonomics<\/a>.<\/li>\n<li>Fix code and <abbr lang=\"en\" title=\"Search Engine Optimization\">SEO<\/abbr> tags (you or your webmaster implement them).<\/li>\n<li>Advice and <a href=\"https:\/\/referencement-pme.ca\/redaction-web-montreal\/\">strategy in content production<\/a> (You will write your texts).<\/li>\n<li><a href=\"https:\/\/referencement-pme.ca\/backlink-referencement-google\/\">Internal networking<\/a> recommendations.<\/li>\n<li>Identification of <a href=\"https:\/\/referencement-pme.ca\/en\/backlink-how-to-the-easy-ones\/\"><em>backlinks <\/em>within reach of your site<\/a>.<\/li>\n<li>Short or full positioning reports<\/li>\n<\/ul>\n<p>Naturally, if you don&#8217;t have the time or interest, we will take care of your site on services such as:<a href=\"http:\/\/referencement-pme.ca\/wp-content\/uploads\/2011\/03\/optimiser-web-par-referencement-pme.png\"><img loading=\"lazy\" decoding=\"async\" class=\"alignright size-medium wp-image-323\" title=\"Optimize your SME SEO\" src=\"https:\/\/referencement-pme.ca\/wp-content\/uploads\/2011\/03\/optimiser-web-par-referencement-pme-300x300.png\" alt=\"SEO support\" width=\"192\" height=\"192\" srcset=\"https:\/\/referencement-pme.ca\/wp-content\/uploads\/2011\/03\/optimiser-web-par-referencement-pme-300x300.png 300w, https:\/\/referencement-pme.ca\/wp-content\/uploads\/2011\/03\/optimiser-web-par-referencement-pme-150x150.png 150w, https:\/\/referencement-pme.ca\/wp-content\/uploads\/2011\/03\/optimiser-web-par-referencement-pme.png 320w\" sizes=\"auto, (max-width: 192px) 100vw, 192px\" \/><\/a><\/p>\n<ul class=\"list-7\">\n<li>Backend optimization <em>, <\/em> code correction.<\/li>\n<li>Identification of key words\/phrases on each page in line with the site.<\/li>\n<li>Menu prioritization \/ navigation ergonomics.<\/li>\n<li><a lang=\"en\" title=\"Optimization Consulting Guide &lt;acronym title=\" href=\"https:\/\/referencement-pme.ca\/en\/onpage-optimization-for-better-seo\/\">SEO for better SEO \/ optimization of your texts<\/a> or<\/li>\n<li><a href=\"https:\/\/referencement-pme.ca\/redaction-web-montreal\/\">Writing your content <\/a>.<\/li>\n<li>Creation of the internal meshing.<\/li>\n<li><a href=\"https:\/\/referencement-pme.ca\/backlink-referencement-google\/\">Backlink creation<\/a> .<\/li>\n<li><a href=\"https:\/\/referencement-pme.ca\/wordpress-referencement-facile\/\">Switch to WordPress CMS<\/a>.<\/li>\n<li>Optimized search engine oriented translation.<\/li>\n<li>Administration of your site (Webmaster)<\/li>\n<\/ul>\n<div class=\"twf_jefais icon\">What I don&#8217;t propose, refuse to do, and which is in no way my work ethic  <\/div>\n<ul class=\"list-3\">\n<li>All practices assimilated <em>black hat<\/em> !<\/li>\n<li>Link farm, satellite sites, <em>cloaking<\/em>.<\/li>\n<li>Spam campaign<\/li>\n<\/ul>\n<p>&nbsp;<\/p>\n<h2>Why is your website not well referenced?<\/h2>\n<p style=\"text-align: justify;\">Creating and putting your website online was a kind of adventure. You put all your heart into it, your photos and your texts. A talented graphic designer has made you a perfect mockup. How much is that now? one, two, three years? That you are looking for yourself on a query like &#8220;Monmetier-Maville&#8221; and that you click to the 5th page to find yourself.     <\/p>\n<p style=\"text-align: justify;\">You like to take care of your site, you have read about SEO, but you lack time, lack information on the evolution of the criteria supported by search engines. With more than 200 criteria in the Google algorithm and 350 admitting changes per year, it&#8217;s not easy to position yourself, it&#8217;s a bit of a jungle. <\/p>\n<p style=\"text-align: justify;\">  Start <a title=\"The SEO caf\u00e9, approach Google referencing for free\" href=\"https:\/\/referencement-pme.ca\/referencement-gratuit-cafe-seo\/\">by participating in the SEO caf\u00e9<\/a> (it&#8217;s free) or give a call, your interlocutor will take the time to explain the basics.<\/p>\n<p style=\"text-align: justify;\">We often call <a title=\"SEO Consultant\" href=\"https:\/\/referencement-pme.ca\/en\/\">the SEO consultant<\/a> as we call a firefighter, he notes many blocking factors, sometimes even advises you to <a title=\"WordPress SEO\" href=\"https:\/\/referencement-pme.ca\/wordpress-referencement-facile\/\">change platforms<\/a> &#8211; the graphic designer has worked with <em>frames, <\/em>everywhere and your texts are images*, your site is <a title=\"Flash and SEO\" href=\"http:\/\/www.journaldunet.com\/solutions\/seo-referencement\/seo-google-penalise-les-sites-mobiles-avec-flash-0714.shtml\" target=\"_blank\" rel=\"noopener noreferrer\">in flash<\/a>, or, more fashionably, <a title=\"Ajax and SEO\" href=\"http:\/\/www.seomix.fr\/seo-ajax\/\" target=\"_blank\" rel=\"noopener noreferrer\">in ajax<\/a> or <a title=\"Parallax and SEO\" href=\"http:\/\/www.disko.fr\/reflexions\/user-experience\/quand-le-parallaxe-rencontre-le-seo\/\" target=\"_blank\" rel=\"noopener noreferrer\">paralax<\/a>.<\/p>\n<p style=\"text-align: justify;\">These choices are indeed &#8220;fun&#8221; but involve a superior SEO <acronym lang=\"en\" title=\"Search Engine Optimization\">job that most<\/acronym> developers and graphic designers don&#8217;t know about.<br \/>\nThis change of platform is often less expensive than an improbable or lost optimization.<\/p>\n<div class=\"twf_info icon\">  Your positions in search engine results are average&#8230; Bad? Missing from the SERP? Not sure where to start? For a review of your website, call 438 875 0503 or contact us <a href=\"https:\/\/referencement-pme.ca\/contact-referencement-pme-montreal\/\">via the contact form<\/a>   <\/div>\n<p>* Classic example<\/p>\n<h2>SME SEO trains you in web referencing<\/h2>\n<ul>\n<li><a href=\"https:\/\/referencement-pme.ca\/en\/seo-and-seo-training-montreal\/\">SEO Training<\/a><\/li>\n<li><a href=\"https:\/\/referencement-pme.ca\/formation-a-la-redaction-web-seo\/cours-referencement-web-seo\/\">SEO Lesson Plan<\/a><\/li>\n<li><a href=\"https:\/\/referencement-pme.ca\/formation-a-la-redaction-web-seo\/\">Optimized Web Writing Training<\/a><\/li>\n<li><a href=\"https:\/\/referencement-pme.ca\/en\/from-16-to-235006-page-views-per-month\/\">from 16 to 48500 visits per month<\/a><\/li>\n<\/ul>\n<h2>SEO training and course references<\/h2>\n<ul>\n<li>R\u00e9f\u00e9rencement <acronym title=\"Small Medium Business\">PME<\/acronym> is a member of <a title=\"Doyouseo, the association of Quebec SEOs\" href=\"https:\/\/referencement-pme.ca\/doyouseo-referenceurs-quebec\/\">Doyouseo<\/a>, the association of SEO experts in Quebec.<\/li>\n<li>Kristof is a speaker for <a href=\"http:\/\/www.challenge-action.com\/\" target=\"_blank\" rel=\"noopener noreferrer\">Challenge Action<\/a>, and gives <a href=\"http:\/\/www.challenge-action.com\/formations\/web\/formation-seo-montreal\/\" target=\"_blank\" rel=\"noopener noreferrer\">SEO training conferences<\/a> 4 times a year.<\/li>\n<li><a href=\"http:\/\/coursici.com\/cours\/cours-de-referencement-seo-montreal\/\">Approved by coursici.com for SEO<\/a> in Quebec<\/li>\n<li>Trainer-lecturer for the CCIFC in Montreal (French Chamber of Commerce in Canada).<\/li>\n<li>Report of the participants in the conference given at the Acton Vale Chamber of Commerce.<\/li>\n<li>Trainer for Web agencies or content providers\n<ul>\n<li>Grisgris<\/li>\n<li>Textual<\/li>\n<li>Powersurfer<\/li>\n<li>Titeperinne<\/li>\n<li>Web-Effect<\/li>\n<li>Challenge action<\/li>\n<li>Appcom<\/li>\n<li>Virus Health Communication<\/li>\n<li>Koncept Web<\/li>\n<li>Theme-WordPress- English<\/li>\n<\/ul>\n<\/li>\n<\/ul>\n","protected":false},"excerpt":{"rendered":"<p>The presence of SMEs and SMIs on the Internet is now essential in Quebec as elsewhere&#8230; But what presence without referencing? In 2023, the importance of SEO and SEO training for entrepreneurs and SMEs, or business leaders in Montreal, is surely one of the most useful skills! The SEO that allows a site to reach &#8230;<\/p>\n","protected":false},"author":2,"featured_media":7914,"parent":0,"menu_order":0,"comment_status":"closed","ping_status":"open","template":"","meta":{"_lmt_disableupdate":"","_lmt_disable":"","_genesis_hide_title":false,"_genesis_hide_breadcrumbs":false,"_genesis_hide_singular_image":false,"_genesis_hide_footer_widgets":false,"_genesis_custom_body_class":"","_genesis_custom_post_class":"","_genesis_layout":"sidebar-content","footnotes":""},"class_list":{"0":"post-8631","1":"page","2":"type-page","3":"status-publish","4":"has-post-thumbnail","6":"entry"},"yoast_head":"<!-- This site is optimized with the Yoast SEO plugin v27.5 - https:\/\/yoast.com\/product\/yoast-seo-wordpress\/ -->\n<title>SEO and SEO training, Montreal - SEO SEO agency, Web copywriting, backlinking<\/title>\n<meta name=\"description\" content=\"In 2023, the importance of SEO and SEO training for entrepreneurs and SMEs, or business leaders in Montreal, is surely one of the most useful skills! The\" \/>\n<meta name=\"robots\" content=\"index, follow, max-snippet:-1, max-image-preview:large, max-video-preview:-1\" \/>\n<link rel=\"canonical\" href=\"https:\/\/referencement-pme.ca\/en\/seo-and-seo-training-montreal\/\" \/>\n<meta property=\"og:locale\" content=\"en_US\" \/>\n<meta property=\"og:type\" content=\"article\" \/>\n<meta property=\"og:title\" content=\"SEO and SEO training, Montreal - SEO SEO agency, Web copywriting, backlinking\" \/>\n<meta property=\"og:description\" content=\"In 2023, the importance of SEO and SEO training for entrepreneurs and SMEs, or business leaders in Montreal, is surely one of the most useful skills! The\" \/>\n<meta property=\"og:url\" content=\"https:\/\/referencement-pme.ca\/en\/seo-and-seo-training-montreal\/\" \/>\n<meta property=\"og:site_name\" content=\"SEO SEO agency, Web copywriting, backlinking\" \/>\n<meta property=\"article:modified_time\" content=\"2025-08-05T20:45:39+00:00\" \/>\n<meta property=\"og:image\" content=\"https:\/\/referencement-pme.ca\/wp-content\/uploads\/2011\/03\/optimiser-web-par-referencement-pme.png\" \/>\n\t<meta property=\"og:image:width\" content=\"320\" \/>\n\t<meta property=\"og:image:height\" content=\"320\" \/>\n\t<meta property=\"og:image:type\" content=\"image\/png\" \/>\n<meta name=\"twitter:card\" content=\"summary_large_image\" \/>\n<meta name=\"twitter:label1\" content=\"Est. reading time\" \/>\n\t<meta name=\"twitter:data1\" content=\"6 minutes\" \/>\n<script type=\"application\/ld+json\" class=\"yoast-schema-graph\">{\"@context\":\"https:\\\/\\\/schema.org\",\"@graph\":[{\"@type\":\"WebPage\",\"@id\":\"https:\\\/\\\/referencement-pme.ca\\\/en\\\/seo-and-seo-training-montreal\\\/\",\"url\":\"https:\\\/\\\/referencement-pme.ca\\\/en\\\/seo-and-seo-training-montreal\\\/\",\"name\":\"SEO and SEO training, Montreal - SEO SEO agency, Web copywriting, backlinking\",\"isPartOf\":{\"@id\":\"https:\\\/\\\/referencement-pme.ca\\\/en\\\/#website\"},\"primaryImageOfPage\":{\"@id\":\"https:\\\/\\\/referencement-pme.ca\\\/en\\\/seo-and-seo-training-montreal\\\/#primaryimage\"},\"image\":{\"@id\":\"https:\\\/\\\/referencement-pme.ca\\\/en\\\/seo-and-seo-training-montreal\\\/#primaryimage\"},\"thumbnailUrl\":\"https:\\\/\\\/referencement-pme.ca\\\/wp-content\\\/uploads\\\/2011\\\/03\\\/optimiser-web-par-referencement-pme.png\",\"datePublished\":\"2023-08-11T00:20:16+00:00\",\"dateModified\":\"2025-08-05T20:45:39+00:00\",\"description\":\"In 2023, the importance of SEO and SEO training for entrepreneurs and SMEs, or business leaders in Montreal, is surely one of the most useful skills! The\",\"breadcrumb\":{\"@id\":\"https:\\\/\\\/referencement-pme.ca\\\/en\\\/seo-and-seo-training-montreal\\\/#breadcrumb\"},\"inLanguage\":\"en-US\",\"potentialAction\":[{\"@type\":\"ReadAction\",\"target\":[\"https:\\\/\\\/referencement-pme.ca\\\/en\\\/seo-and-seo-training-montreal\\\/\"]}]},{\"@type\":\"ImageObject\",\"inLanguage\":\"en-US\",\"@id\":\"https:\\\/\\\/referencement-pme.ca\\\/en\\\/seo-and-seo-training-montreal\\\/#primaryimage\",\"url\":\"https:\\\/\\\/referencement-pme.ca\\\/wp-content\\\/uploads\\\/2011\\\/03\\\/optimiser-web-par-referencement-pme.png\",\"contentUrl\":\"https:\\\/\\\/referencement-pme.ca\\\/wp-content\\\/uploads\\\/2011\\\/03\\\/optimiser-web-par-referencement-pme.png\",\"width\":320,\"height\":320,\"caption\":\"prise en charge du r\u00e9f\u00e9rencement\"},{\"@type\":\"BreadcrumbList\",\"@id\":\"https:\\\/\\\/referencement-pme.ca\\\/en\\\/seo-and-seo-training-montreal\\\/#breadcrumb\",\"itemListElement\":[{\"@type\":\"ListItem\",\"position\":1,\"name\":\"Reception\",\"item\":\"https:\\\/\\\/referencement-pme.ca\\\/en\\\/\"},{\"@type\":\"ListItem\",\"position\":2,\"name\":\"SEO and SEO training, Montreal\"}]},{\"@type\":\"WebSite\",\"@id\":\"https:\\\/\\\/referencement-pme.ca\\\/en\\\/#website\",\"url\":\"https:\\\/\\\/referencement-pme.ca\\\/en\\\/\",\"name\":\"Agence de r\u00e9f\u00e9rencement Web SEO naturel, R\u00e9daction web, backlinking\",\"description\":\"SEO and Web Writing, your readability is your visibility\",\"publisher\":{\"@id\":\"https:\\\/\\\/referencement-pme.ca\\\/en\\\/#organization\"},\"alternateName\":\"Agence de r\u00e9f\u00e9rencement Web SEO naturel, R\u00e9daction web, backlinking\",\"potentialAction\":[{\"@type\":\"SearchAction\",\"target\":{\"@type\":\"EntryPoint\",\"urlTemplate\":\"https:\\\/\\\/referencement-pme.ca\\\/en\\\/?s={search_term_string}\"},\"query-input\":{\"@type\":\"PropertyValueSpecification\",\"valueRequired\":true,\"valueName\":\"search_term_string\"}}],\"inLanguage\":\"en-US\"},{\"@type\":\"Organization\",\"@id\":\"https:\\\/\\\/referencement-pme.ca\\\/en\\\/#organization\",\"name\":\"SEO SEO agency, Web copywriting, backlinking\",\"alternateName\":\"SEO SEO agency, Web copywriting, backlinking\",\"url\":\"https:\\\/\\\/referencement-pme.ca\\\/en\\\/\",\"logo\":{\"@type\":\"ImageObject\",\"inLanguage\":\"en-US\",\"@id\":\"https:\\\/\\\/referencement-pme.ca\\\/en\\\/#\\\/schema\\\/logo\\\/image\\\/\",\"url\":\"https:\\\/\\\/referencement-pme.ca\\\/wp-content\\\/uploads\\\/2015\\\/08\\\/logo-pme-ref.jpg\",\"contentUrl\":\"https:\\\/\\\/referencement-pme.ca\\\/wp-content\\\/uploads\\\/2015\\\/08\\\/logo-pme-ref.jpg\",\"width\":250,\"height\":75,\"caption\":\"SEO SEO agency, Web copywriting, backlinking\"},\"image\":{\"@id\":\"https:\\\/\\\/referencement-pme.ca\\\/en\\\/#\\\/schema\\\/logo\\\/image\\\/\"}}]}<\/script>\n<!-- \/ Yoast SEO plugin. -->","yoast_head_json":{"title":"SEO and SEO training, Montreal - SEO SEO agency, Web copywriting, backlinking","description":"In 2023, the importance of SEO and SEO training for entrepreneurs and SMEs, or business leaders in Montreal, is surely one of the most useful skills! The","robots":{"index":"index","follow":"follow","max-snippet":"max-snippet:-1","max-image-preview":"max-image-preview:large","max-video-preview":"max-video-preview:-1"},"canonical":"https:\/\/referencement-pme.ca\/en\/seo-and-seo-training-montreal\/","og_locale":"en_US","og_type":"article","og_title":"SEO and SEO training, Montreal - SEO SEO agency, Web copywriting, backlinking","og_description":"In 2023, the importance of SEO and SEO training for entrepreneurs and SMEs, or business leaders in Montreal, is surely one of the most useful skills! The","og_url":"https:\/\/referencement-pme.ca\/en\/seo-and-seo-training-montreal\/","og_site_name":"SEO SEO agency, Web copywriting, backlinking","article_modified_time":"2025-08-05T20:45:39+00:00","og_image":[{"width":320,"height":320,"url":"https:\/\/referencement-pme.ca\/wp-content\/uploads\/2011\/03\/optimiser-web-par-referencement-pme.png","type":"image\/png"}],"twitter_card":"summary_large_image","twitter_misc":{"Est. reading time":"6 minutes"},"schema":{"@context":"https:\/\/schema.org","@graph":[{"@type":"WebPage","@id":"https:\/\/referencement-pme.ca\/en\/seo-and-seo-training-montreal\/","url":"https:\/\/referencement-pme.ca\/en\/seo-and-seo-training-montreal\/","name":"SEO and SEO training, Montreal - SEO SEO agency, Web copywriting, backlinking","isPartOf":{"@id":"https:\/\/referencement-pme.ca\/en\/#website"},"primaryImageOfPage":{"@id":"https:\/\/referencement-pme.ca\/en\/seo-and-seo-training-montreal\/#primaryimage"},"image":{"@id":"https:\/\/referencement-pme.ca\/en\/seo-and-seo-training-montreal\/#primaryimage"},"thumbnailUrl":"https:\/\/referencement-pme.ca\/wp-content\/uploads\/2011\/03\/optimiser-web-par-referencement-pme.png","datePublished":"2023-08-11T00:20:16+00:00","dateModified":"2025-08-05T20:45:39+00:00","description":"In 2023, the importance of SEO and SEO training for entrepreneurs and SMEs, or business leaders in Montreal, is surely one of the most useful skills! The","breadcrumb":{"@id":"https:\/\/referencement-pme.ca\/en\/seo-and-seo-training-montreal\/#breadcrumb"},"inLanguage":"en-US","potentialAction":[{"@type":"ReadAction","target":["https:\/\/referencement-pme.ca\/en\/seo-and-seo-training-montreal\/"]}]},{"@type":"ImageObject","inLanguage":"en-US","@id":"https:\/\/referencement-pme.ca\/en\/seo-and-seo-training-montreal\/#primaryimage","url":"https:\/\/referencement-pme.ca\/wp-content\/uploads\/2011\/03\/optimiser-web-par-referencement-pme.png","contentUrl":"https:\/\/referencement-pme.ca\/wp-content\/uploads\/2011\/03\/optimiser-web-par-referencement-pme.png","width":320,"height":320,"caption":"prise en charge du r\u00e9f\u00e9rencement"},{"@type":"BreadcrumbList","@id":"https:\/\/referencement-pme.ca\/en\/seo-and-seo-training-montreal\/#breadcrumb","itemListElement":[{"@type":"ListItem","position":1,"name":"Reception","item":"https:\/\/referencement-pme.ca\/en\/"},{"@type":"ListItem","position":2,"name":"SEO and SEO training, Montreal"}]},{"@type":"WebSite","@id":"https:\/\/referencement-pme.ca\/en\/#website","url":"https:\/\/referencement-pme.ca\/en\/","name":"Agence de r\u00e9f\u00e9rencement Web SEO naturel, R\u00e9daction web, backlinking","description":"SEO and Web Writing, your readability is your visibility","publisher":{"@id":"https:\/\/referencement-pme.ca\/en\/#organization"},"alternateName":"Agence de r\u00e9f\u00e9rencement Web SEO naturel, R\u00e9daction web, backlinking","potentialAction":[{"@type":"SearchAction","target":{"@type":"EntryPoint","urlTemplate":"https:\/\/referencement-pme.ca\/en\/?s={search_term_string}"},"query-input":{"@type":"PropertyValueSpecification","valueRequired":true,"valueName":"search_term_string"}}],"inLanguage":"en-US"},{"@type":"Organization","@id":"https:\/\/referencement-pme.ca\/en\/#organization","name":"SEO SEO agency, Web copywriting, backlinking","alternateName":"SEO SEO agency, Web copywriting, backlinking","url":"https:\/\/referencement-pme.ca\/en\/","logo":{"@type":"ImageObject","inLanguage":"en-US","@id":"https:\/\/referencement-pme.ca\/en\/#\/schema\/logo\/image\/","url":"https:\/\/referencement-pme.ca\/wp-content\/uploads\/2015\/08\/logo-pme-ref.jpg","contentUrl":"https:\/\/referencement-pme.ca\/wp-content\/uploads\/2015\/08\/logo-pme-ref.jpg","width":250,"height":75,"caption":"SEO SEO agency, Web copywriting, backlinking"},"image":{"@id":"https:\/\/referencement-pme.ca\/en\/#\/schema\/logo\/image\/"}}]}},"_links":{"self":[{"href":"https:\/\/referencement-pme.ca\/en\/wp-json\/wp\/v2\/pages\/8631","targetHints":{"allow":["GET"]}}],"collection":[{"href":"https:\/\/referencement-pme.ca\/en\/wp-json\/wp\/v2\/pages"}],"about":[{"href":"https:\/\/referencement-pme.ca\/en\/wp-json\/wp\/v2\/types\/page"}],"author":[{"embeddable":true,"href":"https:\/\/referencement-pme.ca\/en\/wp-json\/wp\/v2\/users\/2"}],"replies":[{"embeddable":true,"href":"https:\/\/referencement-pme.ca\/en\/wp-json\/wp\/v2\/comments?post=8631"}],"version-history":[{"count":0,"href":"https:\/\/referencement-pme.ca\/en\/wp-json\/wp\/v2\/pages\/8631\/revisions"}],"wp:featuredmedia":[{"embeddable":true,"href":"https:\/\/referencement-pme.ca\/en\/wp-json\/wp\/v2\/media\/7914"}],"wp:attachment":[{"href":"https:\/\/referencement-pme.ca\/en\/wp-json\/wp\/v2\/media?parent=8631"}],"curies":[{"name":"wp","href":"https:\/\/api.w.org\/{rel}","templated":true}]}}